{"id":10945,"date":"2025-10-06T17:52:18","date_gmt":"2025-10-06T20:52:18","guid":{"rendered":"https:\/\/gracelandjuegos.com.ar\/web\/?post_type=product&#038;p=10945"},"modified":"2026-02-17T20:13:42","modified_gmt":"2026-02-17T23:13:42","slug":"regicide","status":"publish","type":"product","link":"https:\/\/gracelandjuegos.com.ar\/web\/product\/regicide\/","title":{"rendered":"Regicide"},"content":{"rendered":"<p>Regicide es un juego de cartas cooperativo. El objetivo del juego es unir fuerzas para derrotar a 12 poderosos enemigos.<\/p>\n<p>Una corrupci\u00f3n siniestra se ha expandido por los cuatro reinos, oscureciendo el coraz\u00f3n de los anta\u00f1o amados reyes, reinas y cortesanos. Como bravos aventureros, deben cooperar para purgar su oscuridad y que la vida vuelva a brotar una vez m\u00e1s. Para conseguirlo, los jugadores usar\u00e1n sus cartas, inspiradas en la baraja francesa, para atacar y defenderse.<\/p>\n<p>En cada turno, los jugadores deber\u00e1n seguir 4 sencillos pasos. En primer lugar, el jugador activo deber\u00e1 decidir si juega una carta de su mano o si pasa; si opta por pasar, salta directamente al \u00faltimo paso, que consiste en defenderse del ataque enemigo. Si juega una carta, se considera que ataca usando el valor num\u00e9rico del naipe. El segundo paso consiste en aplicar el poder de la carta, cosa que viene determinada por el palo. As\u00ed, los corazones permiten reciclar cartas descartadas; los diamantes, robar cartas del mazo de taberna; los tr\u00e9boles doblan el da\u00f1o de ataque y las picas proporcionan defensa. El tercer paso consiste en atacar, aplicando el da\u00f1o que nos indica el valor num\u00e9rico y usando el poder correspondiente. \u00a1Pero cuidado! Los enemigos ser\u00e1n inmunes a los poderes del palo que representan&#8230; \u00a1No todo iba a ser tan f\u00e1cil! Finalmente, el \u00faltimo paso consiste en defenderse del ataque enemigo. Para evitar el da\u00f1o, los jugadores deber\u00e1n descartar cartas.<\/p>\n","protected":false},"excerpt":{"rendered":"<p>G\u00e9nero: Familiar, Estrategia.<br \/>\nCategor\u00edas: Cartas, Fantas\u00eda, Combate,Manejo de Mano, Comunicaci\u00f3n Limitada, Cooperativo.<br \/>\nDise\u00f1ado Por: <span class=\"ng-scope\"><span class=\"ng-binding\">Paul Abrahams<\/span>,\u00a0<\/span><span class=\"ng-scope\"><span class=\"ng-binding\">Luke Badger<\/span>,\u00a0<\/span><span class=\"ng-scope\"><span class=\"ng-binding\">Andy Richdale<\/span><\/span><br \/>\nEditorial: Devir<br \/>\nEdad M\u00ednima Recomendada: 10 A\u00f1os<br \/>\nDificultad: 1,96\/5<br \/>\nN\u00ba de Jugadores: 1 a 4<br \/>\nDuraci\u00f3n Promedio de la Partida: 15 Minutos<br \/>\nIdioma: Espa\u00f1ol<\/p>\n","protected":false},"featured_media":10941,"comment_status":"closed","ping_status":"closed","template":"","meta":[],"product_brand":[],"product_cat":[339,243],"product_tag":[],"class_list":{"0":"post-10945","1":"product","2":"type-product","3":"status-publish","4":"has-post-thumbnail","6":"product_cat-devir","7":"product_cat-juegos-de-mesa","9":"first","10":"instock","11":"shipping-taxable","12":"purchasable","13":"product-type-simple"},"_links":{"self":[{"href":"https:\/\/gracelandjuegos.com.ar\/web\/wp-json\/wp\/v2\/product\/10945","targetHints":{"allow":["GET"]}}],"collection":[{"href":"https:\/\/gracelandjuegos.com.ar\/web\/wp-json\/wp\/v2\/product"}],"about":[{"href":"https:\/\/gracelandjuegos.com.ar\/web\/wp-json\/wp\/v2\/types\/product"}],"replies":[{"embeddable":true,"href":"https:\/\/gracelandjuegos.com.ar\/web\/wp-json\/wp\/v2\/comments?post=10945"}],"wp:featuredmedia":[{"embeddable":true,"href":"https:\/\/gracelandjuegos.com.ar\/web\/wp-json\/wp\/v2\/media\/10941"}],"wp:attachment":[{"href":"https:\/\/gracelandjuegos.com.ar\/web\/wp-json\/wp\/v2\/media?parent=10945"}],"wp:term":[{"taxonomy":"product_brand","embeddable":true,"href":"https:\/\/gracelandjuegos.com.ar\/web\/wp-json\/wp\/v2\/product_brand?post=10945"},{"taxonomy":"product_cat","embeddable":true,"href":"https:\/\/gracelandjuegos.com.ar\/web\/wp-json\/wp\/v2\/product_cat?post=10945"},{"taxonomy":"product_tag","embeddable":true,"href":"https:\/\/gracelandjuegos.com.ar\/web\/wp-json\/wp\/v2\/product_tag?post=10945"}],"curies":[{"name":"wp","href":"https:\/\/api.w.org\/{rel}","templated":true}]}}