{"id":10943,"date":"2025-10-06T17:49:06","date_gmt":"2025-10-06T20:49:06","guid":{"rendered":"https:\/\/gracelandjuegos.com.ar\/web\/?post_type=product&#038;p=10943"},"modified":"2026-02-17T20:13:55","modified_gmt":"2026-02-17T23:13:55","slug":"el-abejorro-tramposo","status":"publish","type":"product","link":"https:\/\/gracelandjuegos.com.ar\/web\/product\/el-abejorro-tramposo\/","title":{"rendered":"El Abejorro Tramposo"},"content":{"rendered":"<p>El Abejorro Tramposo es un juego de rapidez en el que intentar\u00e1s deshacerte de todas las cartas de tu mano para ganar y para eso&#8230; \u00a1deber\u00e1s hacer trampa!<\/p>\n<p>Siguiendo el orden de turno, cada jugador tiene que jugar una carta que debe mostrar una flor que tenga, como m\u00ednimo, uno de los colores de la flor de la carta superior de la pila de descarte. No importa qu\u00e9 parte de la flor muestre el mismo color. Siempre hay dos posibles colores que puedes jugar, por ejemplo: sobre una flor azul y roja, solo se puede jugar una flor que muestre el color azul, el rojo o ambos colores. Hay cartas normales de flores y cartas de acci\u00f3n.<\/p>\n<p>Entre cada jugador y su vecino, deber\u00eda haber colocada una carta de langosta. En cualquier momento durante la partida, los jugadores pueden intentar robar las langostas de los jugadores sentados a su lado. Cuando alguien roba una langosta al vecino, si este se da cuenta, puede reclamarla siempre que a\u00fan no se haya jugado ninguna otra carta en la pila de descarte (de hecho, si la siguiente carta jugada es una carta del propio ladr\u00f3n, el robo debe permanecer oculto una carta m\u00e1s para considerar que ha tenido \u00e9xito).<\/p>\n<p>Cuando alguien juega una carta de abeja polinizadora, este jugador debe decir: &#8220;\u00a1Polinizaci\u00f3n!&#8221;, agarrar la carta de polen, e intentar tocar a otro jugador con ella. Si lo consigue, el jugador que ha sido tocado con el polen debe robar dos cartas del mazo. Otra carta de acci\u00f3n son las avispas, en las que hay que fijarse bien: si la avispa no tiene aguij\u00f3n, todos los jugadores menos el que ha jugado la carta tienen que golpear la carta lo m\u00e1s r\u00e1pido posible, y el \u00faltimo en hacerlo recibe una carta de todos los dem\u00e1s jugadores. \u00a1Pero cuidado! Si es una avispa que tiene aguij\u00f3n, el primer jugador que se confunde y la golpea recibe una carta de los dem\u00e1s jugadores.<\/p>\n<p>Otras cartas son las telara\u00f1as y las ara\u00f1as. La telara\u00f1a se puede jugar sobre cualquier carta (independientemente de los colores). Luego, el siguiente jugador tendr\u00e1 que jugar una carta que muestre una ara\u00f1a; si no tiene ninguna, deber\u00e1 robar una carta del mazo y el turno pasar\u00e1 al siguiente jugador, que tambi\u00e9n tendr\u00e1 que jugar una ara\u00f1a y as\u00ed hasta que alguien juegue una ara\u00f1a. La ultima carta de acci\u00f3n posible es la mariposa. Cuando un jugador juegue esta carta, este jugador puede entregar una carta de su mano a cualquier otro jugador.<\/p>\n<p>Encima de las acciones locas, hay que hacer trampas. Hay una carta que no se puede jugar en la pila: el abejorro tramposo. Aprovechando el caos de las cartas de acci\u00f3n, los jugadores deber\u00edan intentar deshacerse de los abejorros tramposos que tengan en la mano. Hay que ser muy sigiloso porque uno de los jugadores es el gusano guardi\u00e1n. El gusano guardi\u00e1n vigila para descubrir a los dem\u00e1s jugadores haciendo trampas y cuando descubre a uno, lo anuncia en voz alta. Si ese jugador estaba haciendo trampas, tiene que agarrar las cartas de su trampa y se convierte en el gusano guardi\u00e1n.<\/p>\n","protected":false},"excerpt":{"rendered":"<p>G\u00e9nero: Party.<br \/>\nCategor\u00edas: Cartas, Insectos, Manejo de Mano, Trampas.<br \/>\nDise\u00f1ado Por: <span class=\"ng-scope\"><span class=\"ng-binding\">Emely Brand<\/span>,\u00a0<\/span><span class=\"ng-scope\"><span class=\"ng-binding\">Lukas Brand<\/span><\/span><br \/>\nEditorial: Devir<br \/>\nEdad M\u00ednima Recomendada: 7 A\u00f1os<br \/>\nDificultad: 1,25\/5<br \/>\nN\u00ba de Jugadores: 3 a 5<br \/>\nDuraci\u00f3n Promedio de la Partida: 30 Minutos<br \/>\nIdioma: Espa\u00f1ol<\/p>\n","protected":false},"featured_media":10938,"comment_status":"closed","ping_status":"closed","template":"","meta":[],"product_brand":[],"product_cat":[339,243],"product_tag":[],"class_list":{"0":"post-10943","1":"product","2":"type-product","3":"status-publish","4":"has-post-thumbnail","6":"product_cat-devir","7":"product_cat-juegos-de-mesa","9":"first","10":"instock","11":"shipping-taxable","12":"purchasable","13":"product-type-simple"},"_links":{"self":[{"href":"https:\/\/gracelandjuegos.com.ar\/web\/wp-json\/wp\/v2\/product\/10943","targetHints":{"allow":["GET"]}}],"collection":[{"href":"https:\/\/gracelandjuegos.com.ar\/web\/wp-json\/wp\/v2\/product"}],"about":[{"href":"https:\/\/gracelandjuegos.com.ar\/web\/wp-json\/wp\/v2\/types\/product"}],"replies":[{"embeddable":true,"href":"https:\/\/gracelandjuegos.com.ar\/web\/wp-json\/wp\/v2\/comments?post=10943"}],"wp:featuredmedia":[{"embeddable":true,"href":"https:\/\/gracelandjuegos.com.ar\/web\/wp-json\/wp\/v2\/media\/10938"}],"wp:attachment":[{"href":"https:\/\/gracelandjuegos.com.ar\/web\/wp-json\/wp\/v2\/media?parent=10943"}],"wp:term":[{"taxonomy":"product_brand","embeddable":true,"href":"https:\/\/gracelandjuegos.com.ar\/web\/wp-json\/wp\/v2\/product_brand?post=10943"},{"taxonomy":"product_cat","embeddable":true,"href":"https:\/\/gracelandjuegos.com.ar\/web\/wp-json\/wp\/v2\/product_cat?post=10943"},{"taxonomy":"product_tag","embeddable":true,"href":"https:\/\/gracelandjuegos.com.ar\/web\/wp-json\/wp\/v2\/product_tag?post=10943"}],"curies":[{"name":"wp","href":"https:\/\/api.w.org\/{rel}","templated":true}]}}