{"id":10930,"date":"2025-08-14T16:03:05","date_gmt":"2025-08-14T19:03:05","guid":{"rendered":"https:\/\/gracelandjuegos.com.ar\/web\/?post_type=product&#038;p=10930"},"modified":"2025-09-10T15:29:00","modified_gmt":"2025-09-10T18:29:00","slug":"vamos-a-pegarnos-con-espadas-de-mentira","status":"publish","type":"product","link":"https:\/\/gracelandjuegos.com.ar\/web\/product\/vamos-a-pegarnos-con-espadas-de-mentira\/","title":{"rendered":"Vamos a Pegarnos Con Espadas de Mentira"},"content":{"rendered":"<p data-start=\"0\" data-end=\"107\">En Vamos a Pegarnos con Espadas de Mentira te vas a tener que pegar con espadas de mentira. \u00bfPara qu\u00e9? Para ganar cartas de acci\u00f3n. Junt\u00e1 tres cartas del mismo color y form\u00e1s un set; junt\u00e1 tres sets antes que nadie y gan\u00e1s.<\/p>\n<p data-start=\"0\" data-end=\"107\">En cada ronda, el jefe de la pelea divide las cartas en montones y, despu\u00e9s de una cuenta regresiva 3-2-1, todos se\u00f1alan el mont\u00f3n que quieren. Si nadie m\u00e1s eligi\u00f3 ese mont\u00f3n, te lo llev\u00e1s y pon\u00e9s esas cartas (o carta) frente a vos. Si nadie se\u00f1ala un mont\u00f3n, ese mont\u00f3n se descarta. Si varias personas se\u00f1alan el mismo mont\u00f3n (o varios montones tienen m\u00e1s de una persona se\u00f1al\u00e1ndolos), el jefe de la pelea elige qu\u00e9 dos personas que se\u00f1alaron ese mont\u00f3n van a pelear, y esos jugadores intentan pegarse con las espadas de mentira \u2014 pero tienen que seguir todas las reglas que dicen las cartas por las que est\u00e1n peleando.<\/p>\n<p data-start=\"0\" data-end=\"107\">Capaz ten\u00e9s que pararte en una pierna, o manejar la espada sin doblar el codo, o llevar la cuenta de las cosas que pegan\u2026 \u00a1o tal vez ten\u00e9s que hacer las tres cosas juntas!<\/p>\n<p data-start=\"0\" data-end=\"107\">Si el jefe de la pelea ve que un jugador rompe alguna regla \u2014 como no respetar una carta o pegarle a la cabeza o al brazo del otro \u2014 gana el otro jugador. Si un jugador pega a su oponente en el pecho o la espalda (o cumple la condici\u00f3n de victoria que dice una carta), se queda con todas las cartas de ese mont\u00f3n. El resto que se\u00f1al\u00f3 ese mismo mont\u00f3n no gana nada.<\/p>\n","protected":false},"excerpt":{"rendered":"<p>G\u00e9nero: Party.<br \/>\nCategor\u00edas: Cartas, Destreza, Tiempo Real, Colecciones, Take That.<br \/>\nDise\u00f1ado Por: <span class=\"ng-scope\"><span class=\"ng-binding\">Ian Clayman<\/span>,\u00a0<\/span><span class=\"ng-scope\"><span class=\"ng-binding\">Mary Georgescu<\/span>,\u00a0<\/span><span class=\"ng-scope\"><span class=\"ng-binding\">Eric M. Lang<\/span><\/span><br \/>\nEditorial: Top Toys<br \/>\nEdad M\u00ednima Recomendada: 7 A\u00f1os<br \/>\nDificultad: 1,00\/5<br \/>\nN\u00ba de Jugadores: 3 a 6<br \/>\nDuraci\u00f3n Promedio de la Partida: 15 Minutos<br \/>\nIdioma: Espa\u00f1ol<\/p>\n","protected":false},"featured_media":10928,"comment_status":"closed","ping_status":"closed","template":"","meta":[],"product_brand":[],"product_cat":[243,328,351],"product_tag":[],"class_list":{"0":"post-10930","1":"product","2":"type-product","3":"status-publish","4":"has-post-thumbnail","6":"product_cat-juegos-de-mesa","7":"product_cat-novedades","8":"product_cat-top-toys","10":"first","11":"instock","12":"shipping-taxable","13":"purchasable","14":"product-type-simple"},"_links":{"self":[{"href":"https:\/\/gracelandjuegos.com.ar\/web\/wp-json\/wp\/v2\/product\/10930","targetHints":{"allow":["GET"]}}],"collection":[{"href":"https:\/\/gracelandjuegos.com.ar\/web\/wp-json\/wp\/v2\/product"}],"about":[{"href":"https:\/\/gracelandjuegos.com.ar\/web\/wp-json\/wp\/v2\/types\/product"}],"replies":[{"embeddable":true,"href":"https:\/\/gracelandjuegos.com.ar\/web\/wp-json\/wp\/v2\/comments?post=10930"}],"wp:featuredmedia":[{"embeddable":true,"href":"https:\/\/gracelandjuegos.com.ar\/web\/wp-json\/wp\/v2\/media\/10928"}],"wp:attachment":[{"href":"https:\/\/gracelandjuegos.com.ar\/web\/wp-json\/wp\/v2\/media?parent=10930"}],"wp:term":[{"taxonomy":"product_brand","embeddable":true,"href":"https:\/\/gracelandjuegos.com.ar\/web\/wp-json\/wp\/v2\/product_brand?post=10930"},{"taxonomy":"product_cat","embeddable":true,"href":"https:\/\/gracelandjuegos.com.ar\/web\/wp-json\/wp\/v2\/product_cat?post=10930"},{"taxonomy":"product_tag","embeddable":true,"href":"https:\/\/gracelandjuegos.com.ar\/web\/wp-json\/wp\/v2\/product_tag?post=10930"}],"curies":[{"name":"wp","href":"https:\/\/api.w.org\/{rel}","templated":true}]}}