{"id":10929,"date":"2025-08-14T15:57:14","date_gmt":"2025-08-14T18:57:14","guid":{"rendered":"https:\/\/gracelandjuegos.com.ar\/web\/?post_type=product&#038;p=10929"},"modified":"2025-09-10T15:29:05","modified_gmt":"2025-09-10T18:29:05","slug":"throw-throw-burrito","status":"publish","type":"product","link":"https:\/\/gracelandjuegos.com.ar\/web\/product\/throw-throw-burrito\/","title":{"rendered":"Throw Throw Burrito"},"content":{"rendered":"<p data-start=\"0\" data-end=\"107\">Throw Throw Burrito es lo que pasa cuando combin\u00e1s un juego de cartas con la diversi\u00f3n de revolearte cosas. Trat\u00e1 de juntar tr\u00edos de cartas m\u00e1s r\u00e1pido que tus oponentes mientras, al mismo tiempo, te agach\u00e1s, esquiv\u00e1s y lanz\u00e1s burritos blanditos por el aire. Las cartas que juntes te dan puntos, pero si te pega un burrito volador, los perd\u00e9s. As\u00ed que hac\u00e9 lugar y guard\u00e1 lo fr\u00e1gil, porque nunca jugaste un juego de cartas como este.<\/p>\n<p data-start=\"0\" data-end=\"107\">\u00bfC\u00f3mo se juega?<\/p>\n<p data-start=\"0\" data-end=\"107\">Pon\u00e9 un par de burritos en la mesa y empez\u00e1 a robar cartas. Manten\u00e9 tus cartas en secreto. Sum\u00e1 puntos encontrando tr\u00edos en el mazo. Consegu\u00ed las combinaciones antes que los dem\u00e1s. Si alguien juega Cartas de Burrito, empieza una Batalla. Robale puntos a tus oponentes peg\u00e1ndoles con burritos de juguete blanditos. Declarales la guerra a tus amigos. Algunas batallas solo incluyen a unos pocos jugadores, otras obligan a toda la mesa a participar en una Guerra de Burritos. Tambi\u00e9n puede haber Duelos para definir al ganador: en un Duelo de Burritos, dos jugadores deben ponerse espalda con espalda, dar tres pasos y\u2026 \u00a1DISPARAR!<\/p>\n","protected":false},"excerpt":{"rendered":"<p>G\u00e9nero: Party.<br \/>\nCategor\u00edas: Cartas, Destreza, Tiempo Real, Colecciones, Take That.<br \/>\nDise\u00f1ado Por: <span class=\"ng-scope\"><span class=\"ng-binding\">Matthew Inman<\/span>,\u00a0<\/span><span class=\"ng-scope\"><span class=\"ng-binding\">Elan Lee<\/span>,\u00a0<\/span><span class=\"ng-scope\"><span class=\"ng-binding\">Brian S. Spence<\/span><\/span><br \/>\nEditorial: Top Toys<br \/>\nEdad M\u00ednima Recomendada: 7 A\u00f1os<br \/>\nDificultad: 1,10\/5<br \/>\nN\u00ba de Jugadores: 2 a 6<br \/>\nDuraci\u00f3n Promedio de la Partida: 15 Minutos<br \/>\nIdioma: Espa\u00f1ol<\/p>\n","protected":false},"featured_media":10927,"comment_status":"closed","ping_status":"closed","template":"","meta":[],"product_brand":[],"product_cat":[243,328,351],"product_tag":[],"class_list":{"0":"post-10929","1":"product","2":"type-product","3":"status-publish","4":"has-post-thumbnail","6":"product_cat-juegos-de-mesa","7":"product_cat-novedades","8":"product_cat-top-toys","10":"first","11":"instock","12":"shipping-taxable","13":"purchasable","14":"product-type-simple"},"_links":{"self":[{"href":"https:\/\/gracelandjuegos.com.ar\/web\/wp-json\/wp\/v2\/product\/10929","targetHints":{"allow":["GET"]}}],"collection":[{"href":"https:\/\/gracelandjuegos.com.ar\/web\/wp-json\/wp\/v2\/product"}],"about":[{"href":"https:\/\/gracelandjuegos.com.ar\/web\/wp-json\/wp\/v2\/types\/product"}],"replies":[{"embeddable":true,"href":"https:\/\/gracelandjuegos.com.ar\/web\/wp-json\/wp\/v2\/comments?post=10929"}],"wp:featuredmedia":[{"embeddable":true,"href":"https:\/\/gracelandjuegos.com.ar\/web\/wp-json\/wp\/v2\/media\/10927"}],"wp:attachment":[{"href":"https:\/\/gracelandjuegos.com.ar\/web\/wp-json\/wp\/v2\/media?parent=10929"}],"wp:term":[{"taxonomy":"product_brand","embeddable":true,"href":"https:\/\/gracelandjuegos.com.ar\/web\/wp-json\/wp\/v2\/product_brand?post=10929"},{"taxonomy":"product_cat","embeddable":true,"href":"https:\/\/gracelandjuegos.com.ar\/web\/wp-json\/wp\/v2\/product_cat?post=10929"},{"taxonomy":"product_tag","embeddable":true,"href":"https:\/\/gracelandjuegos.com.ar\/web\/wp-json\/wp\/v2\/product_tag?post=10929"}],"curies":[{"name":"wp","href":"https:\/\/api.w.org\/{rel}","templated":true}]}}