{"id":10920,"date":"2025-07-28T15:57:25","date_gmt":"2025-07-28T18:57:25","guid":{"rendered":"https:\/\/gracelandjuegos.com.ar\/web\/?post_type=product&#038;p=10920"},"modified":"2025-09-01T15:43:32","modified_gmt":"2025-09-01T18:43:32","slug":"preventa-el-eternauta-el-juego-de-mesa-caja-base-expansion-tres-hermanos","status":"publish","type":"product","link":"https:\/\/gracelandjuegos.com.ar\/web\/product\/preventa-el-eternauta-el-juego-de-mesa-caja-base-expansion-tres-hermanos\/","title":{"rendered":"*PREVENTA* El Eternauta, El Juego de Mesa: Caja Base + Expansi\u00f3n Tres Hermanos"},"content":{"rendered":"<p><strong>IMPORTANTE: Esta es una PREVENTA, el juego a\u00fan no est\u00e1 disponible para despachar. La fecha de lanzamiento en Argentina ser\u00e1 en 2026. Te comunicaremos por mail cuando est\u00e9 listo para enviar. EL COSTO DE ENVIO SER\u00c1 A PRECIO LOCAL PERO NO EST\u00c1 INCLUIDO.<\/strong><\/p>\n<p>&nbsp;<\/p>\n<p><span style=\"font-weight: 400\">Este pack contiene:<\/span><\/p>\n<p><span style=\"font-weight: 400\">\u2013 El Eternauta Juego de Mesa (Caja Base)<\/span><\/p>\n<p><span style=\"font-weight: 400\">\u2013 Expansi\u00f3n \u00abTres hermanos\u00bb<\/span><\/p>\n<p>&nbsp;<\/p>\n<p><span style=\"font-weight: 400\">La caja base contiene todo lo necesario para jugar.<\/span><\/p>\n<p><span style=\"font-weight: 400\">La expa \u00abTres hermanos\u00bb contiene:<\/span><\/p>\n<p><span style=\"font-weight: 400\">\u2013 1 libro de reglas<\/span><\/p>\n<p><span style=\"font-weight: 400\">\u2013 30 cartas est\u00e1ndar adicionales<\/span><\/p>\n<p><span style=\"font-weight: 400\">\u2013 3 libros de cuentos<\/span><\/p>\n<p><span style=\"font-weight: 400\">\u2013 55 cartas de mapa adicionales<\/span><\/p>\n<p><span style=\"font-weight: 400\">\u2013 15 cartas de historia y reglas<\/span><\/p>\n<p><span style=\"font-weight: 400\">\u2013 1 diario de cr\u00f3nica<\/span><\/p>\n<p><span style=\"font-weight: 400\">\u2013 1 tablero perforado<\/span><\/p>\n<p><span style=\"font-weight: 400\">\u2013 2 cajas secretas<\/span><\/p>\n","protected":false},"excerpt":{"rendered":"<p>G\u00e9nero: Tem\u00e1tico, Estrategia.<br \/>\nCategor\u00edas: Cartas, Aventura, Comic, Ciencia Ficci\u00f3n, Exploraci\u00f3n, Construcci\u00f3n de Mazo, Eventos, Campa\u00f1a, Manejo de Mano, Miniaturas.<br \/>\nDise\u00f1ado Por:\u00a0<span class=\"ng-binding\">Mauro Chiabotto<\/span><br \/>\nEditorial: Pendragon<br \/>\nEdad M\u00ednima Recomendada: 14 A\u00f1os<br \/>\nDificultad: 2,5\/5<br \/>\nN\u00ba de Jugadores: 1 a 5<br \/>\nDuraci\u00f3n Promedio de la Partida: 120 Minutos<br \/>\nIdioma: Espa\u00f1ol<\/p>\n","protected":false},"featured_media":10892,"comment_status":"closed","ping_status":"closed","template":"","meta":[],"product_brand":[],"product_cat":[360],"product_tag":[],"class_list":{"0":"post-10920","1":"product","2":"type-product","3":"status-publish","4":"has-post-thumbnail","6":"product_cat-preventa","8":"first","9":"outofstock","10":"sale","11":"shipping-taxable","12":"purchasable","13":"product-type-simple"},"_links":{"self":[{"href":"https:\/\/gracelandjuegos.com.ar\/web\/wp-json\/wp\/v2\/product\/10920","targetHints":{"allow":["GET"]}}],"collection":[{"href":"https:\/\/gracelandjuegos.com.ar\/web\/wp-json\/wp\/v2\/product"}],"about":[{"href":"https:\/\/gracelandjuegos.com.ar\/web\/wp-json\/wp\/v2\/types\/product"}],"replies":[{"embeddable":true,"href":"https:\/\/gracelandjuegos.com.ar\/web\/wp-json\/wp\/v2\/comments?post=10920"}],"wp:featuredmedia":[{"embeddable":true,"href":"https:\/\/gracelandjuegos.com.ar\/web\/wp-json\/wp\/v2\/media\/10892"}],"wp:attachment":[{"href":"https:\/\/gracelandjuegos.com.ar\/web\/wp-json\/wp\/v2\/media?parent=10920"}],"wp:term":[{"taxonomy":"product_brand","embeddable":true,"href":"https:\/\/gracelandjuegos.com.ar\/web\/wp-json\/wp\/v2\/product_brand?post=10920"},{"taxonomy":"product_cat","embeddable":true,"href":"https:\/\/gracelandjuegos.com.ar\/web\/wp-json\/wp\/v2\/product_cat?post=10920"},{"taxonomy":"product_tag","embeddable":true,"href":"https:\/\/gracelandjuegos.com.ar\/web\/wp-json\/wp\/v2\/product_tag?post=10920"}],"curies":[{"name":"wp","href":"https:\/\/api.w.org\/{rel}","templated":true}]}}