{"id":10919,"date":"2025-07-28T15:49:28","date_gmt":"2025-07-28T18:49:28","guid":{"rendered":"https:\/\/gracelandjuegos.com.ar\/web\/?post_type=product&#038;p=10919"},"modified":"2025-09-01T15:43:38","modified_gmt":"2025-09-01T18:43:38","slug":"preventa-el-eternauta-el-juego-de-mesa-caja-base","status":"publish","type":"product","link":"https:\/\/gracelandjuegos.com.ar\/web\/product\/preventa-el-eternauta-el-juego-de-mesa-caja-base\/","title":{"rendered":"*PREVENTA* El Eternauta, El Juego de Mesa: Caja Base"},"content":{"rendered":"<p><strong>IMPORTANTE: Esta es una PREVENTA, el juego a\u00fan no est\u00e1 disponible para despachar. La fecha de lanzamiento en Argentina ser\u00e1 en 2026. Te comunicaremos por mail cuando est\u00e9 listo para enviar. EL COSTO DE ENVIO SER\u00c1 A PRECIO LOCAL PERO NO EST\u00c1 INCLUIDO.<\/strong><\/p>\n<p><span style=\"font-weight: 400\">El Eternauta \u2013 El juego de mesa est\u00e1 ambientado en el mismo universo que El Eternauta, pero la historia es diferente. No vas a seguir la aventura de Juan Salvo, sino que liderar\u00e1s a un grupo de sobrevivientes de Buenos Aires.<\/span><\/p>\n<p><span style=\"font-weight: 400\">Esta es una nueva aventura tanto para las personas que han le\u00eddo el c\u00f3mic como para las que no. Pod\u00e9s elegir leer la historieta o ver la serie de Netflix antes de jugar, o jugar el juego y luego lo dem\u00e1s. \u00a1No hay spoilers de la historieta ni de la serie!<\/span><\/p>\n<p><span style=\"font-weight: 400\">EL ETERNAUTA \u2013 EL JUEGO DE MESA fue creado por Mauro Chiabotto e inspirado en la obra maestra de la historieta argentina mundialmente aclamada de H\u00e9ctor Germ\u00e1n Oesterheld y Francisco Solano L\u00f3pez, este precioso juego de mesa te va a meter de lleno en una lucha \u00e9pica por sobrevivir.<\/span><\/p>\n<p>&nbsp;<\/p>\n","protected":false},"excerpt":{"rendered":"<p>G\u00e9nero: Tem\u00e1tico, Estrategia.<br \/>\nCategor\u00edas: Cartas, Aventura, Comic, Ciencia Ficci\u00f3n, Exploraci\u00f3n, Construcci\u00f3n de Mazo, Eventos, Campa\u00f1a, Manejo de Mano, Miniaturas.<br \/>\nDise\u00f1ado Por:\u00a0<span class=\"ng-binding\">Mauro Chiabotto<\/span><br \/>\nEditorial: Pendragon<br \/>\nEdad M\u00ednima Recomendada: 14 A\u00f1os<br \/>\nDificultad: 2,5\/5<br \/>\nN\u00ba de Jugadores: 1 a 5<br \/>\nDuraci\u00f3n Promedio de la Partida: 120 Minutos<br \/>\nIdioma: Espa\u00f1ol<\/p>\n","protected":false},"featured_media":10893,"comment_status":"closed","ping_status":"closed","template":"","meta":[],"product_brand":[],"product_cat":[360],"product_tag":[],"class_list":{"0":"post-10919","1":"product","2":"type-product","3":"status-publish","4":"has-post-thumbnail","6":"product_cat-preventa","8":"first","9":"outofstock","10":"shipping-taxable","11":"purchasable","12":"product-type-simple"},"_links":{"self":[{"href":"https:\/\/gracelandjuegos.com.ar\/web\/wp-json\/wp\/v2\/product\/10919","targetHints":{"allow":["GET"]}}],"collection":[{"href":"https:\/\/gracelandjuegos.com.ar\/web\/wp-json\/wp\/v2\/product"}],"about":[{"href":"https:\/\/gracelandjuegos.com.ar\/web\/wp-json\/wp\/v2\/types\/product"}],"replies":[{"embeddable":true,"href":"https:\/\/gracelandjuegos.com.ar\/web\/wp-json\/wp\/v2\/comments?post=10919"}],"wp:featuredmedia":[{"embeddable":true,"href":"https:\/\/gracelandjuegos.com.ar\/web\/wp-json\/wp\/v2\/media\/10893"}],"wp:attachment":[{"href":"https:\/\/gracelandjuegos.com.ar\/web\/wp-json\/wp\/v2\/media?parent=10919"}],"wp:term":[{"taxonomy":"product_brand","embeddable":true,"href":"https:\/\/gracelandjuegos.com.ar\/web\/wp-json\/wp\/v2\/product_brand?post=10919"},{"taxonomy":"product_cat","embeddable":true,"href":"https:\/\/gracelandjuegos.com.ar\/web\/wp-json\/wp\/v2\/product_cat?post=10919"},{"taxonomy":"product_tag","embeddable":true,"href":"https:\/\/gracelandjuegos.com.ar\/web\/wp-json\/wp\/v2\/product_tag?post=10919"}],"curies":[{"name":"wp","href":"https:\/\/api.w.org\/{rel}","templated":true}]}}