{"id":10918,"date":"2025-07-28T15:46:29","date_gmt":"2025-07-28T18:46:29","guid":{"rendered":"https:\/\/gracelandjuegos.com.ar\/web\/?post_type=product&#038;p=10918"},"modified":"2025-09-01T15:44:12","modified_gmt":"2025-09-01T18:44:12","slug":"preventa-el-eternauta-el-juego-de-mesa-expansion-tres-hermanos","status":"publish","type":"product","link":"https:\/\/gracelandjuegos.com.ar\/web\/product\/preventa-el-eternauta-el-juego-de-mesa-expansion-tres-hermanos\/","title":{"rendered":"*PREVENTA* El Eternauta, El Juego de Mesa: Expansi\u00f3n Tres Hermanos"},"content":{"rendered":"<p><strong>IMPORTANTE: Esta es una PREVENTA, el juego a\u00fan no est\u00e1 disponible para despachar. La fecha de lanzamiento en Argentina ser\u00e1 en 2026. Te comunicaremos por mail cuando est\u00e9 listo para enviar. EL COSTO DE ENVIO SER\u00c1 A PRECIO LOCAL PERO NO EST\u00c1 INCLUIDO.<\/strong><\/p>\n<p><span style=\"font-weight: 400\">UNA MISI\u00d3N DIF\u00cdCIL DE CUMPLIR<\/span><\/p>\n<p><span style=\"font-weight: 400\">Esta expansi\u00f3n es un derivado de la historia principal del juego base. Encarnar\u00e1s a V\u00edctor, Javier y Diego, tres hermanos y veteranos habilidosos, que deben completar una misi\u00f3n crucial para luchar contra la invasi\u00f3n alien\u00edgena. Esta tarea requiere habilidades y t\u00e1cticas militares.<\/span><\/p>\n<p><span style=\"font-weight: 400\">TRES ESCENARIOS<\/span><\/p>\n<p><span style=\"font-weight: 400\">Esta expansi\u00f3n contiene 3 nuevos escenarios relacionados con la historia principal.<\/span><\/p>\n<p><span style=\"font-weight: 400\">PERSONALIZAR ARMAS<\/span><\/p>\n<p><span style=\"font-weight: 400\">A trav\u00e9s de la acci\u00f3n de fabricaci\u00f3n, puedes personalizar tus armas, desbloqueando ataques especiales.<\/span><\/p>\n<p><span style=\"font-weight: 400\">COMPA\u00d1EROS<\/span><\/p>\n<p><span style=\"font-weight: 400\">Los personajes pueden tener un compa\u00f1ero, cada uno proporciona una habilidad \u00fanica para ser usada durante el juego.<\/span><\/p>\n<p><span style=\"font-weight: 400\">La expa \u00abTres hermanos\u00bb contiene:<\/span><\/p>\n<p><span style=\"font-weight: 400\">\u2013 1 libro de reglas<\/span><\/p>\n<p><span style=\"font-weight: 400\">\u2013 30 cartas est\u00e1ndar adicionales<\/span><\/p>\n<p><span style=\"font-weight: 400\">\u2013 3 libros de cuentos<\/span><\/p>\n<p><span style=\"font-weight: 400\">\u2013 55 cartas de mapa adicionales<\/span><\/p>\n<p><span style=\"font-weight: 400\">\u2013 15 cartas de historia y reglas<\/span><\/p>\n<p><span style=\"font-weight: 400\">\u2013 1 diario de cr\u00f3nica<\/span><\/p>\n<p><span style=\"font-weight: 400\">\u2013 1 tablero perforado<\/span><\/p>\n<p><span style=\"font-weight: 400\">\u2013 2 cajas secretas<\/span><\/p>\n<p><strong>REQUIERE EL JUEGO BASE<\/strong><\/p>\n","protected":false},"excerpt":{"rendered":"<p>G\u00e9nero: Tem\u00e1tico, Estrategia.<br \/>\nCategor\u00edas: Cartas, Aventura, Comic, Ciencia Ficci\u00f3n, Exploraci\u00f3n, Construcci\u00f3n de Mazo, Eventos, Campa\u00f1a, Manejo de Mano, Miniaturas.<br \/>\nDise\u00f1ado Por:\u00a0<span class=\"ng-binding\">Mauro Chiabotto<\/span><br \/>\nEditorial: Pendragon<br \/>\nEdad M\u00ednima Recomendada: 14 A\u00f1os<br \/>\nDificultad: 2,5\/5<br \/>\nN\u00ba de Jugadores: 1 a 5<br \/>\nDuraci\u00f3n Promedio de la Partida: 120 Minutos<br \/>\nIdioma: Espa\u00f1ol<\/p>\n","protected":false},"featured_media":10894,"comment_status":"closed","ping_status":"closed","template":"","meta":[],"product_brand":[],"product_cat":[360],"product_tag":[],"class_list":{"0":"post-10918","1":"product","2":"type-product","3":"status-publish","4":"has-post-thumbnail","6":"product_cat-preventa","8":"first","9":"outofstock","10":"shipping-taxable","11":"purchasable","12":"product-type-simple"},"_links":{"self":[{"href":"https:\/\/gracelandjuegos.com.ar\/web\/wp-json\/wp\/v2\/product\/10918","targetHints":{"allow":["GET"]}}],"collection":[{"href":"https:\/\/gracelandjuegos.com.ar\/web\/wp-json\/wp\/v2\/product"}],"about":[{"href":"https:\/\/gracelandjuegos.com.ar\/web\/wp-json\/wp\/v2\/types\/product"}],"replies":[{"embeddable":true,"href":"https:\/\/gracelandjuegos.com.ar\/web\/wp-json\/wp\/v2\/comments?post=10918"}],"wp:featuredmedia":[{"embeddable":true,"href":"https:\/\/gracelandjuegos.com.ar\/web\/wp-json\/wp\/v2\/media\/10894"}],"wp:attachment":[{"href":"https:\/\/gracelandjuegos.com.ar\/web\/wp-json\/wp\/v2\/media?parent=10918"}],"wp:term":[{"taxonomy":"product_brand","embeddable":true,"href":"https:\/\/gracelandjuegos.com.ar\/web\/wp-json\/wp\/v2\/product_brand?post=10918"},{"taxonomy":"product_cat","embeddable":true,"href":"https:\/\/gracelandjuegos.com.ar\/web\/wp-json\/wp\/v2\/product_cat?post=10918"},{"taxonomy":"product_tag","embeddable":true,"href":"https:\/\/gracelandjuegos.com.ar\/web\/wp-json\/wp\/v2\/product_tag?post=10918"}],"curies":[{"name":"wp","href":"https:\/\/api.w.org\/{rel}","templated":true}]}}