{"id":10916,"date":"2025-07-28T15:42:27","date_gmt":"2025-07-28T18:42:27","guid":{"rendered":"https:\/\/gracelandjuegos.com.ar\/web\/?post_type=product&#038;p=10916"},"modified":"2025-09-01T15:44:25","modified_gmt":"2025-09-01T18:44:25","slug":"preventa-el-eternauta-el-juego-de-mesa-set-de-miniaturas-de-amenazas","status":"publish","type":"product","link":"https:\/\/gracelandjuegos.com.ar\/web\/product\/preventa-el-eternauta-el-juego-de-mesa-set-de-miniaturas-de-amenazas\/","title":{"rendered":"*PREVENTA* El Eternauta, El Juego de Mesa: Set de Miniaturas de Amenazas"},"content":{"rendered":"<p><strong>IMPORTANTE: Esta es una PREVENTA, el juego a\u00fan no est\u00e1 disponible para despachar. La fecha de lanzamiento en Argentina ser\u00e1 en 2026. Te comunicaremos por mail cuando est\u00e9 listo para enviar. EL COSTO DE ENVIO SER\u00c1 A PRECIO LOCAL PERO NO EST\u00c1 INCLUIDO.<\/strong><\/p>\n<p><span style=\"font-weight: 400\">El set de miniaturas de \u00abAmenazas\u00bb incluye 16 miniaturas de pl\u00e1stico.<\/span><\/p>\n<p><span style=\"font-weight: 400\">Esta caja contiene:<\/span><\/p>\n<p><span style=\"font-weight: 400\">\u2013 4 miniaturas de supervivientes.<\/span><\/p>\n<p><span style=\"font-weight: 400\">\u2013 6 miniaturas de Cascarudos.<\/span><\/p>\n<p><span style=\"font-weight: 400\">\u2013 1 miniatura de Mano.<\/span><\/p>\n<p><span style=\"font-weight: 400\">\u2013 1 miniatura de ca\u00f1\u00f3n alien\u00edgena.<\/span><\/p>\n<p><span style=\"font-weight: 400\">\u2013 4 miniaturas de robots humanos.<\/span><\/p>\n<p><strong>REQUIERE EL JUEGO BASE<\/strong><\/p>\n","protected":false},"excerpt":{"rendered":"<p>G\u00e9nero: Tem\u00e1tico, Estrategia.<br \/>\nCategor\u00edas: Cartas, Aventura, Comic, Ciencia Ficci\u00f3n, Exploraci\u00f3n, Construcci\u00f3n de Mazo, Eventos, Campa\u00f1a, Manejo de Mano, Miniaturas.<br \/>\nDise\u00f1ado Por:\u00a0<span class=\"ng-binding\">Mauro Chiabotto<\/span><br \/>\nEditorial: Pendragon<br \/>\nEdad M\u00ednima Recomendada: 14 A\u00f1os<br \/>\nDificultad: 2,5\/5<br \/>\nN\u00ba de Jugadores: 1 a 5<br \/>\nDuraci\u00f3n Promedio de la Partida: 120 Minutos<br \/>\nIdioma: Espa\u00f1ol<\/p>\n","protected":false},"featured_media":10896,"comment_status":"closed","ping_status":"closed","template":"","meta":[],"product_brand":[],"product_cat":[360],"product_tag":[],"class_list":{"0":"post-10916","1":"product","2":"type-product","3":"status-publish","4":"has-post-thumbnail","6":"product_cat-preventa","8":"first","9":"outofstock","10":"shipping-taxable","11":"purchasable","12":"product-type-simple"},"_links":{"self":[{"href":"https:\/\/gracelandjuegos.com.ar\/web\/wp-json\/wp\/v2\/product\/10916","targetHints":{"allow":["GET"]}}],"collection":[{"href":"https:\/\/gracelandjuegos.com.ar\/web\/wp-json\/wp\/v2\/product"}],"about":[{"href":"https:\/\/gracelandjuegos.com.ar\/web\/wp-json\/wp\/v2\/types\/product"}],"replies":[{"embeddable":true,"href":"https:\/\/gracelandjuegos.com.ar\/web\/wp-json\/wp\/v2\/comments?post=10916"}],"wp:featuredmedia":[{"embeddable":true,"href":"https:\/\/gracelandjuegos.com.ar\/web\/wp-json\/wp\/v2\/media\/10896"}],"wp:attachment":[{"href":"https:\/\/gracelandjuegos.com.ar\/web\/wp-json\/wp\/v2\/media?parent=10916"}],"wp:term":[{"taxonomy":"product_brand","embeddable":true,"href":"https:\/\/gracelandjuegos.com.ar\/web\/wp-json\/wp\/v2\/product_brand?post=10916"},{"taxonomy":"product_cat","embeddable":true,"href":"https:\/\/gracelandjuegos.com.ar\/web\/wp-json\/wp\/v2\/product_cat?post=10916"},{"taxonomy":"product_tag","embeddable":true,"href":"https:\/\/gracelandjuegos.com.ar\/web\/wp-json\/wp\/v2\/product_tag?post=10916"}],"curies":[{"name":"wp","href":"https:\/\/api.w.org\/{rel}","templated":true}]}}