{"id":10915,"date":"2025-07-28T15:39:01","date_gmt":"2025-07-28T18:39:01","guid":{"rendered":"https:\/\/gracelandjuegos.com.ar\/web\/?post_type=product&#038;p=10915"},"modified":"2025-09-01T15:44:30","modified_gmt":"2025-09-01T18:44:30","slug":"preventa-el-eternauta-el-juego-de-mesa-miniatura-gurbo","status":"publish","type":"product","link":"https:\/\/gracelandjuegos.com.ar\/web\/product\/preventa-el-eternauta-el-juego-de-mesa-miniatura-gurbo\/","title":{"rendered":"*PREVENTA* El Eternauta, El Juego de Mesa: Miniatura Gurbo"},"content":{"rendered":"<p><strong>IMPORTANTE: Esta es una PREVENTA, el juego a\u00fan no est\u00e1 disponible para despachar. La fecha de lanzamiento en Argentina ser\u00e1 en 2026. Te comunicaremos por mail cuando est\u00e9 listo para enviar. EL COSTO DE ENVIO SER\u00c1 A PRECIO LOCAL PERO NO EST\u00c1 INCLUIDO.<\/strong><\/p>\n<p><span style=\"font-weight: 400\">\u00a1La miniatura de pl\u00e1stico m\u00e1s amenazante: el Gurbo!<\/span><\/p>\n<p><span style=\"font-weight: 400\">1x miniatura de pl\u00e1stico Gurbo.<\/span><\/p>\n<p><span style=\"font-weight: 400\">En El Eternauta, el Gurbo es una criatura alien\u00edgena aterradora, parte de las fuerzas invasoras controladas por los \u201cEllos\u201d. Un ser grotesco con un cuerpo voluminoso, similar a un insecto gigante o una especie de escarabajo descomunal. Su apariencia es intimidante, con m\u00faltiples patas articuladas que le permiten moverse con rapidez y agilidad, y un caparaz\u00f3n duro y brillante que lo hace resistente. Sus mand\u00edbulas son poderosas, capaces de triturar casi cualquier cosa, y su aspecto general evoca una mezcla de repulsi\u00f3n y miedo primitivo.<\/span><\/p>\n<p><span style=\"font-weight: 400\">Los Gurbos son utilizados por los invasores como una especie de \u201ctanques vivos\u201d, criaturas de fuerza bruta enviadas para aplastar la resistencia humana. No poseen inteligencia propia, sino que son controlados remotamente por los \u201cEllos\u201d a trav\u00e9s de dispositivos implantados, lo que los hace a\u00fan m\u00e1s temibles, ya que act\u00faan con una obediencia ciega y sin vacilaci\u00f3n. En la historia, su presencia refuerza la sensaci\u00f3n de desesperanza y la abrumadora superioridad tecnol\u00f3gica de los invasores, siendo un s\u00edmbolo del horror desatado contra la humanidad.<\/span><\/p>\n<p><strong>REQUIERE EL JUEGO BASE<\/strong><\/p>\n","protected":false},"excerpt":{"rendered":"<p>G\u00e9nero: Tem\u00e1tico, Estrategia.<br \/>\nCategor\u00edas: Cartas, Aventura, Comic, Ciencia Ficci\u00f3n, Exploraci\u00f3n, Construcci\u00f3n de Mazo, Eventos, Campa\u00f1a, Manejo de Mano, Miniaturas.<br \/>\nDise\u00f1ado Por:\u00a0<span class=\"ng-binding\">Mauro Chiabotto<\/span><br \/>\nEditorial: Pendragon<br \/>\nEdad M\u00ednima Recomendada: 14 A\u00f1os<br \/>\nDificultad: 2,5\/5<br \/>\nN\u00ba de Jugadores: 1 a 5<br \/>\nDuraci\u00f3n Promedio de la Partida: 120 Minutos<br \/>\nIdioma: Espa\u00f1ol<\/p>\n","protected":false},"featured_media":10895,"comment_status":"closed","ping_status":"closed","template":"","meta":[],"product_brand":[],"product_cat":[360],"product_tag":[],"class_list":{"0":"post-10915","1":"product","2":"type-product","3":"status-publish","4":"has-post-thumbnail","6":"product_cat-preventa","8":"first","9":"outofstock","10":"shipping-taxable","11":"purchasable","12":"product-type-simple"},"_links":{"self":[{"href":"https:\/\/gracelandjuegos.com.ar\/web\/wp-json\/wp\/v2\/product\/10915","targetHints":{"allow":["GET"]}}],"collection":[{"href":"https:\/\/gracelandjuegos.com.ar\/web\/wp-json\/wp\/v2\/product"}],"about":[{"href":"https:\/\/gracelandjuegos.com.ar\/web\/wp-json\/wp\/v2\/types\/product"}],"replies":[{"embeddable":true,"href":"https:\/\/gracelandjuegos.com.ar\/web\/wp-json\/wp\/v2\/comments?post=10915"}],"wp:featuredmedia":[{"embeddable":true,"href":"https:\/\/gracelandjuegos.com.ar\/web\/wp-json\/wp\/v2\/media\/10895"}],"wp:attachment":[{"href":"https:\/\/gracelandjuegos.com.ar\/web\/wp-json\/wp\/v2\/media?parent=10915"}],"wp:term":[{"taxonomy":"product_brand","embeddable":true,"href":"https:\/\/gracelandjuegos.com.ar\/web\/wp-json\/wp\/v2\/product_brand?post=10915"},{"taxonomy":"product_cat","embeddable":true,"href":"https:\/\/gracelandjuegos.com.ar\/web\/wp-json\/wp\/v2\/product_cat?post=10915"},{"taxonomy":"product_tag","embeddable":true,"href":"https:\/\/gracelandjuegos.com.ar\/web\/wp-json\/wp\/v2\/product_tag?post=10915"}],"curies":[{"name":"wp","href":"https:\/\/api.w.org\/{rel}","templated":true}]}}