{"id":10889,"date":"2025-07-21T18:41:59","date_gmt":"2025-07-21T21:41:59","guid":{"rendered":"https:\/\/gracelandjuegos.com.ar\/web\/?post_type=product&#038;p=10889"},"modified":"2026-02-17T20:27:29","modified_gmt":"2026-02-17T23:27:29","slug":"tinco","status":"publish","type":"product","link":"https:\/\/gracelandjuegos.com.ar\/web\/product\/tinco\/","title":{"rendered":"Tinco"},"content":{"rendered":"<p>En Tinco, el objetivo del juego consiste en reunir cartas con la misma forma o color y tomar fragmentos de la medalla de la concordia para escalar posiciones en la torre de la armon\u00eda.<\/p>\n<p>En una partida de Tinco no hay turnos: todos juegan simult\u00e1neamente. Con la intenci\u00f3n de reunir un conjunto de cinco cartas que muestren un mismo elemento, ya sea un determinado animal o color, los jugadores intercambiar\u00e1n cartas. Estas nunca se muestran, solo se ofrece la cantidad. Cuando uno de los participantes logra el Tinco (un set de cinco cartas), debe apurarse a tomar uno de los fragmentos de medall\u00f3n que habr\u00e1 encima de la mesa. El resto deben estar atentos para reclamar otros fragmentos si no quieren bajar posiciones en la torre. Tras una serie de rondas, gana la partida quien ocupe el lugar m\u00e1s alto en la torre de la armon\u00eda.<\/p>\n<p>Con un ritmo fren\u00e9tico, Tinco nos reta a pensar r\u00e1pido y a prestar atenci\u00f3n tanto a nuestras cartas como a las que pasamos a nuestros rivales. Mezclada dentro de la baraja est\u00e1 la carta Xi, la Discordia, que nadie quiere en su mano porque da puntos negativos, as\u00ed que los jugadores tratar\u00e1n de pasarla a un rival siempre que puedan.<\/p>\n<p>Tinco tambi\u00e9n incluye dos modos de juego, Xing y Hong, en funci\u00f3n del set que se quiera establecer durante la partida (formas o colores). De este modo, se puede adaptar la dificultad al grupo de juego (con las formas es algo m\u00e1s f\u00e1cil jugar, porque se requiere algo menos de agudeza visual).<\/p>\n","protected":false},"excerpt":{"rendered":"<p>G\u00e9nero: Party.<br \/>\nCategor\u00edas: Cartas, Manejo de Mano, Papa Caliente, Tiempo Real, Carrera, Colecciones, Intercambio.<br \/>\nDise\u00f1ado Por: <span class=\"ng-binding\">Gustavo Nascimento Barreto<\/span><br \/>\nEditorial: Devir<br \/>\nEdad M\u00ednima Recomendada: 10 A\u00f1os<br \/>\nDificultad: 1,25\/5<br \/>\nN\u00ba de Jugadores: 3 a 6<br \/>\nDuraci\u00f3n Promedio de la Partida: 15 Minutos<br \/>\nIdioma: Espa\u00f1ol<\/p>\n","protected":false},"featured_media":10879,"comment_status":"closed","ping_status":"closed","template":"","meta":[],"product_brand":[],"product_cat":[339,243,328],"product_tag":[],"class_list":{"0":"post-10889","1":"product","2":"type-product","3":"status-publish","4":"has-post-thumbnail","6":"product_cat-devir","7":"product_cat-juegos-de-mesa","8":"product_cat-novedades","10":"first","11":"instock","12":"shipping-taxable","13":"purchasable","14":"product-type-simple"},"_links":{"self":[{"href":"https:\/\/gracelandjuegos.com.ar\/web\/wp-json\/wp\/v2\/product\/10889","targetHints":{"allow":["GET"]}}],"collection":[{"href":"https:\/\/gracelandjuegos.com.ar\/web\/wp-json\/wp\/v2\/product"}],"about":[{"href":"https:\/\/gracelandjuegos.com.ar\/web\/wp-json\/wp\/v2\/types\/product"}],"replies":[{"embeddable":true,"href":"https:\/\/gracelandjuegos.com.ar\/web\/wp-json\/wp\/v2\/comments?post=10889"}],"wp:featuredmedia":[{"embeddable":true,"href":"https:\/\/gracelandjuegos.com.ar\/web\/wp-json\/wp\/v2\/media\/10879"}],"wp:attachment":[{"href":"https:\/\/gracelandjuegos.com.ar\/web\/wp-json\/wp\/v2\/media?parent=10889"}],"wp:term":[{"taxonomy":"product_brand","embeddable":true,"href":"https:\/\/gracelandjuegos.com.ar\/web\/wp-json\/wp\/v2\/product_brand?post=10889"},{"taxonomy":"product_cat","embeddable":true,"href":"https:\/\/gracelandjuegos.com.ar\/web\/wp-json\/wp\/v2\/product_cat?post=10889"},{"taxonomy":"product_tag","embeddable":true,"href":"https:\/\/gracelandjuegos.com.ar\/web\/wp-json\/wp\/v2\/product_tag?post=10889"}],"curies":[{"name":"wp","href":"https:\/\/api.w.org\/{rel}","templated":true}]}}