{"id":10888,"date":"2025-07-21T18:38:48","date_gmt":"2025-07-21T21:38:48","guid":{"rendered":"https:\/\/gracelandjuegos.com.ar\/web\/?post_type=product&#038;p=10888"},"modified":"2026-02-17T20:27:47","modified_gmt":"2026-02-17T23:27:47","slug":"skull-king-segunda-edicion","status":"publish","type":"product","link":"https:\/\/gracelandjuegos.com.ar\/web\/product\/skull-king-segunda-edicion\/","title":{"rendered":"Skull King (Segunda Edici\u00f3n)"},"content":{"rendered":"<p>Skull King es un juego de bazas en donde los jugadores apostar\u00e1n durante varias rondas cu\u00e1ntas bazas creen que ganar\u00e1n y si aciertan obtendr\u00e1n puntos.<\/p>\n<p>EL mazo de Skull King est\u00e1 formada por cuatro palos de 14 cartas cada uno m\u00e1s algunas cartas especiales. A lo largo de varias rondas, los jugadores tratar\u00e1n de adivinar cu\u00e1ntas bazas van a ganar en funci\u00f3n de sus cartas. Si cumplen el envite, los jugadores sumar\u00e1n muchos puntos. Pero esto no siempre ser\u00e1 f\u00e1cil y para eso existen las cartas especiales. Los piratas, por ejemplo, siempre ganan a cualquier carta de palo; las cartas de huida te har\u00e1n perder autom\u00e1ticamente (a veces una retirada a tiempo puede ser una gran victoria); la carta de Skull King gana a los piratas, pero pierde contra las sirenas, que a su vez sucumben ante los piratas.<\/p>\n<p>Con las cartas del poderoso Kraken y la vengativa ballena blanca, dos monstruos que aplicar\u00e1n efectos devastadores si entran en juego, destruyendo por completo las bazas. Tambi\u00e9n incorpora las cartas de bot\u00edn, que premian con puntos tanto a quien la juega como a quien gana la baza.<\/p>\n<p>En el modo avanzado del juego tambi\u00e9n pod\u00e9s usar los poderes de las cartas de pirata, peque\u00f1os modificadores que pueden tener consecuencias enormes e imprevisibles. Para facilitar las primeras partidas, esta edici\u00f3n incluye cartas de ayuda. Y para los m\u00e1s creativos, algunas cartas en blanco para poder crear dise\u00f1os personalizados.<\/p>\n","protected":false},"excerpt":{"rendered":"<p>G\u00e9nero: Familiar.<br \/>\nCategor\u00edas: Cartas, Bazas, Piratas, Apuesta Predictiva, Enga\u00f1o, Piedra-Papel-Tijera.<br \/>\nDise\u00f1ado Por: <span class=\"ng-scope\"><span class=\"ng-binding\">Brent Beck<\/span>,\u00a0<\/span><span class=\"ng-scope\"><span class=\"ng-binding\">Jeffrey Beck<\/span><\/span><br \/>\nEditorial: Devir<br \/>\nEdad M\u00ednima Recomendada: 8 A\u00f1os<br \/>\nDificultad: 1,71\/5<br \/>\nN\u00ba de Jugadores: 2 a 8<br \/>\nDuraci\u00f3n Promedio de la Partida: 30 Minutos<br \/>\nIdioma: Espa\u00f1ol<\/p>\n","protected":false},"featured_media":10877,"comment_status":"closed","ping_status":"closed","template":"","meta":[],"product_brand":[],"product_cat":[339,243,329],"product_tag":[],"class_list":{"0":"post-10888","1":"product","2":"type-product","3":"status-publish","4":"has-post-thumbnail","6":"product_cat-devir","7":"product_cat-juegos-de-mesa","8":"product_cat-recomendados","10":"first","11":"instock","12":"shipping-taxable","13":"purchasable","14":"product-type-simple"},"_links":{"self":[{"href":"https:\/\/gracelandjuegos.com.ar\/web\/wp-json\/wp\/v2\/product\/10888","targetHints":{"allow":["GET"]}}],"collection":[{"href":"https:\/\/gracelandjuegos.com.ar\/web\/wp-json\/wp\/v2\/product"}],"about":[{"href":"https:\/\/gracelandjuegos.com.ar\/web\/wp-json\/wp\/v2\/types\/product"}],"replies":[{"embeddable":true,"href":"https:\/\/gracelandjuegos.com.ar\/web\/wp-json\/wp\/v2\/comments?post=10888"}],"wp:featuredmedia":[{"embeddable":true,"href":"https:\/\/gracelandjuegos.com.ar\/web\/wp-json\/wp\/v2\/media\/10877"}],"wp:attachment":[{"href":"https:\/\/gracelandjuegos.com.ar\/web\/wp-json\/wp\/v2\/media?parent=10888"}],"wp:term":[{"taxonomy":"product_brand","embeddable":true,"href":"https:\/\/gracelandjuegos.com.ar\/web\/wp-json\/wp\/v2\/product_brand?post=10888"},{"taxonomy":"product_cat","embeddable":true,"href":"https:\/\/gracelandjuegos.com.ar\/web\/wp-json\/wp\/v2\/product_cat?post=10888"},{"taxonomy":"product_tag","embeddable":true,"href":"https:\/\/gracelandjuegos.com.ar\/web\/wp-json\/wp\/v2\/product_tag?post=10888"}],"curies":[{"name":"wp","href":"https:\/\/api.w.org\/{rel}","templated":true}]}}