{"id":10884,"date":"2025-07-21T18:31:43","date_gmt":"2025-07-21T21:31:43","guid":{"rendered":"https:\/\/gracelandjuegos.com.ar\/web\/?post_type=product&#038;p=10884"},"modified":"2026-02-17T20:28:13","modified_gmt":"2026-02-17T23:28:13","slug":"the-white-castle","status":"publish","type":"product","link":"https:\/\/gracelandjuegos.com.ar\/web\/product\/the-white-castle\/","title":{"rendered":"The White Castle"},"content":{"rendered":"<p>En The White Castle los jugadores controlar\u00e1n uno de los clanes con el objetivo de sumar m\u00e1s puntos de victoria que el resto. Para hacerlo, deber\u00e1n acumular influencia en la corte, gestionar recursos con audacia y colocar a sus trabajadores en el lugar adecuado en el momento adecuado. El juego se puede disfrutar en solitario o en un grupo de hasta 4 jugadores.<\/p>\n<p>The White Castle es un juego de tipo euro con mec\u00e1nicas de gesti\u00f3n de recursos, colocaci\u00f3n de trabajadores y colocaci\u00f3n de dados para llevar a cabo acciones. Durante la partida, a lo largo de tres rondas, los jugadores enviar\u00e1n a miembros de su clan a cuidar los jardines, a defender el castillo o a progresar en la escala social de la nobleza. Al final de la partida, estos otorgar\u00e1n puntos de victoria a los jugadores de diversas maneras.<\/p>\n","protected":false},"excerpt":{"rendered":"<p>G\u00e9nero: Estrategia.<br \/>\nCategor\u00edas: Dados, Econom\u00eda, Drafting de Acciones, Dados, Movimiento en \u00c1rea, Ingresos, Bonus de Fin de Juego.<br \/>\nDise\u00f1ado Por: <span class=\"ng-scope\"><span class=\"ng-binding\">Isra C.<\/span>,\u00a0<\/span><span class=\"ng-scope\"><span class=\"ng-binding\">Shei S.<\/span><\/span><br \/>\nEditorial: Devir<br \/>\nEdad M\u00ednima Recomendada: 12 A\u00f1os<br \/>\nDificultad: 3,03\/5<br \/>\nN\u00ba de Jugadores: 1 a 4<br \/>\nDuraci\u00f3n Promedio de la Partida: 60 Minutos<br \/>\nIdioma: Espa\u00f1ol<\/p>\n","protected":false},"featured_media":10878,"comment_status":"closed","ping_status":"closed","template":"","meta":[],"product_brand":[],"product_cat":[339,243,329],"product_tag":[],"class_list":{"0":"post-10884","1":"product","2":"type-product","3":"status-publish","4":"has-post-thumbnail","6":"product_cat-devir","7":"product_cat-juegos-de-mesa","8":"product_cat-recomendados","10":"first","11":"instock","12":"shipping-taxable","13":"purchasable","14":"product-type-simple"},"_links":{"self":[{"href":"https:\/\/gracelandjuegos.com.ar\/web\/wp-json\/wp\/v2\/product\/10884","targetHints":{"allow":["GET"]}}],"collection":[{"href":"https:\/\/gracelandjuegos.com.ar\/web\/wp-json\/wp\/v2\/product"}],"about":[{"href":"https:\/\/gracelandjuegos.com.ar\/web\/wp-json\/wp\/v2\/types\/product"}],"replies":[{"embeddable":true,"href":"https:\/\/gracelandjuegos.com.ar\/web\/wp-json\/wp\/v2\/comments?post=10884"}],"wp:featuredmedia":[{"embeddable":true,"href":"https:\/\/gracelandjuegos.com.ar\/web\/wp-json\/wp\/v2\/media\/10878"}],"wp:attachment":[{"href":"https:\/\/gracelandjuegos.com.ar\/web\/wp-json\/wp\/v2\/media?parent=10884"}],"wp:term":[{"taxonomy":"product_brand","embeddable":true,"href":"https:\/\/gracelandjuegos.com.ar\/web\/wp-json\/wp\/v2\/product_brand?post=10884"},{"taxonomy":"product_cat","embeddable":true,"href":"https:\/\/gracelandjuegos.com.ar\/web\/wp-json\/wp\/v2\/product_cat?post=10884"},{"taxonomy":"product_tag","embeddable":true,"href":"https:\/\/gracelandjuegos.com.ar\/web\/wp-json\/wp\/v2\/product_tag?post=10884"}],"curies":[{"name":"wp","href":"https:\/\/api.w.org\/{rel}","templated":true}]}}