{"id":10882,"date":"2025-07-21T18:25:04","date_gmt":"2025-07-21T21:25:04","guid":{"rendered":"https:\/\/gracelandjuegos.com.ar\/web\/?post_type=product&#038;p=10882"},"modified":"2025-09-10T15:02:57","modified_gmt":"2025-09-10T18:02:57","slug":"fantasma-blitz-mini","status":"publish","type":"product","link":"https:\/\/gracelandjuegos.com.ar\/web\/product\/fantasma-blitz-mini\/","title":{"rendered":"Fantasma Blitz Mini"},"content":{"rendered":"<p>Fantasma Blitz Mini es la versi\u00f3n en miniatura del cl\u00e1sico\u00a0Fantasma Blitz.<\/p>\n<p>Fantasma Blitz es un juego r\u00e1pido de reconocimiento de formas y colores que pondr\u00e1 a prueba tus reflejos y velocidad.<\/p>\n<p>En Fantasma Blitz, hay cinco objetos en la mesa: un fantasma blanco, una botella verde, un rat\u00f3n gris, un libro azul y un sill\u00f3n rojo. Cada carta en el mazo muestra im\u00e1genes de dos objetos, con uno o ambos objetos coloreados de manera incorrecta. Con todos los jugadores jugando al mismo tiempo, alguien revela una carta, y luego los jugadores deben agarrar el objeto &#8220;correcto&#8221;, pero \u00bfcu\u00e1l es el objeto correcto?<\/p>\n<ul>\n<li>Si en la carta aparece un objeto que coincide en color con el objeto que est\u00e1 en la mesa (por ejemplo, una de las im\u00e1genes es una botella verde), los jugadores deben agarrar ese objeto.<\/li>\n<li>Si en la carta, ambos objetos aparecen con su color incorrecto (por ejemplo, un fantasma verde y un rat\u00f3n rojo), entonces los jugadores deben agarrar el objeto que no coincide en color ni en forma con ninguno de los representados en la carta. En el caso del ejemplo, el objeto que deben agarrar es el libro azul porque aparece el color verde (que le pertenece a la botella) y rojo (que le pertenece al sill\u00f3n) y aparecen el fantasma (que es blanco) y el rat\u00f3n (que es gris), por lo tanto lo que no figura de ninguna manera es el color azul y el libro.<\/li>\n<\/ul>\n<p>El primer jugador en agarrar el objeto correcto se queda con la carta y luego revela la siguiente carta del mazo. Si un jugador agarra el objeto incorrecto, debe descartar una carta que haya recolectado previamente. Una vez que el mazo de cartas se agota, el juego termina y el jugador que haya recolectado m\u00e1s cartas gana.<\/p>\n","protected":false},"excerpt":{"rendered":"<p>G\u00e9nero: Familiar, Party.<br \/>\nCategor\u00edas: Cartas, Destreza, Tiempo Real, Infantil, Reconocimineto visual, Velocidad.<br \/>\nDise\u00f1ado Por: <span class=\"ng-binding\">Jacques Zeimet<\/span><br \/>\nEditorial: Devir<br \/>\nEdad M\u00ednima Recomendada: 8 A\u00f1os<br \/>\nDificultad: 1,00\/5<br \/>\nN\u00ba de Jugadores: 2 a 8<br \/>\nDuraci\u00f3n Promedio de la Partida: 30 Minutos<br \/>\nIdioma: Espa\u00f1ol<\/p>\n","protected":false},"featured_media":10874,"comment_status":"closed","ping_status":"closed","template":"","meta":[],"product_brand":[],"product_cat":[339,243,329],"product_tag":[],"class_list":{"0":"post-10882","1":"product","2":"type-product","3":"status-publish","4":"has-post-thumbnail","6":"product_cat-devir","7":"product_cat-juegos-de-mesa","8":"product_cat-recomendados","10":"first","11":"instock","12":"shipping-taxable","13":"purchasable","14":"product-type-simple"},"_links":{"self":[{"href":"https:\/\/gracelandjuegos.com.ar\/web\/wp-json\/wp\/v2\/product\/10882","targetHints":{"allow":["GET"]}}],"collection":[{"href":"https:\/\/gracelandjuegos.com.ar\/web\/wp-json\/wp\/v2\/product"}],"about":[{"href":"https:\/\/gracelandjuegos.com.ar\/web\/wp-json\/wp\/v2\/types\/product"}],"replies":[{"embeddable":true,"href":"https:\/\/gracelandjuegos.com.ar\/web\/wp-json\/wp\/v2\/comments?post=10882"}],"wp:featuredmedia":[{"embeddable":true,"href":"https:\/\/gracelandjuegos.com.ar\/web\/wp-json\/wp\/v2\/media\/10874"}],"wp:attachment":[{"href":"https:\/\/gracelandjuegos.com.ar\/web\/wp-json\/wp\/v2\/media?parent=10882"}],"wp:term":[{"taxonomy":"product_brand","embeddable":true,"href":"https:\/\/gracelandjuegos.com.ar\/web\/wp-json\/wp\/v2\/product_brand?post=10882"},{"taxonomy":"product_cat","embeddable":true,"href":"https:\/\/gracelandjuegos.com.ar\/web\/wp-json\/wp\/v2\/product_cat?post=10882"},{"taxonomy":"product_tag","embeddable":true,"href":"https:\/\/gracelandjuegos.com.ar\/web\/wp-json\/wp\/v2\/product_tag?post=10882"}],"curies":[{"name":"wp","href":"https:\/\/api.w.org\/{rel}","templated":true}]}}