{"id":10881,"date":"2025-07-21T18:20:32","date_gmt":"2025-07-21T21:20:32","guid":{"rendered":"https:\/\/gracelandjuegos.com.ar\/web\/?post_type=product&#038;p=10881"},"modified":"2026-02-17T20:29:06","modified_gmt":"2026-02-17T23:29:06","slug":"guerra-del-anillo-segunda-edicion","status":"publish","type":"product","link":"https:\/\/gracelandjuegos.com.ar\/web\/product\/guerra-del-anillo-segunda-edicion\/","title":{"rendered":"Guerra del Anillo (Segunda Edici\u00f3n)"},"content":{"rendered":"<p>En La Guerra del Anillo, un grupo de jugadores toma el control de los Pueblos Libres, mientras que otro controla los ej\u00e9rcitos de la Sombra. Inicialmente, las naciones de los Pueblos Libres son reacias a alzarse en armas contra Sauron, por lo que deben sufrir un ataque o ser persuadidas por Gandalf u otros Compa\u00f1eros para que comiencen a luchar: esto est\u00e1 representado por el Marcador Pol\u00edtico, que muestra si una naci\u00f3n est\u00e1 lista para luchar en la Guerra del Anillo o no.<\/p>\n<p>El juego se puede ganar mediante una victoria militar si Sauron conquista un cierto n\u00famero de ciudades y fortalezas de los Pueblos Libres, o viceversa. Pero la verdadera esperanza de los Pueblos Libres radica en la misi\u00f3n del Portador del Anillo: mientras los ej\u00e9rcitos se enfrentan en la Tierra Media, la Comunidad del Anillo est\u00e1 tratando de llegar en secreto al monte del Destino para destruir el Anillo \u00danico. Sauron no es consciente de la intenci\u00f3n real de sus enemigos, pero est\u00e1 buscando el precioso Anillo en la Tierra Media, por lo que la Comunidad se enfrentar\u00e1 a numerosos peligros, representados por las reglas de la B\u00fasqueda del anillo. Aun as\u00ed, la Comunidad puede impulsar a los Pueblos Libres a la lucha contra Sauron, por lo que el jugador que los representa debe equilibrar la necesidad de proteger al Portador del Anillo de cualquier da\u00f1o con la de armar una defensa adecuada contra los ej\u00e9rcitos de la Sombra, para que no invadan la Tierra Media antes de que el Portador del Anillo complete su misi\u00f3n.<\/p>\n","protected":false},"excerpt":{"rendered":"<p>G\u00e9nero: Tem\u00e1tico, Wargame.<br \/>\nCategor\u00edas: Fantas\u00eda, Combate, Cartas, Miniaturas, Dados, Control de Territorio, Asim\u00e9trico.<br \/>\nDise\u00f1ado Por: <span class=\"ng-scope\"><a title=\"Roberto Di Meglio\" href=\"https:\/\/boardgamegeek.com\/boardgamedesigner\/3247\/roberto-di-meglio\"><span class=\"ng-binding\">Roberto D<\/span><\/a><span class=\"ng-binding\">i<\/span><a title=\"Roberto Di Meglio\" href=\"https:\/\/boardgamegeek.com\/boardgamedesigner\/3247\/roberto-di-meglio\"><span class=\"ng-binding\"> Meglio<\/span><\/a>,\u00a0<\/span><span class=\"ng-scope\"><span class=\"ng-binding\">Marco Maggi<\/span>,\u00a0<\/span><span class=\"ng-scope\"><span class=\"ng-binding\">Francesco Nepitello<\/span><\/span><br \/>\nEditorial: Devir<br \/>\nEdad M\u00ednima Recomendada: 13 A\u00f1os<br \/>\nDificultad: 4,22\/5<br \/>\nN\u00ba de Jugadores: 2 a 4<br \/>\nDuraci\u00f3n Promedio de la Partida: 180 Minutos<br \/>\nIdioma: Espa\u00f1ol<\/p>\n","protected":false},"featured_media":10876,"comment_status":"closed","ping_status":"closed","template":"","meta":[],"product_brand":[],"product_cat":[339,243,329],"product_tag":[],"class_list":{"0":"post-10881","1":"product","2":"type-product","3":"status-publish","4":"has-post-thumbnail","6":"product_cat-devir","7":"product_cat-juegos-de-mesa","8":"product_cat-recomendados","10":"first","11":"outofstock","12":"shipping-taxable","13":"purchasable","14":"product-type-simple"},"_links":{"self":[{"href":"https:\/\/gracelandjuegos.com.ar\/web\/wp-json\/wp\/v2\/product\/10881","targetHints":{"allow":["GET"]}}],"collection":[{"href":"https:\/\/gracelandjuegos.com.ar\/web\/wp-json\/wp\/v2\/product"}],"about":[{"href":"https:\/\/gracelandjuegos.com.ar\/web\/wp-json\/wp\/v2\/types\/product"}],"replies":[{"embeddable":true,"href":"https:\/\/gracelandjuegos.com.ar\/web\/wp-json\/wp\/v2\/comments?post=10881"}],"wp:featuredmedia":[{"embeddable":true,"href":"https:\/\/gracelandjuegos.com.ar\/web\/wp-json\/wp\/v2\/media\/10876"}],"wp:attachment":[{"href":"https:\/\/gracelandjuegos.com.ar\/web\/wp-json\/wp\/v2\/media?parent=10881"}],"wp:term":[{"taxonomy":"product_brand","embeddable":true,"href":"https:\/\/gracelandjuegos.com.ar\/web\/wp-json\/wp\/v2\/product_brand?post=10881"},{"taxonomy":"product_cat","embeddable":true,"href":"https:\/\/gracelandjuegos.com.ar\/web\/wp-json\/wp\/v2\/product_cat?post=10881"},{"taxonomy":"product_tag","embeddable":true,"href":"https:\/\/gracelandjuegos.com.ar\/web\/wp-json\/wp\/v2\/product_tag?post=10881"}],"curies":[{"name":"wp","href":"https:\/\/api.w.org\/{rel}","templated":true}]}}