{"id":10880,"date":"2025-07-21T18:16:02","date_gmt":"2025-07-21T21:16:02","guid":{"rendered":"https:\/\/gracelandjuegos.com.ar\/web\/?post_type=product&#038;p=10880"},"modified":"2026-02-17T20:29:22","modified_gmt":"2026-02-17T23:29:22","slug":"codigo-secreto","status":"publish","type":"product","link":"https:\/\/gracelandjuegos.com.ar\/web\/product\/codigo-secreto\/","title":{"rendered":"C\u00f3digo Secreto"},"content":{"rendered":"<p>C\u00f3digo Secreto es un juego en el que se mezcla la intriga, el espionaje y las claves secretas. Ponete en la piel de un esp\u00eda y descubr\u00ed la identidad de tus compa\u00f1eros.<\/p>\n<p>Los jugadores se reparten en dos equipos. Para una partida normal se necesitan al menos cuatro jugadores (2 equipos de 2 personas), aunque existen variantes para dos o tres jugadores. Cada equipo deber\u00e1 elegir un jugador para que sea el jefe de la red de espionaje. Los dos jefes de esp\u00edas se sentar\u00e1n en el mismo lado de la mesa y podr\u00e1n ver la disposici\u00f3n de todos los esp\u00edas secretos y del asesino. El resto de jugadores se sentar\u00e1n enfrente de sus jefes y har\u00e1n de agentes de campo. Entre ambos, se despliegan 25 tarjetas con una palabra impresa, formando un cuadrado de 5&#215;5.<\/p>\n<p>Los jefes de esp\u00edas se ir\u00e1n alternando para aportar pistas compuestas por una sola palabra. Una pista puede relacionarse con varias de las palabras que hay sobre la mesa. Los jefes tendr\u00e1n que decir un n\u00famero, que indicar\u00e1 a sus compa\u00f1eros de equipo cu\u00e1ntos nombres en clave est\u00e1n relacionados con esa pista. Los agentes de campo intentar\u00e1n adivinar a qu\u00e9 palabra o palabras se refiere su jefe. Cuando un agente toque una palabra, el jefe de esp\u00edas revelar\u00e1 su identidad secreta. Si se trata de uno de sus agentes, estos podr\u00e1n seguir adivinando hasta que se queden sin ideas para la pista que les han dado o hasta que se\u00f1alen una persona que no sea de su equipo; si fallan o se detienen, empezar\u00e1 el turno del equipo rival. El primer equipo en contactar con todos sus agentes ganar\u00e1 la partida. Pero mucho cuidado, si revelan la carta del asesino, el juego termina de forma inmediata, perdiendo la partida el equipo que la revele.<\/p>\n","protected":false},"excerpt":{"rendered":"<p>G\u00e9nero: Party.<br \/>\nCategor\u00edas: Cartas, Deducci\u00f3n, Esp\u00edas, Agente Secreto, Palabras, Memoria, Comunicaci\u00f3n Limitada, Roles Secretos.<br \/>\nDise\u00f1ado Por: <span class=\"ng-binding\">Vlaada Chv\u00e1til<\/span><br \/>\nEditorial: Devir<br \/>\nEdad M\u00ednima Recomendada: 14 A\u00f1os<br \/>\nDificultad: 1,26\/5<br \/>\nN\u00ba de Jugadores: 2 a 8<br \/>\nDuraci\u00f3n Promedio de la Partida: 15 Minutos<br \/>\nIdioma: Espa\u00f1ol<\/p>\n","protected":false},"featured_media":10873,"comment_status":"closed","ping_status":"closed","template":"","meta":[],"product_brand":[],"product_cat":[339,243,329],"product_tag":[],"class_list":{"0":"post-10880","1":"product","2":"type-product","3":"status-publish","4":"has-post-thumbnail","6":"product_cat-devir","7":"product_cat-juegos-de-mesa","8":"product_cat-recomendados","10":"first","11":"outofstock","12":"shipping-taxable","13":"purchasable","14":"product-type-simple"},"_links":{"self":[{"href":"https:\/\/gracelandjuegos.com.ar\/web\/wp-json\/wp\/v2\/product\/10880","targetHints":{"allow":["GET"]}}],"collection":[{"href":"https:\/\/gracelandjuegos.com.ar\/web\/wp-json\/wp\/v2\/product"}],"about":[{"href":"https:\/\/gracelandjuegos.com.ar\/web\/wp-json\/wp\/v2\/types\/product"}],"replies":[{"embeddable":true,"href":"https:\/\/gracelandjuegos.com.ar\/web\/wp-json\/wp\/v2\/comments?post=10880"}],"wp:featuredmedia":[{"embeddable":true,"href":"https:\/\/gracelandjuegos.com.ar\/web\/wp-json\/wp\/v2\/media\/10873"}],"wp:attachment":[{"href":"https:\/\/gracelandjuegos.com.ar\/web\/wp-json\/wp\/v2\/media?parent=10880"}],"wp:term":[{"taxonomy":"product_brand","embeddable":true,"href":"https:\/\/gracelandjuegos.com.ar\/web\/wp-json\/wp\/v2\/product_brand?post=10880"},{"taxonomy":"product_cat","embeddable":true,"href":"https:\/\/gracelandjuegos.com.ar\/web\/wp-json\/wp\/v2\/product_cat?post=10880"},{"taxonomy":"product_tag","embeddable":true,"href":"https:\/\/gracelandjuegos.com.ar\/web\/wp-json\/wp\/v2\/product_tag?post=10880"}],"curies":[{"name":"wp","href":"https:\/\/api.w.org\/{rel}","templated":true}]}}