{"id":10864,"date":"2025-05-16T17:28:58","date_gmt":"2025-05-16T20:28:58","guid":{"rendered":"https:\/\/gracelandjuegos.com.ar\/web\/?post_type=product&#038;p=10864"},"modified":"2025-09-10T15:29:55","modified_gmt":"2025-09-10T18:29:55","slug":"survive-the-island","status":"publish","type":"product","link":"https:\/\/gracelandjuegos.com.ar\/web\/product\/survive-the-island\/","title":{"rendered":"Survive The Island"},"content":{"rendered":"<p>Los volcanes entran en erupci\u00f3n, la isla comienza lentamente a hundirse y deber\u00e1s ayudar a tus aventureros a escapar &#8211; especialmente a quienes tengan la mayor cantidad de tesoros. Podr\u00e1n nadar o subirse a una balsa, pero deber\u00e1n evitar a las serpientes marinas, al kaij\u00fa y a los los tiburones.<\/p>\n<p>Recuper\u00e1 la mayor cantidad de tesoros\u2026 \u00a1Y gan\u00e1!<\/p>\n","protected":false},"excerpt":{"rendered":"<p>G\u00e9nero: Familiar.<br \/>\nCategor\u00edas: Aventura, Fantas\u00eda, Mitolog\u00eda, Dados, Puntos de Acci\u00f3n, Grilla, Mapa.<br \/>\nDise\u00f1ado Por: <span class=\"ng-binding\">Julian Courtland-Smith<\/span><br \/>\nEdad M\u00ednima Recomendada: 8 A\u00f1os<br \/>\nDificultad: 1,14\/5<br \/>\nN\u00ba de Jugadores: 2 a 5<br \/>\nDuraci\u00f3n Promedio de la Partida: 45 Minutos<br \/>\nIdioma: Espa\u00f1ol<\/p>\n","protected":false},"featured_media":10862,"comment_status":"closed","ping_status":"closed","template":"","meta":[],"product_brand":[],"product_cat":[243,328,351],"product_tag":[],"class_list":{"0":"post-10864","1":"product","2":"type-product","3":"status-publish","4":"has-post-thumbnail","6":"product_cat-juegos-de-mesa","7":"product_cat-novedades","8":"product_cat-top-toys","10":"first","11":"instock","12":"shipping-taxable","13":"purchasable","14":"product-type-simple"},"_links":{"self":[{"href":"https:\/\/gracelandjuegos.com.ar\/web\/wp-json\/wp\/v2\/product\/10864","targetHints":{"allow":["GET"]}}],"collection":[{"href":"https:\/\/gracelandjuegos.com.ar\/web\/wp-json\/wp\/v2\/product"}],"about":[{"href":"https:\/\/gracelandjuegos.com.ar\/web\/wp-json\/wp\/v2\/types\/product"}],"replies":[{"embeddable":true,"href":"https:\/\/gracelandjuegos.com.ar\/web\/wp-json\/wp\/v2\/comments?post=10864"}],"wp:featuredmedia":[{"embeddable":true,"href":"https:\/\/gracelandjuegos.com.ar\/web\/wp-json\/wp\/v2\/media\/10862"}],"wp:attachment":[{"href":"https:\/\/gracelandjuegos.com.ar\/web\/wp-json\/wp\/v2\/media?parent=10864"}],"wp:term":[{"taxonomy":"product_brand","embeddable":true,"href":"https:\/\/gracelandjuegos.com.ar\/web\/wp-json\/wp\/v2\/product_brand?post=10864"},{"taxonomy":"product_cat","embeddable":true,"href":"https:\/\/gracelandjuegos.com.ar\/web\/wp-json\/wp\/v2\/product_cat?post=10864"},{"taxonomy":"product_tag","embeddable":true,"href":"https:\/\/gracelandjuegos.com.ar\/web\/wp-json\/wp\/v2\/product_tag?post=10864"}],"curies":[{"name":"wp","href":"https:\/\/api.w.org\/{rel}","templated":true}]}}