{"id":10859,"date":"2025-05-09T15:29:37","date_gmt":"2025-05-09T18:29:37","guid":{"rendered":"https:\/\/gracelandjuegos.com.ar\/web\/?post_type=product&#038;p=10859"},"modified":"2025-05-09T15:29:37","modified_gmt":"2025-05-09T18:29:37","slug":"azul","status":"publish","type":"product","link":"https:\/\/gracelandjuegos.com.ar\/web\/product\/azul\/","title":{"rendered":"Azul"},"content":{"rendered":"<p>\u00a1Lleg\u00f3 Azul!\u00a0Un emocionante juego de estrategia familiar en el que tendr\u00e1s que armar\u00a0 paredes de azulejos para el rey de Portugal.<\/p>\n<p>Compet\u00ed con tus amigos y familiares para sumar la mayor cantidad de puntos, eligiendo cuidadosamente los azulejos que usar\u00e1s para crear patrones impresionantes. Con mec\u00e1nicas simples, cada decisi\u00f3n puede llevarte a la victoria.<\/p>\n<p>\u00a1Demostr\u00e1 tu habilidad y convertite en el mejor artista del palacio!<\/p>\n","protected":false},"excerpt":{"rendered":"<p>G\u00e9nero: Familiar, Estrategia.<br \/>\nCategor\u00edas: Puzzle, Renacimiento, Drafting, Grilla, Patrones, Colecciones.<br \/>\nDise\u00f1ado Por: M<span class=\"ng-binding\">ichael Kiesling<\/span><br \/>\nEditorial: Maldon<br \/>\nEdad M\u00ednima Recomendada: 8 A\u00f1os<br \/>\nDificultad: 1,77\/5<br \/>\nN\u00ba de Jugadores: 2 a 4<br \/>\nDuraci\u00f3n Promedio de la Partida: 45 Minutos<br \/>\nIdioma: Espa\u00f1ol<\/p>\n","protected":false},"featured_media":10840,"comment_status":"closed","ping_status":"closed","template":"","meta":[],"product_brand":[],"product_cat":[243,343,328,329],"product_tag":[],"class_list":{"0":"post-10859","1":"product","2":"type-product","3":"status-publish","4":"has-post-thumbnail","6":"product_cat-juegos-de-mesa","7":"product_cat-maldon","8":"product_cat-novedades","9":"product_cat-recomendados","11":"first","12":"instock","13":"shipping-taxable","14":"purchasable","15":"product-type-simple"},"_links":{"self":[{"href":"https:\/\/gracelandjuegos.com.ar\/web\/wp-json\/wp\/v2\/product\/10859","targetHints":{"allow":["GET"]}}],"collection":[{"href":"https:\/\/gracelandjuegos.com.ar\/web\/wp-json\/wp\/v2\/product"}],"about":[{"href":"https:\/\/gracelandjuegos.com.ar\/web\/wp-json\/wp\/v2\/types\/product"}],"replies":[{"embeddable":true,"href":"https:\/\/gracelandjuegos.com.ar\/web\/wp-json\/wp\/v2\/comments?post=10859"}],"wp:featuredmedia":[{"embeddable":true,"href":"https:\/\/gracelandjuegos.com.ar\/web\/wp-json\/wp\/v2\/media\/10840"}],"wp:attachment":[{"href":"https:\/\/gracelandjuegos.com.ar\/web\/wp-json\/wp\/v2\/media?parent=10859"}],"wp:term":[{"taxonomy":"product_brand","embeddable":true,"href":"https:\/\/gracelandjuegos.com.ar\/web\/wp-json\/wp\/v2\/product_brand?post=10859"},{"taxonomy":"product_cat","embeddable":true,"href":"https:\/\/gracelandjuegos.com.ar\/web\/wp-json\/wp\/v2\/product_cat?post=10859"},{"taxonomy":"product_tag","embeddable":true,"href":"https:\/\/gracelandjuegos.com.ar\/web\/wp-json\/wp\/v2\/product_tag?post=10859"}],"curies":[{"name":"wp","href":"https:\/\/api.w.org\/{rel}","templated":true}]}}