{"id":10858,"date":"2025-05-09T15:25:16","date_gmt":"2025-05-09T18:25:16","guid":{"rendered":"https:\/\/gracelandjuegos.com.ar\/web\/?post_type=product&#038;p=10858"},"modified":"2025-10-06T17:27:51","modified_gmt":"2025-10-06T20:27:51","slug":"splendor","status":"publish","type":"product","link":"https:\/\/gracelandjuegos.com.ar\/web\/product\/splendor\/","title":{"rendered":"Splendor"},"content":{"rendered":"<p>Splendor es el juegazo ideal para los que aman la estrategia sin complicarse la vida. Ac\u00e1 sos un comerciante que junta gemas, compra cartas y arma su imperio para que los nobles te den bola. F\u00e1cil de aprender, r\u00e1pido de jugar y con ese gustito a &#8216;una partidita m\u00e1s&#8217;. \u00bfTe anim\u00e1s a convertirte en el magnate del Renacimiento?&#8221;<\/p>\n<p data-start=\"61\" data-end=\"94\">\u00bfC\u00f3mo se juega Splendor?<\/p>\n<p data-start=\"96\" data-end=\"147\">En cada turno pod\u00e9s hacer 1 de estas acciones.<\/p>\n<p data-start=\"149\" data-end=\"471\">Agarr\u00e1s fichas de gemas\u00a0(tres distintas o dos iguales, si hay disponibles).<br data-start=\"232\" data-end=\"235\" \/>Compr\u00e1s cartas\u00a0con las gemas que juntaste. Las cartas te dan puntos y descuentos para futuras compras.<br data-start=\"345\" data-end=\"348\" \/>Reserv\u00e1s cartas\u00a0si quer\u00e9s asegurarte una joyita para m\u00e1s adelante y de paso te llev\u00e1s una ficha de oro (comod\u00edn).<\/p>\n<p data-start=\"473\" data-end=\"622\">A medida que compr\u00e1s cartas, arm\u00e1s tu motor de juego y atra\u00e9s la atenci\u00f3n de los nobles, que te regalan puntos extra si cumpl\u00eds con sus requisitos.<\/p>\n<p data-start=\"624\" data-end=\"887\">\u00bfC\u00f3mo se gana?<br data-start=\"645\" data-end=\"648\" \/>El primer jugador en llegar a\u00a015 puntos de prestigio\u00a0dispara el final de la partida. Se juega hasta completar la ronda y el que tenga m\u00e1s puntos, se lleva la victoria (y el orgullo de ser el comerciante m\u00e1s picante del Renacimiento).<\/p>\n<p data-start=\"889\" data-end=\"983\">R\u00e1pido de aprender, estrat\u00e9gico y con un nivel de vicio peligroso. \u00bfTe anim\u00e1s a probarlo?<\/p>\n","protected":false},"excerpt":{"rendered":"<p>G\u00e9nero: Familiar.<br \/>\nCategor\u00edas: Cartas, Econom\u00eda, Renacimiento, Contratos, Drafting, Carrera, Colecciones.<br \/>\nDise\u00f1ado Por: <span class=\"ng-binding\">Marc Andr\u00e9<\/span><br \/>\nEditorial: Maldon<br \/>\nEdad M\u00ednima Recomendada: 10 A\u00f1os<br \/>\nDificultad: 1,78\/5<br \/>\nN\u00ba de Jugadores: 2 a 4<br \/>\nDuraci\u00f3n Promedio de la Partida: 30 Minutos<br \/>\nIdioma: Espa\u00f1ol<\/p>\n","protected":false},"featured_media":10841,"comment_status":"closed","ping_status":"closed","template":"","meta":[],"product_brand":[],"product_cat":[243,343,328,329],"product_tag":[],"class_list":{"0":"post-10858","1":"product","2":"type-product","3":"status-publish","4":"has-post-thumbnail","6":"product_cat-juegos-de-mesa","7":"product_cat-maldon","8":"product_cat-novedades","9":"product_cat-recomendados","11":"first","12":"outofstock","13":"shipping-taxable","14":"purchasable","15":"product-type-simple"},"_links":{"self":[{"href":"https:\/\/gracelandjuegos.com.ar\/web\/wp-json\/wp\/v2\/product\/10858","targetHints":{"allow":["GET"]}}],"collection":[{"href":"https:\/\/gracelandjuegos.com.ar\/web\/wp-json\/wp\/v2\/product"}],"about":[{"href":"https:\/\/gracelandjuegos.com.ar\/web\/wp-json\/wp\/v2\/types\/product"}],"replies":[{"embeddable":true,"href":"https:\/\/gracelandjuegos.com.ar\/web\/wp-json\/wp\/v2\/comments?post=10858"}],"wp:featuredmedia":[{"embeddable":true,"href":"https:\/\/gracelandjuegos.com.ar\/web\/wp-json\/wp\/v2\/media\/10841"}],"wp:attachment":[{"href":"https:\/\/gracelandjuegos.com.ar\/web\/wp-json\/wp\/v2\/media?parent=10858"}],"wp:term":[{"taxonomy":"product_brand","embeddable":true,"href":"https:\/\/gracelandjuegos.com.ar\/web\/wp-json\/wp\/v2\/product_brand?post=10858"},{"taxonomy":"product_cat","embeddable":true,"href":"https:\/\/gracelandjuegos.com.ar\/web\/wp-json\/wp\/v2\/product_cat?post=10858"},{"taxonomy":"product_tag","embeddable":true,"href":"https:\/\/gracelandjuegos.com.ar\/web\/wp-json\/wp\/v2\/product_tag?post=10858"}],"curies":[{"name":"wp","href":"https:\/\/api.w.org\/{rel}","templated":true}]}}