{"id":10857,"date":"2025-05-09T15:03:52","date_gmt":"2025-05-09T18:03:52","guid":{"rendered":"https:\/\/gracelandjuegos.com.ar\/web\/?post_type=product&#038;p=10857"},"modified":"2025-09-10T15:30:33","modified_gmt":"2025-09-10T18:30:33","slug":"viaje-al-centro-de-la-tierra","status":"publish","type":"product","link":"https:\/\/gracelandjuegos.com.ar\/web\/product\/viaje-al-centro-de-la-tierra\/","title":{"rendered":"Viaje al Centro de la Tierra"},"content":{"rendered":"<p>\u00a1Emprend\u00e9 la mayor aventura que ha conocido el ser humano!<br \/>\nEl prestigioso profesor de mineralog\u00eda, Otto Lidenbrock, y su sobrino Axel, descubren un pergamino secreto escrito por el alquimista Arne Saknussemm, en el siglo XV, que revela c\u00f3mo llegar al centro de la Tierra.<\/p>\n<p>En Viaje al Centro de la Tierra vivir\u00e1s la m\u00e1s famosa aventura de Julio Verne. Traz\u00e1 el camino correcto, recolect\u00e1 especies, encontr\u00e1 manantiales de agua y ten\u00e9 cuidado con las peligrosas criaturas.<\/p>\n","protected":false},"excerpt":{"rendered":"<p>G\u00e9nero: Familiar.<br \/>\nCategor\u00edas: Aventuras, Laberinto, Papel y L\u00e1piz, Bingo, Solitario, Basado en una novela.<br \/>\nDise\u00f1ado Por: <span class=\"ng-binding\">Alberto Mill\u00e1n<\/span><br \/>\nEditorial: Top Toys<br \/>\nEdad M\u00ednima Recomendada: 10 A\u00f1os<br \/>\nDificultad: 1,77\/5<br \/>\nN\u00ba de Jugadores: 1 a 50<br \/>\nDuraci\u00f3n Promedio de la Partida: 20 Minutos<br \/>\nIdioma: Espa\u00f1ol<\/p>\n","protected":false},"featured_media":10850,"comment_status":"closed","ping_status":"closed","template":"","meta":[],"product_brand":[],"product_cat":[243,351],"product_tag":[],"class_list":{"0":"post-10857","1":"product","2":"type-product","3":"status-publish","4":"has-post-thumbnail","6":"product_cat-juegos-de-mesa","7":"product_cat-top-toys","9":"first","10":"instock","11":"shipping-taxable","12":"purchasable","13":"product-type-simple"},"_links":{"self":[{"href":"https:\/\/gracelandjuegos.com.ar\/web\/wp-json\/wp\/v2\/product\/10857","targetHints":{"allow":["GET"]}}],"collection":[{"href":"https:\/\/gracelandjuegos.com.ar\/web\/wp-json\/wp\/v2\/product"}],"about":[{"href":"https:\/\/gracelandjuegos.com.ar\/web\/wp-json\/wp\/v2\/types\/product"}],"replies":[{"embeddable":true,"href":"https:\/\/gracelandjuegos.com.ar\/web\/wp-json\/wp\/v2\/comments?post=10857"}],"wp:featuredmedia":[{"embeddable":true,"href":"https:\/\/gracelandjuegos.com.ar\/web\/wp-json\/wp\/v2\/media\/10850"}],"wp:attachment":[{"href":"https:\/\/gracelandjuegos.com.ar\/web\/wp-json\/wp\/v2\/media?parent=10857"}],"wp:term":[{"taxonomy":"product_brand","embeddable":true,"href":"https:\/\/gracelandjuegos.com.ar\/web\/wp-json\/wp\/v2\/product_brand?post=10857"},{"taxonomy":"product_cat","embeddable":true,"href":"https:\/\/gracelandjuegos.com.ar\/web\/wp-json\/wp\/v2\/product_cat?post=10857"},{"taxonomy":"product_tag","embeddable":true,"href":"https:\/\/gracelandjuegos.com.ar\/web\/wp-json\/wp\/v2\/product_tag?post=10857"}],"curies":[{"name":"wp","href":"https:\/\/api.w.org\/{rel}","templated":true}]}}