{"id":10856,"date":"2025-05-09T14:58:27","date_gmt":"2025-05-09T17:58:27","guid":{"rendered":"https:\/\/gracelandjuegos.com.ar\/web\/?post_type=product&#038;p=10856"},"modified":"2025-09-10T15:30:52","modified_gmt":"2025-09-10T18:30:52","slug":"sweet-spicy","status":"publish","type":"product","link":"https:\/\/gracelandjuegos.com.ar\/web\/product\/sweet-spicy\/","title":{"rendered":"Sweet &amp; Spicy"},"content":{"rendered":"<p>Andaba hambriento un gatito muy lento, con ganas de comer pero sin sustento. Sin suerte ni carne se top\u00f3 con picante, y por glot\u00f3n, muy pronto, pag\u00f3 el precio llameante. De la sensaci\u00f3n picante surgi\u00f3 la gran idea de este juego flamante. \u00bfEst\u00e1s listo para Sweet &amp; Spicy?<\/p>\n<p>Sweet &amp; Spicy es un juego de enga\u00f1o en donde vas a tener que mentir sobre tus cartas mientras sospech\u00e1s de tus oponentes.<\/p>\n<p>Por turnos cada jugador juega una carta boca abajo y declara su numero y especia.<\/p>\n<p>\u00bfSospechas de una mentira? \u00bfMinti\u00f3 sobre el n\u00famero o la especia? \u00a1\u00a1Sopechas sobre el n\u00famero!!&#8230; Ahora a desafiar.<\/p>\n<p>Si el n\u00famero jugado es correcto, perdes el desafio pese a que la especia sea falsa.<\/p>\n","protected":false},"excerpt":{"rendered":"<p>G\u00e9nero: Familiar.<br \/>\nCategor\u00edas: Animales, Bluffing, Cartas, Manejo de Mano.<br \/>\nDise\u00f1ado Por: <span class=\"ng-binding\">Gy\u0151ri Zolt\u00e1n <\/span><span class=\"ng-binding\">G\u00e1bor<\/span><br \/>\nEditorial: Top Toys<br \/>\nEdad M\u00ednima Recomendada: 8 A\u00f1os<br \/>\nDificultad: 1,25\/5<br \/>\nN\u00ba de Jugadores: 2 a 6<br \/>\nDuraci\u00f3n Promedio de la Partida: 15 Minutos<br \/>\nIdioma: Espa\u00f1ol<\/p>\n","protected":false},"featured_media":10849,"comment_status":"closed","ping_status":"closed","template":"","meta":[],"product_brand":[],"product_cat":[243,351],"product_tag":[],"class_list":{"0":"post-10856","1":"product","2":"type-product","3":"status-publish","4":"has-post-thumbnail","6":"product_cat-juegos-de-mesa","7":"product_cat-top-toys","9":"first","10":"instock","11":"shipping-taxable","12":"purchasable","13":"product-type-simple"},"_links":{"self":[{"href":"https:\/\/gracelandjuegos.com.ar\/web\/wp-json\/wp\/v2\/product\/10856","targetHints":{"allow":["GET"]}}],"collection":[{"href":"https:\/\/gracelandjuegos.com.ar\/web\/wp-json\/wp\/v2\/product"}],"about":[{"href":"https:\/\/gracelandjuegos.com.ar\/web\/wp-json\/wp\/v2\/types\/product"}],"replies":[{"embeddable":true,"href":"https:\/\/gracelandjuegos.com.ar\/web\/wp-json\/wp\/v2\/comments?post=10856"}],"wp:featuredmedia":[{"embeddable":true,"href":"https:\/\/gracelandjuegos.com.ar\/web\/wp-json\/wp\/v2\/media\/10849"}],"wp:attachment":[{"href":"https:\/\/gracelandjuegos.com.ar\/web\/wp-json\/wp\/v2\/media?parent=10856"}],"wp:term":[{"taxonomy":"product_brand","embeddable":true,"href":"https:\/\/gracelandjuegos.com.ar\/web\/wp-json\/wp\/v2\/product_brand?post=10856"},{"taxonomy":"product_cat","embeddable":true,"href":"https:\/\/gracelandjuegos.com.ar\/web\/wp-json\/wp\/v2\/product_cat?post=10856"},{"taxonomy":"product_tag","embeddable":true,"href":"https:\/\/gracelandjuegos.com.ar\/web\/wp-json\/wp\/v2\/product_tag?post=10856"}],"curies":[{"name":"wp","href":"https:\/\/api.w.org\/{rel}","templated":true}]}}