{"id":10854,"date":"2025-05-09T14:41:56","date_gmt":"2025-05-09T17:41:56","guid":{"rendered":"https:\/\/gracelandjuegos.com.ar\/web\/?post_type=product&#038;p=10854"},"modified":"2025-09-10T15:31:34","modified_gmt":"2025-09-10T18:31:34","slug":"lpm-lamentablemente-pensaste-mal","status":"publish","type":"product","link":"https:\/\/gracelandjuegos.com.ar\/web\/product\/lpm-lamentablemente-pensaste-mal\/","title":{"rendered":"LPM! (Lamentablemente Pensaste Mal)"},"content":{"rendered":"<p>\u00a1Preparate para re\u00edr como nunca antes con LPM!\u00a0\u2026y que sea lo que sea! Este juego de cartas es la receta perfecta para hacer de tus reuniones una experiencia inolvidable.<\/p>\n<p>Contenido del juego:\u00a0&#8211;\u00a0103 cartas negras\u00a0con preguntas que pondr\u00e1n a prueba tu ingenio. &#8211;\u00a0297 cartas blancas\u00a0para que combines respuestas absurdas y disparatadas.<\/p>\n<p>Ideal para\u00a02 a 20 jugadores\u00a0mayores de\u00a018 a\u00f1os, LPM! es un juego que no requiere reglas complicadas: un jugador lee una pregunta y los dem\u00e1s responden con lo m\u00e1s gracioso que se les ocurra. \u00a1Acordate que la peor combinaci\u00f3n puede ser la que m\u00e1s risa genere!<\/p>\n<p>Convert\u00ed cada encuentro en una fiesta de humor negro y absurdo. \u00a1Animate a jugar y que gane el m\u00e1s atrevido!<\/p>\n","protected":false},"excerpt":{"rendered":"<p>G\u00e9nero: Party.<br \/>\nCategor\u00edas: Cartas, Humor, Manejo de Mano, Juez.<br \/>\nPublicado Por: Top Toys<br \/>\nEdad M\u00ednima Recomendada: 18 A\u00f1os<br \/>\nDificultad: 1,17\/5<br \/>\nN\u00ba de Jugadores: 2 a 20<br \/>\nDuraci\u00f3n Promedio de la Partida: 30 Minutos<br \/>\nIdioma: Espa\u00f1ol<\/p>\n","protected":false},"featured_media":10847,"comment_status":"closed","ping_status":"closed","template":"","meta":[],"product_brand":[],"product_cat":[234,351],"product_tag":[],"class_list":{"0":"post-10854","1":"product","2":"type-product","3":"status-publish","4":"has-post-thumbnail","6":"product_cat-juegos-de-previa","7":"product_cat-top-toys","9":"first","10":"instock","11":"shipping-taxable","12":"purchasable","13":"product-type-simple"},"_links":{"self":[{"href":"https:\/\/gracelandjuegos.com.ar\/web\/wp-json\/wp\/v2\/product\/10854","targetHints":{"allow":["GET"]}}],"collection":[{"href":"https:\/\/gracelandjuegos.com.ar\/web\/wp-json\/wp\/v2\/product"}],"about":[{"href":"https:\/\/gracelandjuegos.com.ar\/web\/wp-json\/wp\/v2\/types\/product"}],"replies":[{"embeddable":true,"href":"https:\/\/gracelandjuegos.com.ar\/web\/wp-json\/wp\/v2\/comments?post=10854"}],"wp:featuredmedia":[{"embeddable":true,"href":"https:\/\/gracelandjuegos.com.ar\/web\/wp-json\/wp\/v2\/media\/10847"}],"wp:attachment":[{"href":"https:\/\/gracelandjuegos.com.ar\/web\/wp-json\/wp\/v2\/media?parent=10854"}],"wp:term":[{"taxonomy":"product_brand","embeddable":true,"href":"https:\/\/gracelandjuegos.com.ar\/web\/wp-json\/wp\/v2\/product_brand?post=10854"},{"taxonomy":"product_cat","embeddable":true,"href":"https:\/\/gracelandjuegos.com.ar\/web\/wp-json\/wp\/v2\/product_cat?post=10854"},{"taxonomy":"product_tag","embeddable":true,"href":"https:\/\/gracelandjuegos.com.ar\/web\/wp-json\/wp\/v2\/product_tag?post=10854"}],"curies":[{"name":"wp","href":"https:\/\/api.w.org\/{rel}","templated":true}]}}