{"id":10853,"date":"2025-05-09T14:33:23","date_gmt":"2025-05-09T17:33:23","guid":{"rendered":"https:\/\/gracelandjuegos.com.ar\/web\/?post_type=product&#038;p=10853"},"modified":"2025-09-10T15:31:53","modified_gmt":"2025-09-10T18:31:53","slug":"escapa-fuga-de-alcatraz","status":"publish","type":"product","link":"https:\/\/gracelandjuegos.com.ar\/web\/product\/escapa-fuga-de-alcatraz\/","title":{"rendered":"Escapa Fuga de Alcatraz"},"content":{"rendered":"<p id=\"tw-target-text\" class=\"tw-data-text tw-text-large XcVN5d tw-ta\" dir=\"ltr\" data-placeholder=\"Traducci\u00f3n\"><span class=\"Y2IQFc\" lang=\"es\">Escapa: Fuga de Alcatraz forma parte de una serie de juegos cooperativos inspirados en salas de escape reales, en las que un grupo de personas quedan \u201catrapadas\u201d dentro de una habitaci\u00f3n llena de acertijos y objetos extra\u00f1os.<\/span><\/p>\n<p class=\"tw-data-text tw-text-large XcVN5d tw-ta\" dir=\"ltr\" data-placeholder=\"Traducci\u00f3n\"><span class=\"Y2IQFc\" lang=\"es\">El objetivo del juego es resolver acertijos, comprender la trama de la historia y hacer un uso inteligente de los elementos proporcionados para salir de la habitaci\u00f3n lo m\u00e1s r\u00e1pido posible.<\/span><\/p>\n<p class=\"tw-data-text tw-text-large XcVN5d tw-ta\" dir=\"ltr\" data-placeholder=\"Traducci\u00f3n\">\u00a1Liberate de la Isla Alcatraz!<\/p>\n<p>Nadie ha conseguido jam\u00e1s escapar de Alcatraz. La isla est\u00e1 a m\u00e1s de una milla de la costa m\u00e1s cercana, rodeada por aguas heladas y hambrientos tiburones, por no hablar de los peligrosos criminales y de los experimentados guardias que patrullan los bloques.\u00a0<strong>\u00bfQui\u00e9n te ha metido ah\u00ed? \u00bfPor qu\u00e9? \u00bfCu\u00e1ndo?<\/strong>\u00a0Ten\u00e9s un horrible dolor de cabeza\u2026 \u00a1Y no pod\u00e9s recordar qu\u00e9 pas\u00f3 antes de despertarte en esta fr\u00eda y oscura celda!<\/p>\n<p>Empez\u00e1s a planear tu fuga, pero no podr\u00e1s hacerlo solo: \u00a1Necesitar\u00e1s algunos c\u00f3mplices!<\/p>\n<p>\u00bfConseguir\u00e1s liberarte y descubrir las misteriosas circunstancias que te han metido en La Roca?<\/p>\n","protected":false},"excerpt":{"rendered":"<p>G\u00e9nero: Tem\u00e1tico, Familiar.<br \/>\nCategor\u00edas: Sala de Escape, Aventuras, Cartas, Rompecabezas, Tiempo Real.<br \/>\nDise\u00f1ado Por:\u00a0<span class=\"ng-scope\">Martino Chiacchiera,\u00a0<\/span><span class=\"ng-scope\">Silvano Sorrentino<\/span><br \/>\nEditorial: Top Toys<br \/>\nEdad M\u00ednima Recomendada: 12 A\u00f1os<br \/>\nDificultad: 1,47\/5<br \/>\nN\u00ba de Jugadores: 1 a 6<br \/>\nDuraci\u00f3n Promedio de la Partida: 60 Minutos<br \/>\nIdioma: Espa\u00f1ol<\/p>\n","protected":false},"featured_media":10846,"comment_status":"closed","ping_status":"closed","template":"","meta":[],"product_brand":[],"product_cat":[243,351],"product_tag":[],"class_list":{"0":"post-10853","1":"product","2":"type-product","3":"status-publish","4":"has-post-thumbnail","6":"product_cat-juegos-de-mesa","7":"product_cat-top-toys","9":"first","10":"instock","11":"shipping-taxable","12":"purchasable","13":"product-type-simple"},"_links":{"self":[{"href":"https:\/\/gracelandjuegos.com.ar\/web\/wp-json\/wp\/v2\/product\/10853","targetHints":{"allow":["GET"]}}],"collection":[{"href":"https:\/\/gracelandjuegos.com.ar\/web\/wp-json\/wp\/v2\/product"}],"about":[{"href":"https:\/\/gracelandjuegos.com.ar\/web\/wp-json\/wp\/v2\/types\/product"}],"replies":[{"embeddable":true,"href":"https:\/\/gracelandjuegos.com.ar\/web\/wp-json\/wp\/v2\/comments?post=10853"}],"wp:featuredmedia":[{"embeddable":true,"href":"https:\/\/gracelandjuegos.com.ar\/web\/wp-json\/wp\/v2\/media\/10846"}],"wp:attachment":[{"href":"https:\/\/gracelandjuegos.com.ar\/web\/wp-json\/wp\/v2\/media?parent=10853"}],"wp:term":[{"taxonomy":"product_brand","embeddable":true,"href":"https:\/\/gracelandjuegos.com.ar\/web\/wp-json\/wp\/v2\/product_brand?post=10853"},{"taxonomy":"product_cat","embeddable":true,"href":"https:\/\/gracelandjuegos.com.ar\/web\/wp-json\/wp\/v2\/product_cat?post=10853"},{"taxonomy":"product_tag","embeddable":true,"href":"https:\/\/gracelandjuegos.com.ar\/web\/wp-json\/wp\/v2\/product_tag?post=10853"}],"curies":[{"name":"wp","href":"https:\/\/api.w.org\/{rel}","templated":true}]}}