{"id":10851,"date":"2025-05-09T14:17:29","date_gmt":"2025-05-09T17:17:29","guid":{"rendered":"https:\/\/gracelandjuegos.com.ar\/web\/?post_type=product&#038;p=10851"},"modified":"2025-09-10T15:34:12","modified_gmt":"2025-09-10T18:34:12","slug":"dobble-edicion-harry-potter","status":"publish","type":"product","link":"https:\/\/gracelandjuegos.com.ar\/web\/product\/dobble-edicion-harry-potter\/","title":{"rendered":"Dobble Edici\u00f3n Harry Potter"},"content":{"rendered":"<p>Descubr\u00ed qu\u00e9 personaje, objeto, bestia fant\u00e1stica o s\u00edmbolo de las historias de Hogwarts se repite entre dos cartas.<\/p>\n<p><span class=\"dobble_typo\">Dobble<\/span>\u00a0es un juego de cartas que se basa en la velocidad, observaci\u00f3n y reflejos, en el que los jugadores compiten por encontrar el s\u00edmbolo que coincide entre las cartas.<\/p>\n<p>M\u00e1s de\u00a0<span class=\"dobble_typo\">50<\/span>\u00a0s\u00edmbolos y\u00a0<span class=\"dobble_typo\">55<\/span>\u00a0cartas, con uno, y solamente un s\u00edmbolo id\u00e9ntico entre cada carta. \u00bfSer\u00e1s capaz de descubrirlo?<\/p>\n<p>Si ten\u00e9s un par de minutos, ten\u00e9s tiempo para un\u00a0<span class=\"dobble_typo\">Dobble<\/span>. Un juego que se salta las barreras generacionales, que pod\u00e9s jugar con toda la familia sin restricciones. Apto para ni\u00f1os, pero igual de adictivo se tenga la edad que se tenga.<\/p>\n<p>En cada una de sus 55 cartas encontr\u00e1s 8 objetos dibujados, con la particularidad que si tom\u00e1s dos cartas al azar siempre se va a repetir uno de los objetos en ambas.<\/p>\n<p>Partiendo de esa premisa el juego incluye cinco minijuegos, con la mec\u00e1nica en com\u00fan que los jugadores tienen que buscar el elemento que se repite en las cartas y nombrarlo.<\/p>\n<p>Al ser un juego \u00e1gil y sencillo pod\u00e9s usar estas reglas o inventar otras propias.<\/p>\n","protected":false},"excerpt":{"rendered":"<p>G\u00e9nero: Familiar, Party.<br \/>\nCategor\u00edas: Cartas, Patrones, Acciones Simult\u00e1neas.<br \/>\nDise\u00f1ado Por:\u00a0<span class=\"ng-scope\">Denis Blanchot,\u00a0<\/span><span class=\"ng-scope\">Jacques Cottereau,\u00a0<\/span><span class=\"ng-scope\">Guillaume Gille-Naves,\u00a0<\/span><span class=\"ng-scope\">Igor Polouchine<\/span><br \/>\nEditorial: Top Toys<br \/>\nEdad M\u00ednima Recomendada: 6 A\u00f1os<br \/>\nDificultad: 1.03\/5<br \/>\nN\u00ba de Jugadores: 2 a 8<br \/>\nDuraci\u00f3n Promedio de la Partida: 15 Minutos<br \/>\nIdioma: Espa\u00f1ol<\/p>\n","protected":false},"featured_media":10845,"comment_status":"closed","ping_status":"closed","template":"","meta":[],"product_brand":[],"product_cat":[15,243,351],"product_tag":[],"class_list":{"0":"post-10851","1":"product","2":"type-product","3":"status-publish","4":"has-post-thumbnail","6":"product_cat-uncategorized","7":"product_cat-juegos-de-mesa","8":"product_cat-top-toys","10":"first","11":"instock","12":"shipping-taxable","13":"purchasable","14":"product-type-simple"},"_links":{"self":[{"href":"https:\/\/gracelandjuegos.com.ar\/web\/wp-json\/wp\/v2\/product\/10851","targetHints":{"allow":["GET"]}}],"collection":[{"href":"https:\/\/gracelandjuegos.com.ar\/web\/wp-json\/wp\/v2\/product"}],"about":[{"href":"https:\/\/gracelandjuegos.com.ar\/web\/wp-json\/wp\/v2\/types\/product"}],"replies":[{"embeddable":true,"href":"https:\/\/gracelandjuegos.com.ar\/web\/wp-json\/wp\/v2\/comments?post=10851"}],"wp:featuredmedia":[{"embeddable":true,"href":"https:\/\/gracelandjuegos.com.ar\/web\/wp-json\/wp\/v2\/media\/10845"}],"wp:attachment":[{"href":"https:\/\/gracelandjuegos.com.ar\/web\/wp-json\/wp\/v2\/media?parent=10851"}],"wp:term":[{"taxonomy":"product_brand","embeddable":true,"href":"https:\/\/gracelandjuegos.com.ar\/web\/wp-json\/wp\/v2\/product_brand?post=10851"},{"taxonomy":"product_cat","embeddable":true,"href":"https:\/\/gracelandjuegos.com.ar\/web\/wp-json\/wp\/v2\/product_cat?post=10851"},{"taxonomy":"product_tag","embeddable":true,"href":"https:\/\/gracelandjuegos.com.ar\/web\/wp-json\/wp\/v2\/product_tag?post=10851"}],"curies":[{"name":"wp","href":"https:\/\/api.w.org\/{rel}","templated":true}]}}