{"id":10844,"date":"2025-05-09T14:02:58","date_gmt":"2025-05-09T17:02:58","guid":{"rendered":"https:\/\/gracelandjuegos.com.ar\/web\/?post_type=product&#038;p=10844"},"modified":"2025-09-10T15:34:43","modified_gmt":"2025-09-10T18:34:43","slug":"star-wars-unlimited-el-ocaso-de-la-republica-mazo-de-inicio","status":"publish","type":"product","link":"https:\/\/gracelandjuegos.com.ar\/web\/product\/star-wars-unlimited-el-ocaso-de-la-republica-mazo-de-inicio\/","title":{"rendered":"Star Wars Unlimited El Ocaso de la Rep\u00fablica Mazo de Inicio"},"content":{"rendered":"<p>\u00a1Adentrate en una galaxia de infinitas posibilidades con Star Wars: Unlimited!<\/p>\n<p>Con las sencillas reglas de este trepidante juego de cartas coleccionables, tu adversario y vos van a enfrentarse en emocionantes batallas protagonizadas por los personajes m\u00e1s emblem\u00e1ticos del universo de Star Wars. \u00a1Encabez\u00e1 una ofensiva coordinada como Ahsoka Tano o lider\u00e1 ej\u00e9rcitos de droides como el General Grievous!<\/p>\n<p>Esta caja de inicio para dos jugadores contiene todo lo necesario para aprender a jugar partidas de uno contra uno. Se incluyen dos mazos completos, reglas, fichas y dem\u00e1s componentes, as\u00ed como una colecci\u00f3n de 10 cartas exclusivas distintas que solo pueden encontrarse en esta caja de inicio.<\/p>\n<p><strong>CONTENIDO<\/strong><br \/>\n110 cartas<br \/>\n40 indicadores<br \/>\n1 reglas de inicio r\u00e1pido<br \/>\n2 tapetes de juego de papel<br \/>\n2 cajas plegadas para los mazos<\/p>\n","protected":false},"excerpt":{"rendered":"<p>G\u00e9nero: TCG, Estrategia.<br \/>\nCategor\u00edas: Cartas, Manejo de mano, Construcci\u00f3n de Mazo.<br \/>\nPublicado por:\u00a0<span class=\"ng-binding\">Fantasy Flight Games<\/span><br \/>\nEditorial: Top Toys<br \/>\nEdad M\u00ednima Recomendada: 12 A\u00f1os<br \/>\nN\u00ba de Jugadores: 2<br \/>\nDuraci\u00f3n Promedio de la Partida: 20 Minutos<br \/>\nIdioma: Espa\u00f1ol<\/p>\n","protected":false},"featured_media":10826,"comment_status":"closed","ping_status":"closed","template":"","meta":[],"product_brand":[],"product_cat":[229,351],"product_tag":[],"class_list":{"0":"post-10844","1":"product","2":"type-product","3":"status-publish","4":"has-post-thumbnail","6":"product_cat-tcg","7":"product_cat-top-toys","9":"first","10":"instock","11":"shipping-taxable","12":"purchasable","13":"product-type-simple"},"_links":{"self":[{"href":"https:\/\/gracelandjuegos.com.ar\/web\/wp-json\/wp\/v2\/product\/10844","targetHints":{"allow":["GET"]}}],"collection":[{"href":"https:\/\/gracelandjuegos.com.ar\/web\/wp-json\/wp\/v2\/product"}],"about":[{"href":"https:\/\/gracelandjuegos.com.ar\/web\/wp-json\/wp\/v2\/types\/product"}],"replies":[{"embeddable":true,"href":"https:\/\/gracelandjuegos.com.ar\/web\/wp-json\/wp\/v2\/comments?post=10844"}],"wp:featuredmedia":[{"embeddable":true,"href":"https:\/\/gracelandjuegos.com.ar\/web\/wp-json\/wp\/v2\/media\/10826"}],"wp:attachment":[{"href":"https:\/\/gracelandjuegos.com.ar\/web\/wp-json\/wp\/v2\/media?parent=10844"}],"wp:term":[{"taxonomy":"product_brand","embeddable":true,"href":"https:\/\/gracelandjuegos.com.ar\/web\/wp-json\/wp\/v2\/product_brand?post=10844"},{"taxonomy":"product_cat","embeddable":true,"href":"https:\/\/gracelandjuegos.com.ar\/web\/wp-json\/wp\/v2\/product_cat?post=10844"},{"taxonomy":"product_tag","embeddable":true,"href":"https:\/\/gracelandjuegos.com.ar\/web\/wp-json\/wp\/v2\/product_tag?post=10844"}],"curies":[{"name":"wp","href":"https:\/\/api.w.org\/{rel}","templated":true}]}}