{"id":10842,"date":"2025-05-09T13:54:08","date_gmt":"2025-05-09T16:54:08","guid":{"rendered":"https:\/\/gracelandjuegos.com.ar\/web\/?post_type=product&#038;p=10842"},"modified":"2025-09-10T15:35:09","modified_gmt":"2025-09-10T18:35:09","slug":"star-wars-unlimited-booster-el-ocaso-de-la-republica-unidad","status":"publish","type":"product","link":"https:\/\/gracelandjuegos.com.ar\/web\/product\/star-wars-unlimited-booster-el-ocaso-de-la-republica-unidad\/","title":{"rendered":"Star Wars Unlimited Booster el Ocaso de la Rep\u00fablica (Unidad)"},"content":{"rendered":"<p><strong>Los boosters de Star Wars Unlimited \u2013 El Ocaso de la Rap\u00fablica contienen 16 cartas al azar. Van a servirte para ampliar tu colecci\u00f3n pero no para empezar a jugar. Para este fin te recomendamos los mazos de inicio.\u00a0<\/strong><\/p>\n<p>Eleg\u00ed un l\u00edder, dise\u00f1\u00e1 tu mazo y desafi\u00e1 a tus rivales en este trepidante juego de reglas sencillas y posibilidades ilimitadas.<\/p>\n<p>La colecci\u00f3n de El ocaso de la Rep\u00fablica recrea los conflictos militares entre la Rep\u00fablica Gal\u00e1ctica y la Confederaci\u00f3n de Sistemas Independientes, protagonizados por los h\u00e9roes y villanos que se enfrentaron durante el transcurso de las llamadas Guerras Clon. Cada sobre de ampliaci\u00f3n permite dise\u00f1ar y mejorar mazos para partidas en los formatos uno contra uno, multijugador, preselecci\u00f3n y mazos cerrados.<\/p>\n","protected":false},"excerpt":{"rendered":"<p>G\u00e9nero: TCG, Estrategia.<br \/>\nCategor\u00edas: Cartas, Manejo de mano, Construcci\u00f3n de Mazo.<br \/>\nPublicado por: <span class=\"ng-binding\">Fantasy Flight Games<\/span><br \/>\nEditorial: Top Toys<br \/>\nEdad M\u00ednima Recomendada: 12 A\u00f1os<br \/>\nN\u00ba de Jugadores: 2<br \/>\nDuraci\u00f3n Promedio de la Partida: 20 Minutos<br \/>\nIdioma: Espa\u00f1ol<\/p>\n","protected":false},"featured_media":10825,"comment_status":"closed","ping_status":"closed","template":"","meta":[],"product_brand":[],"product_cat":[328,229,351],"product_tag":[],"class_list":{"0":"post-10842","1":"product","2":"type-product","3":"status-publish","4":"has-post-thumbnail","6":"product_cat-novedades","7":"product_cat-tcg","8":"product_cat-top-toys","10":"first","11":"instock","12":"shipping-taxable","13":"purchasable","14":"product-type-simple"},"_links":{"self":[{"href":"https:\/\/gracelandjuegos.com.ar\/web\/wp-json\/wp\/v2\/product\/10842","targetHints":{"allow":["GET"]}}],"collection":[{"href":"https:\/\/gracelandjuegos.com.ar\/web\/wp-json\/wp\/v2\/product"}],"about":[{"href":"https:\/\/gracelandjuegos.com.ar\/web\/wp-json\/wp\/v2\/types\/product"}],"replies":[{"embeddable":true,"href":"https:\/\/gracelandjuegos.com.ar\/web\/wp-json\/wp\/v2\/comments?post=10842"}],"wp:featuredmedia":[{"embeddable":true,"href":"https:\/\/gracelandjuegos.com.ar\/web\/wp-json\/wp\/v2\/media\/10825"}],"wp:attachment":[{"href":"https:\/\/gracelandjuegos.com.ar\/web\/wp-json\/wp\/v2\/media?parent=10842"}],"wp:term":[{"taxonomy":"product_brand","embeddable":true,"href":"https:\/\/gracelandjuegos.com.ar\/web\/wp-json\/wp\/v2\/product_brand?post=10842"},{"taxonomy":"product_cat","embeddable":true,"href":"https:\/\/gracelandjuegos.com.ar\/web\/wp-json\/wp\/v2\/product_cat?post=10842"},{"taxonomy":"product_tag","embeddable":true,"href":"https:\/\/gracelandjuegos.com.ar\/web\/wp-json\/wp\/v2\/product_tag?post=10842"}],"curies":[{"name":"wp","href":"https:\/\/api.w.org\/{rel}","templated":true}]}}