{"id":10835,"date":"2025-03-28T14:17:15","date_gmt":"2025-03-28T17:17:15","guid":{"rendered":"https:\/\/gracelandjuegos.com.ar\/web\/?post_type=product&#038;p=10835"},"modified":"2025-09-10T15:38:28","modified_gmt":"2025-09-10T18:38:28","slug":"concept","status":"publish","type":"product","link":"https:\/\/gracelandjuegos.com.ar\/web\/product\/concept\/","title":{"rendered":"Concept"},"content":{"rendered":"<p>En Concept, tu objetivo es adivinar palabras a trav\u00e9s de la asociaci\u00f3n de \u00edconos. Un equipo de dos jugadores elige una palabra o frase que los dem\u00e1s jugadores deben adivinar. Este equipo coloca piezas estrat\u00e9gicamente en los \u00edconos disponibles en el tablero de juego.<\/p>\n<p>Por ejemplo, para hacer que los dem\u00e1s adivinen &#8220;leche&#8221;, el equipo podr\u00eda colocar el \u00edcono de signo de interrogaci\u00f3n (que significa el concepto principal) en el \u00edcono de l\u00edquido, y luego cubos de ese color en los \u00edconos de &#8220;comida\/bebida&#8221; y &#8220;blanco&#8221;. Para un concepto m\u00e1s complicado, como &#8220;Leonardo DiCaprio&#8221;, el equipo puede usar el concepto principal y sus cubos correspondientes para dar pistas a los jugadores de que la frase oculta es un actor o director, y luego usar \u00edconos de subconcepto y sus cubos correspondientes para dar pistas sobre pel\u00edculas en las que DiCaprio ha actuado, como Titanic o Inception.<\/p>\n<p>El primer jugador en descubrir la palabra o frase recibe 2 puntos de victoria, el equipo tambi\u00e9n recibe puntos, y el jugador que termine con m\u00e1s puntos, gana.<\/p>\n","protected":false},"excerpt":{"rendered":"<p>G\u00e9nero: Party.<br \/>\nCategor\u00edas: Deducci\u00f3n, Palabras, Comunicaci\u00f3n Limitada, Equipos.<br \/>\nDise\u00f1ado Por: <span class=\"ng-scope\"><span class=\"ng-binding\">Ga\u00ebtan Beaujannot<\/span>,\u00a0<\/span><span class=\"ng-scope\"><span class=\"ng-binding\">Alain Rivollet<\/span><\/span><br \/>\nEditorial: Top Toys<br \/>\nEdad M\u00ednima Recomendada: 10 A\u00f1os<br \/>\nDificultad: 1.38\/5<br \/>\nN\u00ba de Jugadores: 4 a 12<br \/>\nDuraci\u00f3n Promedio de la Partida: 40 Minutos<br \/>\nIdioma: Espa\u00f1ol<\/p>\n","protected":false},"featured_media":10820,"comment_status":"closed","ping_status":"closed","template":"","meta":[],"product_brand":[],"product_cat":[243,329,351],"product_tag":[],"class_list":{"0":"post-10835","1":"product","2":"type-product","3":"status-publish","4":"has-post-thumbnail","6":"product_cat-juegos-de-mesa","7":"product_cat-recomendados","8":"product_cat-top-toys","10":"first","11":"outofstock","12":"shipping-taxable","13":"purchasable","14":"product-type-simple"},"_links":{"self":[{"href":"https:\/\/gracelandjuegos.com.ar\/web\/wp-json\/wp\/v2\/product\/10835","targetHints":{"allow":["GET"]}}],"collection":[{"href":"https:\/\/gracelandjuegos.com.ar\/web\/wp-json\/wp\/v2\/product"}],"about":[{"href":"https:\/\/gracelandjuegos.com.ar\/web\/wp-json\/wp\/v2\/types\/product"}],"replies":[{"embeddable":true,"href":"https:\/\/gracelandjuegos.com.ar\/web\/wp-json\/wp\/v2\/comments?post=10835"}],"wp:featuredmedia":[{"embeddable":true,"href":"https:\/\/gracelandjuegos.com.ar\/web\/wp-json\/wp\/v2\/media\/10820"}],"wp:attachment":[{"href":"https:\/\/gracelandjuegos.com.ar\/web\/wp-json\/wp\/v2\/media?parent=10835"}],"wp:term":[{"taxonomy":"product_brand","embeddable":true,"href":"https:\/\/gracelandjuegos.com.ar\/web\/wp-json\/wp\/v2\/product_brand?post=10835"},{"taxonomy":"product_cat","embeddable":true,"href":"https:\/\/gracelandjuegos.com.ar\/web\/wp-json\/wp\/v2\/product_cat?post=10835"},{"taxonomy":"product_tag","embeddable":true,"href":"https:\/\/gracelandjuegos.com.ar\/web\/wp-json\/wp\/v2\/product_tag?post=10835"}],"curies":[{"name":"wp","href":"https:\/\/api.w.org\/{rel}","templated":true}]}}