{"id":10834,"date":"2025-03-28T14:07:29","date_gmt":"2025-03-28T17:07:29","guid":{"rendered":"https:\/\/gracelandjuegos.com.ar\/web\/?post_type=product&#038;p=10834"},"modified":"2025-12-18T11:59:39","modified_gmt":"2025-12-18T14:59:39","slug":"pandemic","status":"publish","type":"product","link":"https:\/\/gracelandjuegos.com.ar\/web\/product\/pandemic\/","title":{"rendered":"Pandemic"},"content":{"rendered":"<p>Pandemic es un juego cooperativo para dos a cuatro jugadores.<\/p>\n<p>En Pandemic, varias enfermedades virulentas han estallado simult\u00e1neamente en todo el mundo. Los jugadores son especialistas en la lucha contra enfermedades cuya misi\u00f3n es tratar los focos de infecci\u00f3n mientras investigan curas para cada una de las cuatro plagas antes de que se salgan de control.<\/p>\n<p>En cada turno, un jugador puede usar hasta cuatro acciones para viajar entre ciudades, tratar a las poblaciones infectadas, descubrir una cura o construir una estaci\u00f3n de investigaci\u00f3n. Un mazo de cartas les proporciona a los jugadores estas habilidades, pero entre esas cartas est\u00e1n las de Epidemia, que aceleran e intensifican la actividad de las enfermedades. Un segundo mazo de cartas controla la propagaci\u00f3n &#8220;normal&#8221; de las infecciones.<\/p>\n<p>Ocupando un rol \u00fanico dentro del equipo, los jugadores deben planear su estrategia aprovechando las fortalezas de sus especialistas para derrotar a las enfermedades. Por ejemplo, el Experto en Operaciones puede construir estaciones de investigaci\u00f3n, necesarias para encontrar las curas y que permiten mayor movilidad entre ciudades; el Cient\u00edfico solo necesita cuatro cartas de una enfermedad en particular para curarla, en lugar de las cinco normales, Etc.<\/p>\n<p>Las enfermedades se est\u00e1n propagando r\u00e1pidamente y el tiempo se agota. Si una o m\u00e1s enfermedades se extienden m\u00e1s all\u00e1 del punto de recuperaci\u00f3n, o si transcurre demasiado tiempo, todos los jugadores pierden. Al contrario, si curan las cuatro enfermedades, todos ganan.<\/p>\n","protected":false},"excerpt":{"rendered":"<p>G\u00e9nero: Familiar, Estrategia.<br \/>\nCategor\u00edas: Medicina, Puntos de Acci\u00f3n, Cooperativo, Movimiento punto a punto, Roles.<br \/>\nDise\u00f1ado Por: <span class=\"ng-binding\">Matt <\/span><span class=\"ng-binding\">Leacock<\/span><br \/>\nEditorial: Top Toys<br \/>\nEdad M\u00ednima Recomendada: 8 A\u00f1os<br \/>\nDificultad: 2.40\/5<br \/>\nN\u00ba de Jugadores: 2 a 4<br \/>\nDuraci\u00f3n Promedio de la Partida: 45 Minutos<br \/>\nIdioma: Espa\u00f1ol<\/p>\n","protected":false},"featured_media":10824,"comment_status":"closed","ping_status":"closed","template":"","meta":[],"product_brand":[],"product_cat":[243,329,351],"product_tag":[],"class_list":{"0":"post-10834","1":"product","2":"type-product","3":"status-publish","4":"has-post-thumbnail","6":"product_cat-juegos-de-mesa","7":"product_cat-recomendados","8":"product_cat-top-toys","10":"first","11":"outofstock","12":"shipping-taxable","13":"purchasable","14":"product-type-simple"},"_links":{"self":[{"href":"https:\/\/gracelandjuegos.com.ar\/web\/wp-json\/wp\/v2\/product\/10834","targetHints":{"allow":["GET"]}}],"collection":[{"href":"https:\/\/gracelandjuegos.com.ar\/web\/wp-json\/wp\/v2\/product"}],"about":[{"href":"https:\/\/gracelandjuegos.com.ar\/web\/wp-json\/wp\/v2\/types\/product"}],"replies":[{"embeddable":true,"href":"https:\/\/gracelandjuegos.com.ar\/web\/wp-json\/wp\/v2\/comments?post=10834"}],"wp:featuredmedia":[{"embeddable":true,"href":"https:\/\/gracelandjuegos.com.ar\/web\/wp-json\/wp\/v2\/media\/10824"}],"wp:attachment":[{"href":"https:\/\/gracelandjuegos.com.ar\/web\/wp-json\/wp\/v2\/media?parent=10834"}],"wp:term":[{"taxonomy":"product_brand","embeddable":true,"href":"https:\/\/gracelandjuegos.com.ar\/web\/wp-json\/wp\/v2\/product_brand?post=10834"},{"taxonomy":"product_cat","embeddable":true,"href":"https:\/\/gracelandjuegos.com.ar\/web\/wp-json\/wp\/v2\/product_cat?post=10834"},{"taxonomy":"product_tag","embeddable":true,"href":"https:\/\/gracelandjuegos.com.ar\/web\/wp-json\/wp\/v2\/product_tag?post=10834"}],"curies":[{"name":"wp","href":"https:\/\/api.w.org\/{rel}","templated":true}]}}