{"id":10833,"date":"2025-03-28T14:01:02","date_gmt":"2025-03-28T17:01:02","guid":{"rendered":"https:\/\/gracelandjuegos.com.ar\/web\/?post_type=product&#038;p=10833"},"modified":"2025-09-10T15:39:37","modified_gmt":"2025-09-10T18:39:37","slug":"jaipur","status":"publish","type":"product","link":"https:\/\/gracelandjuegos.com.ar\/web\/product\/jaipur\/","title":{"rendered":"Jaipur"},"content":{"rendered":"<p>Jaipur es un juego de cartas para dos jugadores r\u00e1pido e intenso que te invita a competir por el favor del Maharaj\u00e1.<\/p>\n<p>En Jaipur, el objetivo es convertirse en el mercader personal del Maharaj\u00e1 consiguiendo m\u00e1s riquezas que tu oponente al final de cada semana (ronda). Para ello, consegu\u00ed e intercambi\u00e1 productos (cartas) en el mercado y luego vendelos para obtener rupias (reverso de las fichas). Si consegu\u00eds hacer una venta grande (tres cartas o m\u00e1s), recibir\u00e1s una recompensa (ficha de Bonificaci\u00f3n).<\/p>\n<p>Los camellos no tienen valor de venta, pero resultan de mucha utilidad para comerciar, especialmente cuando quer\u00e9s varios productos del mercado.<\/p>\n<p>Al final de cada ronda, el mercader m\u00e1s rico recibe un sello de Excelencia. El primer jugador que consiga 2 sellos de Excelencia gana la partida.<\/p>\n<p>&nbsp;<\/p>\n","protected":false},"excerpt":{"rendered":"<p>G\u00e9nero: Familiar.<br \/>\nCategor\u00edas: Cartas, Econom\u00eda, Mercado, Manejo de Mano, Drafting, Colecciones.<br \/>\nDise\u00f1ado Por: <span class=\"ng-binding\">S\u00e9bastien Pauchon<\/span><br \/>\nEditorial: Top Toys<br \/>\nEdad M\u00ednima Recomendada: 10 A\u00f1os<br \/>\nDificultad: 1.46\/5<br \/>\nN\u00ba de Jugadores: 2<br \/>\nDuraci\u00f3n Promedio de la Partida: 30 Minutos<br \/>\nIdioma: Espa\u00f1ol<\/p>\n","protected":false},"featured_media":10822,"comment_status":"closed","ping_status":"closed","template":"","meta":[],"product_brand":[],"product_cat":[243,351],"product_tag":[],"class_list":{"0":"post-10833","1":"product","2":"type-product","3":"status-publish","4":"has-post-thumbnail","6":"product_cat-juegos-de-mesa","7":"product_cat-top-toys","9":"first","10":"instock","11":"shipping-taxable","12":"purchasable","13":"product-type-simple"},"_links":{"self":[{"href":"https:\/\/gracelandjuegos.com.ar\/web\/wp-json\/wp\/v2\/product\/10833","targetHints":{"allow":["GET"]}}],"collection":[{"href":"https:\/\/gracelandjuegos.com.ar\/web\/wp-json\/wp\/v2\/product"}],"about":[{"href":"https:\/\/gracelandjuegos.com.ar\/web\/wp-json\/wp\/v2\/types\/product"}],"replies":[{"embeddable":true,"href":"https:\/\/gracelandjuegos.com.ar\/web\/wp-json\/wp\/v2\/comments?post=10833"}],"wp:featuredmedia":[{"embeddable":true,"href":"https:\/\/gracelandjuegos.com.ar\/web\/wp-json\/wp\/v2\/media\/10822"}],"wp:attachment":[{"href":"https:\/\/gracelandjuegos.com.ar\/web\/wp-json\/wp\/v2\/media?parent=10833"}],"wp:term":[{"taxonomy":"product_brand","embeddable":true,"href":"https:\/\/gracelandjuegos.com.ar\/web\/wp-json\/wp\/v2\/product_brand?post=10833"},{"taxonomy":"product_cat","embeddable":true,"href":"https:\/\/gracelandjuegos.com.ar\/web\/wp-json\/wp\/v2\/product_cat?post=10833"},{"taxonomy":"product_tag","embeddable":true,"href":"https:\/\/gracelandjuegos.com.ar\/web\/wp-json\/wp\/v2\/product_tag?post=10833"}],"curies":[{"name":"wp","href":"https:\/\/api.w.org\/{rel}","templated":true}]}}