{"id":10831,"date":"2025-03-28T13:43:46","date_gmt":"2025-03-28T16:43:46","guid":{"rendered":"https:\/\/gracelandjuegos.com.ar\/web\/?post_type=product&#038;p=10831"},"modified":"2025-09-10T15:41:20","modified_gmt":"2025-09-10T18:41:20","slug":"unstable-unicorns","status":"publish","type":"product","link":"https:\/\/gracelandjuegos.com.ar\/web\/product\/unstable-unicorns\/","title":{"rendered":"Unstable Unicorns"},"content":{"rendered":"<p>Si los unicornios son lo tuyo, pero no te gusta nada la movida &#8220;amor y paz&#8221; y te inclin\u00e1s m\u00e1s por la destrucci\u00f3n, el juego de cartas Unstable Unicorns es para vos. Cre\u00e1 tu ej\u00e9rcito de unicornios, complic\u00e1ndole la vida a tus contrincantes todo lo que puedas. \u00bfTe va?<\/p>\n<p>Hay dos mazos: uno con el dorso negro, con cartas de unicornios que se jugar\u00e1n en la mano, y otro blanco, con cartas de unicornio beb\u00e9, que solo se podr\u00e1n tener en el establo o en la guarder\u00eda (no se juegan en la mano), pero tambi\u00e9n cuentan para formar tu ej\u00e9rcito.<\/p>\n<p>El objetivo del juego es agrupar en tu establo (tu zona del tablero) 7 unicornios. Pero por muy f\u00e1cil que suene, no es nada sencillo. Ten\u00e9s que hacerlo usando cartas de unicornio con poderes m\u00e1gicos que protegen tu tablero o que destruyen el de tus contrincantes. As\u00ed que vas a tener queser m\u00e1s inteligente que el resto para conseguir tu ej\u00e9rcito de unicornios.<\/p>\n","protected":false},"excerpt":{"rendered":"<p>G\u00e9nero: Party.<br \/>\nCategor\u00edas: Cartas, Humor, Unicornios, Manejo de Mano, Colecciones.<br \/>\nDise\u00f1ado Por: <span class=\"ng-binding\">Ramy Badie<\/span><br \/>\nEditorial: Top Toys<br \/>\nEdad M\u00ednima Recomendada: 8 A\u00f1os<br \/>\nDificultad: 1.08\/5<br \/>\nN\u00ba de Jugadores: 2 a 8<br \/>\nDuraci\u00f3n Promedio de la Partida: 30 &#8211; 60 Minutos<br \/>\nIdioma: Espa\u00f1ol<\/p>\n","protected":false},"featured_media":10827,"comment_status":"closed","ping_status":"closed","template":"","meta":[],"product_brand":[],"product_cat":[243,329,351],"product_tag":[],"class_list":{"0":"post-10831","1":"product","2":"type-product","3":"status-publish","4":"has-post-thumbnail","6":"product_cat-juegos-de-mesa","7":"product_cat-recomendados","8":"product_cat-top-toys","10":"first","11":"instock","12":"shipping-taxable","13":"purchasable","14":"product-type-simple"},"_links":{"self":[{"href":"https:\/\/gracelandjuegos.com.ar\/web\/wp-json\/wp\/v2\/product\/10831","targetHints":{"allow":["GET"]}}],"collection":[{"href":"https:\/\/gracelandjuegos.com.ar\/web\/wp-json\/wp\/v2\/product"}],"about":[{"href":"https:\/\/gracelandjuegos.com.ar\/web\/wp-json\/wp\/v2\/types\/product"}],"replies":[{"embeddable":true,"href":"https:\/\/gracelandjuegos.com.ar\/web\/wp-json\/wp\/v2\/comments?post=10831"}],"wp:featuredmedia":[{"embeddable":true,"href":"https:\/\/gracelandjuegos.com.ar\/web\/wp-json\/wp\/v2\/media\/10827"}],"wp:attachment":[{"href":"https:\/\/gracelandjuegos.com.ar\/web\/wp-json\/wp\/v2\/media?parent=10831"}],"wp:term":[{"taxonomy":"product_brand","embeddable":true,"href":"https:\/\/gracelandjuegos.com.ar\/web\/wp-json\/wp\/v2\/product_brand?post=10831"},{"taxonomy":"product_cat","embeddable":true,"href":"https:\/\/gracelandjuegos.com.ar\/web\/wp-json\/wp\/v2\/product_cat?post=10831"},{"taxonomy":"product_tag","embeddable":true,"href":"https:\/\/gracelandjuegos.com.ar\/web\/wp-json\/wp\/v2\/product_tag?post=10831"}],"curies":[{"name":"wp","href":"https:\/\/api.w.org\/{rel}","templated":true}]}}