{"id":10830,"date":"2025-03-28T13:36:40","date_gmt":"2025-03-28T16:36:40","guid":{"rendered":"https:\/\/gracelandjuegos.com.ar\/web\/?post_type=product&#038;p=10830"},"modified":"2025-09-10T15:41:23","modified_gmt":"2025-09-10T18:41:23","slug":"mantis-grab-game","status":"publish","type":"product","link":"https:\/\/gracelandjuegos.com.ar\/web\/product\/mantis-grab-game\/","title":{"rendered":"Mantis (Grab &amp; Game)"},"content":{"rendered":"<p>\u00a1Sumergite en una colorida y estrat\u00e9gica batalla con el juego de mesa Mantis: Arcoiris y Venganza! Este emocionante juego combina la diversi\u00f3n de recolectar cartas con la emoci\u00f3n de la estrategia y la venganza.<\/p>\n<p>Ideal para jugadores de todas las edades, Mantis ofrece una experiencia de juego din\u00e1mica y llena de sorpresas.<\/p>\n","protected":false},"excerpt":{"rendered":"<p>G\u00e9nero: Familiar.<br \/>\nCategor\u00edas: Cartas, Animales, Manejo de Manos, Toma de Riesgos, Colecciones.<br \/>\nDise\u00f1ado Por: <span class=\"ng-scope\"><span class=\"ng-binding\">Ken Gruhl<\/span>,\u00a0<\/span><span class=\"ng-scope\"><span class=\"ng-binding\">Jeremy Posner<\/span><\/span><br \/>\nEditorial: Top Toys<br \/>\nEdad M\u00ednima Recomendada: 7 A\u00f1os<br \/>\nDificultad: 1.02\/5<br \/>\nN\u00ba de Jugadores: 2 a 6<br \/>\nDuraci\u00f3n Promedio de la Partida: 10 Minutos<br \/>\nIdioma: Espa\u00f1ol<\/p>\n","protected":false},"featured_media":10823,"comment_status":"closed","ping_status":"closed","template":"","meta":[],"product_brand":[],"product_cat":[243,351],"product_tag":[],"class_list":{"0":"post-10830","1":"product","2":"type-product","3":"status-publish","4":"has-post-thumbnail","6":"product_cat-juegos-de-mesa","7":"product_cat-top-toys","9":"first","10":"instock","11":"shipping-taxable","12":"purchasable","13":"product-type-simple"},"_links":{"self":[{"href":"https:\/\/gracelandjuegos.com.ar\/web\/wp-json\/wp\/v2\/product\/10830","targetHints":{"allow":["GET"]}}],"collection":[{"href":"https:\/\/gracelandjuegos.com.ar\/web\/wp-json\/wp\/v2\/product"}],"about":[{"href":"https:\/\/gracelandjuegos.com.ar\/web\/wp-json\/wp\/v2\/types\/product"}],"replies":[{"embeddable":true,"href":"https:\/\/gracelandjuegos.com.ar\/web\/wp-json\/wp\/v2\/comments?post=10830"}],"wp:featuredmedia":[{"embeddable":true,"href":"https:\/\/gracelandjuegos.com.ar\/web\/wp-json\/wp\/v2\/media\/10823"}],"wp:attachment":[{"href":"https:\/\/gracelandjuegos.com.ar\/web\/wp-json\/wp\/v2\/media?parent=10830"}],"wp:term":[{"taxonomy":"product_brand","embeddable":true,"href":"https:\/\/gracelandjuegos.com.ar\/web\/wp-json\/wp\/v2\/product_brand?post=10830"},{"taxonomy":"product_cat","embeddable":true,"href":"https:\/\/gracelandjuegos.com.ar\/web\/wp-json\/wp\/v2\/product_cat?post=10830"},{"taxonomy":"product_tag","embeddable":true,"href":"https:\/\/gracelandjuegos.com.ar\/web\/wp-json\/wp\/v2\/product_tag?post=10830"}],"curies":[{"name":"wp","href":"https:\/\/api.w.org\/{rel}","templated":true}]}}