{"id":10828,"date":"2025-03-28T13:30:24","date_gmt":"2025-03-28T16:30:24","guid":{"rendered":"https:\/\/gracelandjuegos.com.ar\/web\/?post_type=product&#038;p=10828"},"modified":"2025-09-10T15:41:45","modified_gmt":"2025-09-10T18:41:45","slug":"exploding-kittens-grab-game","status":"publish","type":"product","link":"https:\/\/gracelandjuegos.com.ar\/web\/product\/exploding-kittens-grab-game\/","title":{"rendered":"Exploding Kittens (Grab &amp; Game)"},"content":{"rendered":"<p>Exploding Kittens es una versi\u00f3n de la ruleta rusa potenciada por gatitos. Los jugadores se turnan para robar cartas hasta que alguien roba un gatito explosivo y pierde el juego. El mazo est\u00e1 compuesto por cartas que te permiten evitar explotar, mirar las cartas antes de robar, forzar a tu oponente a robar m\u00faltiples cartas o barajar el mazo.<\/p>\n<p>El juego se vuelve m\u00e1s y m\u00e1s intenso con cada carta que rob\u00e1s, porque al quedar menos cartas en el mazo, aumenta la probabilidad de robar el gatito y explotar en una bola de fuego felina.<\/p>\n<p>Grab &amp; Game es una edici\u00f3n de Bolsillo de Exploding Kittens, para un jugador menos que la edici\u00f3n original.<\/p>\n","protected":false},"excerpt":{"rendered":"<p>G\u00e9nero: Party.<br \/>\nCategor\u00edas: Animales, Humor, Cartas, Manejo de Mano, Eliminaci\u00f3n de Jugadores, Toma de Riesgos, Colecciones.<br \/>\nDise\u00f1ado Por:\u00a0<span class=\"ng-scope\"><span class=\"ng-binding\">Matthew Inman<\/span>,\u00a0<\/span><span class=\"ng-scope\"><span class=\"ng-binding\">Elan Lee<\/span>,\u00a0<\/span><span class=\"ng-scope\"><span class=\"ng-binding\">Shane Small<\/span><\/span><br \/>\nEditorial: Top Toys<br \/>\nEdad M\u00ednima Recomendada: 7 A\u00f1os<br \/>\nDificultad: 1.08\/5<br \/>\nN\u00ba de Jugadores: 2 a 4<br \/>\nDuraci\u00f3n Promedio de la Partida: 10 Minutos<br \/>\nIdioma: Espa\u00f1ol<\/p>\n","protected":false},"featured_media":10821,"comment_status":"closed","ping_status":"closed","template":"","meta":[],"product_brand":[],"product_cat":[15,243,351],"product_tag":[],"class_list":{"0":"post-10828","1":"product","2":"type-product","3":"status-publish","4":"has-post-thumbnail","6":"product_cat-uncategorized","7":"product_cat-juegos-de-mesa","8":"product_cat-top-toys","10":"first","11":"instock","12":"shipping-taxable","13":"purchasable","14":"product-type-simple"},"_links":{"self":[{"href":"https:\/\/gracelandjuegos.com.ar\/web\/wp-json\/wp\/v2\/product\/10828","targetHints":{"allow":["GET"]}}],"collection":[{"href":"https:\/\/gracelandjuegos.com.ar\/web\/wp-json\/wp\/v2\/product"}],"about":[{"href":"https:\/\/gracelandjuegos.com.ar\/web\/wp-json\/wp\/v2\/types\/product"}],"replies":[{"embeddable":true,"href":"https:\/\/gracelandjuegos.com.ar\/web\/wp-json\/wp\/v2\/comments?post=10828"}],"wp:featuredmedia":[{"embeddable":true,"href":"https:\/\/gracelandjuegos.com.ar\/web\/wp-json\/wp\/v2\/media\/10821"}],"wp:attachment":[{"href":"https:\/\/gracelandjuegos.com.ar\/web\/wp-json\/wp\/v2\/media?parent=10828"}],"wp:term":[{"taxonomy":"product_brand","embeddable":true,"href":"https:\/\/gracelandjuegos.com.ar\/web\/wp-json\/wp\/v2\/product_brand?post=10828"},{"taxonomy":"product_cat","embeddable":true,"href":"https:\/\/gracelandjuegos.com.ar\/web\/wp-json\/wp\/v2\/product_cat?post=10828"},{"taxonomy":"product_tag","embeddable":true,"href":"https:\/\/gracelandjuegos.com.ar\/web\/wp-json\/wp\/v2\/product_tag?post=10828"}],"curies":[{"name":"wp","href":"https:\/\/api.w.org\/{rel}","templated":true}]}}