{"id":10810,"date":"2025-01-30T16:57:50","date_gmt":"2025-01-30T19:57:50","guid":{"rendered":"https:\/\/gracelandjuegos.com.ar\/web\/?post_type=product&#038;p=10810"},"modified":"2026-02-17T20:29:40","modified_gmt":"2026-02-17T23:29:40","slug":"rock-hard-1977","status":"publish","type":"product","link":"https:\/\/gracelandjuegos.com.ar\/web\/product\/rock-hard-1977\/","title":{"rendered":"Rock Hard 1977"},"content":{"rendered":"<p>Es el a\u00f1o 1977. Sos un m\u00fasico prometedor y so\u00f1\u00e1s con triunfar con tu banda. A lo largo de los meses siguientes vas a ensayar, tocar, escribir canciones y promocionar tu banda. Con una planificaci\u00f3n cuidadosa y un poco de suerte, vas a hacerte m\u00e1s famoso que los dem\u00e1s, convirti\u00e9ndote en el artista revelaci\u00f3n del a\u00f1o.<\/p>\n<p>La Partida se juega en un m\u00e1ximo de nueve rondas, cada una de las cuales representa un d\u00eda t\u00edpico de un mes de 1977, de abril a diciembre. Gan\u00e1s el juego acumulando la mayor cantidad de Fama. Los puntos de Fama los consegu\u00eds incrementando tu reputaci\u00f3n, tus habilidades y la calidad de las canciones, logrando bonificaciones de producci\u00f3n, interpretaci\u00f3n y publicidad, consiguiendo contratos discogr\u00e1ficos y obteniendo royalties, tocando en conciertos y pasando el rato en los locales nocturnos m\u00e1s populares.<\/p>\n<p>Cada jugador contar\u00e1 con un m\u00e1nager \u00fanico, que le ayudar\u00e1 a potenciar su carrera musical con una habilidad particular. Eso s\u00ed, habr\u00e1 que pagar por su trabajo si no quieren perder puntos de Fama. Y a veces un rockero necesita una peque\u00f1a ayuda para superar un d\u00eda dif\u00edcil, por ello los jugadores tambi\u00e9n pueden consumir caramelos para aprovechar m\u00e1s el tiempo y realizar m\u00e1s acciones. Sin embargo, abusar de los dulces puede provocar un subid\u00f3n de az\u00facar que te dejar\u00e1 hecho polvo para el turno siguiente.<\/p>\n","protected":false},"excerpt":{"rendered":"<p>G\u00e9nero: Tem\u00e1tico.<br \/>\nCategor\u00edas: M\u00fasica, Colocaci\u00f3n de trabajadores, Eventos.<br \/>\nDise\u00f1ado Por: <span class=\"ng-binding\">Jackie Fox<\/span><br \/>\nEditorial: Devir<br \/>\nEdad M\u00ednima Recomendada: 16 A\u00f1os<br \/>\nDificultad: 2.47\/5<br \/>\nN\u00ba de Jugadores: 2 a 5<br \/>\nDuraci\u00f3n Promedio de la Partida: 90 Minutos<br \/>\nIdioma: Espa\u00f1ol<\/p>\n","protected":false},"featured_media":10797,"comment_status":"closed","ping_status":"closed","template":"","meta":[],"product_brand":[],"product_cat":[339,243,328,329],"product_tag":[],"class_list":{"0":"post-10810","1":"product","2":"type-product","3":"status-publish","4":"has-post-thumbnail","6":"product_cat-devir","7":"product_cat-juegos-de-mesa","8":"product_cat-novedades","9":"product_cat-recomendados","11":"first","12":"outofstock","13":"shipping-taxable","14":"purchasable","15":"product-type-simple"},"_links":{"self":[{"href":"https:\/\/gracelandjuegos.com.ar\/web\/wp-json\/wp\/v2\/product\/10810","targetHints":{"allow":["GET"]}}],"collection":[{"href":"https:\/\/gracelandjuegos.com.ar\/web\/wp-json\/wp\/v2\/product"}],"about":[{"href":"https:\/\/gracelandjuegos.com.ar\/web\/wp-json\/wp\/v2\/types\/product"}],"replies":[{"embeddable":true,"href":"https:\/\/gracelandjuegos.com.ar\/web\/wp-json\/wp\/v2\/comments?post=10810"}],"wp:featuredmedia":[{"embeddable":true,"href":"https:\/\/gracelandjuegos.com.ar\/web\/wp-json\/wp\/v2\/media\/10797"}],"wp:attachment":[{"href":"https:\/\/gracelandjuegos.com.ar\/web\/wp-json\/wp\/v2\/media?parent=10810"}],"wp:term":[{"taxonomy":"product_brand","embeddable":true,"href":"https:\/\/gracelandjuegos.com.ar\/web\/wp-json\/wp\/v2\/product_brand?post=10810"},{"taxonomy":"product_cat","embeddable":true,"href":"https:\/\/gracelandjuegos.com.ar\/web\/wp-json\/wp\/v2\/product_cat?post=10810"},{"taxonomy":"product_tag","embeddable":true,"href":"https:\/\/gracelandjuegos.com.ar\/web\/wp-json\/wp\/v2\/product_tag?post=10810"}],"curies":[{"name":"wp","href":"https:\/\/api.w.org\/{rel}","templated":true}]}}