{"id":10809,"date":"2025-01-30T16:52:03","date_gmt":"2025-01-30T19:52:03","guid":{"rendered":"https:\/\/gracelandjuegos.com.ar\/web\/?post_type=product&#038;p=10809"},"modified":"2026-02-17T20:29:56","modified_gmt":"2026-02-17T23:29:56","slug":"la-selva-prohibida","status":"publish","type":"product","link":"https:\/\/gracelandjuegos.com.ar\/web\/product\/la-selva-prohibida\/","title":{"rendered":"La Selva Prohibida"},"content":{"rendered":"<p>La Selva Prohibida es un juego cooperativo en el cual los jugadores deben trabajar en equipo para activar un portal y escapar antes de que se derrumbe el terreno o que los atrapen los aliens.<\/p>\n<p>De la misma saga que La Isla Prohibida, este juego es muy similar en componentes y mec\u00e1nicas, aunque la tem\u00e1tica es completamente original.<\/p>\n<p>La zona de juego se forma con 25 losetas que, una vez barajadas, se disponen en el centro de la mesa. Estas ser\u00e1n las localizaciones por las que los jugadores se ir\u00e1n moviendo, en busca del portal y de los cristales para activarlo. Cada jugador tendr\u00e1 una carta de aventurero y dispondr\u00e1 de habilidades \u00fanicas y especiales, que combinadas con las del resto del equipo pueden ser clave para lograr la victoria. A medida que los jugadores se vayan moviendo, revelar\u00e1n peligros, entre los que se cuentan los aliens.<\/p>\n","protected":false},"excerpt":{"rendered":"<p>G\u00e9nero: Familiar, Estrategia.<br \/>\nCategor\u00edas: Aventura, Fantas\u00eda, Ciencia Ficci\u00f3n, Cooperativo, Grilla, Tablero Modular.<br \/>\nDise\u00f1ado Por: <span class=\"ng-binding\">Matt Leacock<\/span><br \/>\nEditorial: Devir<br \/>\nEdad M\u00ednima Recomendada: 10 A\u00f1os<br \/>\nDificultad: 2.13\/5<br \/>\nN\u00ba de Jugadores: 2 a 5<br \/>\nDuraci\u00f3n Promedio de la Partida: 30 Minutos<br \/>\nIdioma: Espa\u00f1ol<\/p>\n","protected":false},"featured_media":10794,"comment_status":"closed","ping_status":"closed","template":"","meta":[],"product_brand":[],"product_cat":[339,243,328],"product_tag":[],"class_list":{"0":"post-10809","1":"product","2":"type-product","3":"status-publish","4":"has-post-thumbnail","6":"product_cat-devir","7":"product_cat-juegos-de-mesa","8":"product_cat-novedades","10":"first","11":"instock","12":"shipping-taxable","13":"purchasable","14":"product-type-simple"},"_links":{"self":[{"href":"https:\/\/gracelandjuegos.com.ar\/web\/wp-json\/wp\/v2\/product\/10809","targetHints":{"allow":["GET"]}}],"collection":[{"href":"https:\/\/gracelandjuegos.com.ar\/web\/wp-json\/wp\/v2\/product"}],"about":[{"href":"https:\/\/gracelandjuegos.com.ar\/web\/wp-json\/wp\/v2\/types\/product"}],"replies":[{"embeddable":true,"href":"https:\/\/gracelandjuegos.com.ar\/web\/wp-json\/wp\/v2\/comments?post=10809"}],"wp:featuredmedia":[{"embeddable":true,"href":"https:\/\/gracelandjuegos.com.ar\/web\/wp-json\/wp\/v2\/media\/10794"}],"wp:attachment":[{"href":"https:\/\/gracelandjuegos.com.ar\/web\/wp-json\/wp\/v2\/media?parent=10809"}],"wp:term":[{"taxonomy":"product_brand","embeddable":true,"href":"https:\/\/gracelandjuegos.com.ar\/web\/wp-json\/wp\/v2\/product_brand?post=10809"},{"taxonomy":"product_cat","embeddable":true,"href":"https:\/\/gracelandjuegos.com.ar\/web\/wp-json\/wp\/v2\/product_cat?post=10809"},{"taxonomy":"product_tag","embeddable":true,"href":"https:\/\/gracelandjuegos.com.ar\/web\/wp-json\/wp\/v2\/product_tag?post=10809"}],"curies":[{"name":"wp","href":"https:\/\/api.w.org\/{rel}","templated":true}]}}