{"id":10808,"date":"2025-01-30T16:42:27","date_gmt":"2025-01-30T19:42:27","guid":{"rendered":"https:\/\/gracelandjuegos.com.ar\/web\/?post_type=product&#038;p=10808"},"modified":"2026-02-17T20:30:13","modified_gmt":"2026-02-17T23:30:13","slug":"art-society","status":"publish","type":"product","link":"https:\/\/gracelandjuegos.com.ar\/web\/product\/art-society\/","title":{"rendered":"Art Society"},"content":{"rendered":"<p>En Art Society sos un conocedor de arte que intenta impresionar a sus colegas reuniendo la colecci\u00f3n de arte m\u00e1s sofisticada de todas. \u00a1Puj\u00e1 por las obras de arte m\u00e1s codiciadas y despu\u00e9s colocalas en la pared de tu sal\u00f3n en una galer\u00eda cuidadosamente curada que ser\u00e1 la envidia de la escena art\u00edstica local! . Pero, \u00a1cuidado! La moda es pasajera y las tendencias son dif\u00edciles de predecir. Las pinturas que vos y los dem\u00e1s coleccionistas no compren eventualmente terminar\u00e1n en el museo, afectando el valor de tu colecci\u00f3n.<\/p>\n<p>El objetivo del juego consiste en sumar la mayor cantidad de puntos coleccionando cuadros (que se obtienen a trav\u00e9s de un mecanismo de subasta) y decoraciones en el tablero personal. Sin embargo, el valor de los cuadros ir\u00e1 cambiando a lo largo de la partida, en funci\u00f3n de las acciones de los jugadores. Adaptarse en cada ronda ser\u00e1 clave para ganar la partida.<\/p>\n<p>Los cuadros de Art Society se dividen en 4 categor\u00edas distintas, y cada una de ellas va cambiando de valor en funci\u00f3n del resultado de las subastas que se realizan en cada turno. Durante las subastas, los jugadores pujan para llevarse cuadros a su galer\u00eda y la obra de arte sobrante se va al museo, cosa que aumenta su valor para todos. Adem\u00e1s de un tipo espec\u00edfico, los cuadros tienen tama\u00f1os y marcos distintos, cosa que puede afectar el espacio que ocupan en la galer\u00eda personal de cada jugador.<\/p>\n<p>En cada turno, los jugadores deben pensar muy bien d\u00f3nde colocan su nueva obra de arte, para maximizar la puntuaci\u00f3n. Si en alg\u00fan momento no es posible colocar el cuadro porque no hay espacio, se considera excedente y penalizar\u00e1 al final de la partida. Sin embargo, cada jugador cuenta con un asistente que puede sostener un cuadro.<\/p>\n<p>Al final de la partida, dependiendo del prestigio de cada grupo de pinturas, se suman m\u00e1s o menos puntos. Adem\u00e1s, si se tienen cuadros valiosos en la zona central del tablero, se obtienen puntos de bonificaci\u00f3n.<\/p>\n","protected":false},"excerpt":{"rendered":"<p>G\u00e9nero: Familiar.<br \/>\nCategor\u00edas: Puzzle, Subasta, Grilla, Puntos de Final de Partida, Patrones, Colocaci\u00f3n de Losetas.<br \/>\nDise\u00f1ado Por: <span class=\"ng-binding\">Mitch Wallace (II)<\/span><br \/>\nEditorial: Devir<br \/>\nEdad M\u00ednima Recomendada: 10 A\u00f1os<br \/>\nDificultad: 1.83\/5<br \/>\nN\u00ba de Jugadores: 2 a 4<br \/>\nDuraci\u00f3n Promedio de la Partida: 30 Minutos<br \/>\nIdioma: Espa\u00f1ol<\/p>\n","protected":false},"featured_media":10790,"comment_status":"closed","ping_status":"closed","template":"","meta":[],"product_brand":[],"product_cat":[339,243,328,329],"product_tag":[],"class_list":{"0":"post-10808","1":"product","2":"type-product","3":"status-publish","4":"has-post-thumbnail","6":"product_cat-devir","7":"product_cat-juegos-de-mesa","8":"product_cat-novedades","9":"product_cat-recomendados","11":"first","12":"instock","13":"shipping-taxable","14":"purchasable","15":"product-type-simple"},"_links":{"self":[{"href":"https:\/\/gracelandjuegos.com.ar\/web\/wp-json\/wp\/v2\/product\/10808","targetHints":{"allow":["GET"]}}],"collection":[{"href":"https:\/\/gracelandjuegos.com.ar\/web\/wp-json\/wp\/v2\/product"}],"about":[{"href":"https:\/\/gracelandjuegos.com.ar\/web\/wp-json\/wp\/v2\/types\/product"}],"replies":[{"embeddable":true,"href":"https:\/\/gracelandjuegos.com.ar\/web\/wp-json\/wp\/v2\/comments?post=10808"}],"wp:featuredmedia":[{"embeddable":true,"href":"https:\/\/gracelandjuegos.com.ar\/web\/wp-json\/wp\/v2\/media\/10790"}],"wp:attachment":[{"href":"https:\/\/gracelandjuegos.com.ar\/web\/wp-json\/wp\/v2\/media?parent=10808"}],"wp:term":[{"taxonomy":"product_brand","embeddable":true,"href":"https:\/\/gracelandjuegos.com.ar\/web\/wp-json\/wp\/v2\/product_brand?post=10808"},{"taxonomy":"product_cat","embeddable":true,"href":"https:\/\/gracelandjuegos.com.ar\/web\/wp-json\/wp\/v2\/product_cat?post=10808"},{"taxonomy":"product_tag","embeddable":true,"href":"https:\/\/gracelandjuegos.com.ar\/web\/wp-json\/wp\/v2\/product_tag?post=10808"}],"curies":[{"name":"wp","href":"https:\/\/api.w.org\/{rel}","templated":true}]}}