{"id":10806,"date":"2025-01-30T16:32:38","date_gmt":"2025-01-30T19:32:38","guid":{"rendered":"https:\/\/gracelandjuegos.com.ar\/web\/?post_type=product&#038;p=10806"},"modified":"2026-02-17T20:30:46","modified_gmt":"2026-02-17T23:30:46","slug":"cities","status":"publish","type":"product","link":"https:\/\/gracelandjuegos.com.ar\/web\/product\/cities\/","title":{"rendered":"Cities"},"content":{"rendered":"<p id=\"tw-target-text\" class=\"tw-data-text tw-text-large tw-ta\" dir=\"ltr\" data-placeholder=\"Traducci\u00f3n\" data-ved=\"2ahUKEwi5zrvflp6LAxV0B7kGHdaAKUcQ3ewLegQICBAW\" aria-label=\"Texto traducido: El ayuntamiento te ha encomendado la tarea de elaborar un plan para transformar todo un barrio de la ciudad. Tienes la oportunidad de construir nuevas viviendas, edificios de oficinas, parques y zonas de ocio cerca del paseo mar\u00edtimo. Est\u00e1 en tus manos hacer de la ciudad un lugar mejor.\n\nCities es un juego de construcci\u00f3n de ciudades en el que redactas los mejores proyectos y los organizas en tu propia \u00e1rea de juego. Con mecanismos de acci\u00f3n y borrador de recursos, te dar\u00e1 la oportunidad de visitar las ciudades de Sydney, Venecia, Nueva York, Barcelona, \u200b\u200bR\u00edo de Janeiro, Lisboa, Ciudad de M\u00e9xico y Buenos Aires. \u00bfPuedes dise\u00f1ar el barrio m\u00e1s magn\u00edfico?\n\nEl juego se juega en ocho rondas (o cuatro rondas en un juego de dos jugadores). En cada ronda, los jugadores usan a sus trabajadores para recolectar 1 tarjeta de puntuaci\u00f3n, 1 ficha de ciudad, 1 o 2 fichas de caracter\u00edsticas y 2 a 4 piezas de construcci\u00f3n. Los mosaicos de ciudad se componen de espacios de parque, espacios de agua y espacios de construcci\u00f3n. Las piezas de construcci\u00f3n se colocan en espacios de construcci\u00f3n del mismo color para formar edificios, que pueden tener entre 1 y 4 pisos de altura. Cada vez que un jugador cumple un logro, coloca uno de sus discos en el tablero de logros. Al final del juego, los jugadores suman los puntos que han obtenido de todas sus tarjetas de puntuaci\u00f3n y logros.\"><span class=\"Y2IQFc\" lang=\"es\">El ayuntamiento te encarg\u00f3 la tarea de elaborar un plan para transformar todo un barrio de la ciudad. Ten\u00e9s la oportunidad de construir nuevas viviendas, edificios de oficinas, parques y zonas de ocio cerca del paseo mar\u00edtimo. Est\u00e1 en tus manos hacer de la ciudad un lugar mejor. <\/span><\/p>\n<p>Cities es un juego de construcci\u00f3n de ciudades en el que drafte\u00e1s los mejores proyectos y los organiz\u00e1s en tu propia zona de juego. Con mec\u00e1nicas de colocaci\u00f3n de trabajadores y construcci\u00f3n de patrones, el juego nos dar\u00e1 la oportunidad de visitar las ciudades de Sidney, Venecia, Nueva York, Barcelona, R\u00edo de Janeiro, Lisboa, M\u00e9xico D.F. y Buenos Aires.<\/p>\n<p>El juego se juega en 8 rondas (o 4 rondas, en partidas de 2 jugadores). En cada ronda, los jugadores usan a sus trabajadores para obtener 1 tarjeta de puntuaci\u00f3n, 1 loseta de ciudad, 1 o 2 fichas de atributo y de 2 a 4 fichas de construcci\u00f3n. Las losetas de ciudad se componen de casillas de parque, de agua y de construcci\u00f3n. Las piezas de construcci\u00f3n se colocan en casillas de construcci\u00f3n del color correspondiente para formar construcciones, que pueden tener de 1 a 4 plantas. Las cartas de puntuaci\u00f3n y los tableros de logros de ciudad proporcionan a los jugadores objetivos a completar para anotarse puntos al final de la partida.<\/p>\n<p>Quien haya hecho m\u00e1s puntos, habr\u00e1 construido el mejor barrio y ganar\u00e1 la partida.<\/p>\n","protected":false},"excerpt":{"rendered":"<p>G\u00e9nero: Familiar.<br \/>\nCategor\u00edas: Urbanizaci\u00f3n, Ciudades, Drafting, Colocaci\u00f3n de Losetas, Colecciones, Patrones.<br \/>\nDise\u00f1ado Por: <span class=\"ng-scope\"><span class=\"ng-binding\">Steve Finn<\/span>,\u00a0<\/span><span class=\"ng-scope\"><span class=\"ng-binding\">Phil Walker-Harding<\/span><\/span><br \/>\nEditorial: Devir<br \/>\nEdad M\u00ednima Recomendada: 10 A\u00f1os<br \/>\nDificultad: 1.98\/5<br \/>\nN\u00ba de Jugadores: 2 a 4<br \/>\nDuraci\u00f3n Promedio de la Partida: 30 Minutos<br \/>\nIdioma: Espa\u00f1ol<\/p>\n","protected":false},"featured_media":10792,"comment_status":"closed","ping_status":"closed","template":"","meta":[],"product_brand":[],"product_cat":[339,243,328,329],"product_tag":[],"class_list":{"0":"post-10806","1":"product","2":"type-product","3":"status-publish","4":"has-post-thumbnail","6":"product_cat-devir","7":"product_cat-juegos-de-mesa","8":"product_cat-novedades","9":"product_cat-recomendados","11":"first","12":"instock","13":"shipping-taxable","14":"purchasable","15":"product-type-simple"},"_links":{"self":[{"href":"https:\/\/gracelandjuegos.com.ar\/web\/wp-json\/wp\/v2\/product\/10806","targetHints":{"allow":["GET"]}}],"collection":[{"href":"https:\/\/gracelandjuegos.com.ar\/web\/wp-json\/wp\/v2\/product"}],"about":[{"href":"https:\/\/gracelandjuegos.com.ar\/web\/wp-json\/wp\/v2\/types\/product"}],"replies":[{"embeddable":true,"href":"https:\/\/gracelandjuegos.com.ar\/web\/wp-json\/wp\/v2\/comments?post=10806"}],"wp:featuredmedia":[{"embeddable":true,"href":"https:\/\/gracelandjuegos.com.ar\/web\/wp-json\/wp\/v2\/media\/10792"}],"wp:attachment":[{"href":"https:\/\/gracelandjuegos.com.ar\/web\/wp-json\/wp\/v2\/media?parent=10806"}],"wp:term":[{"taxonomy":"product_brand","embeddable":true,"href":"https:\/\/gracelandjuegos.com.ar\/web\/wp-json\/wp\/v2\/product_brand?post=10806"},{"taxonomy":"product_cat","embeddable":true,"href":"https:\/\/gracelandjuegos.com.ar\/web\/wp-json\/wp\/v2\/product_cat?post=10806"},{"taxonomy":"product_tag","embeddable":true,"href":"https:\/\/gracelandjuegos.com.ar\/web\/wp-json\/wp\/v2\/product_tag?post=10806"}],"curies":[{"name":"wp","href":"https:\/\/api.w.org\/{rel}","templated":true}]}}