{"id":10805,"date":"2025-01-30T16:23:15","date_gmt":"2025-01-30T19:23:15","guid":{"rendered":"https:\/\/gracelandjuegos.com.ar\/web\/?post_type=product&#038;p=10805"},"modified":"2026-02-17T20:31:00","modified_gmt":"2026-02-17T23:31:00","slug":"revive","status":"publish","type":"product","link":"https:\/\/gracelandjuegos.com.ar\/web\/product\/revive\/","title":{"rendered":"Revive"},"content":{"rendered":"<p>En Revive, cada jugador lidera una tribu, tratando de reconstruir el mundo seg\u00fan sus propios ideales. Explorar\u00e1n nuevas tierras, levantar\u00e1n construcciones y repoblar\u00e1n los diversos emplazamientos, mientras descubren misteriosos artefactos.<\/p>\n<p>Al inicio del juego, cada jugador obtiene un mazo de cartas de ciudadano, un tablero de tribu y un tablero de juego doble capa. El tablero de tribu muestra la habilidad \u00fanica de tu tribu y las tecnolog\u00edas antiguas que se pueden volver a aprender durante el juego. El tablero doble capa es donde pon\u00e9s tus m\u00e1quinas personalizadas y mejor\u00e1s tus espacios de cartas. Uno de los principales objetivos del juego es alcanzar y poblar los grandes sitios antiguos. Estas locaciones son aleatorias y son importantes para ganar puntos de victoria.<\/p>\n<p>El juego termina cuando todos los artefactos han sido tomados y el jugador con m\u00e1s puntos, gana.<\/p>\n","protected":false},"excerpt":{"rendered":"<p>G\u00e9nero: Estrategia.<br \/>\nCategor\u00edas: Civilizaci\u00f3n, Industria, Manufactura, Ciencia Ficci\u00f3n, Tablero Modular, Construcci\u00f3n, \u00c1rbol de Habilidades, Campa\u00f1a.<br \/>\nDise\u00f1ado Por: <span class=\"ng-scope\"><span class=\"ng-binding\">Helge Meissner<\/span>,\u00a0<\/span><span class=\"ng-scope\"><span class=\"ng-binding\">Kristian Amundsen \u00d8stby<\/span>,\u00a0<\/span><span class=\"ng-scope\"><span class=\"ng-binding\">Eilif Svensson<\/span>,\u00a0<\/span><span class=\"ng-scope\"><span class=\"ng-binding\">Anna Wermlund<\/span><\/span><br \/>\nEditorial: Devir<br \/>\nEdad M\u00ednima Recomendada: 14 A\u00f1os<br \/>\nDificultad: 3.43\/5<br \/>\nN\u00ba de Jugadores: 1 a 4<br \/>\nDuraci\u00f3n Promedio de la Partida: 90 Minutos<br \/>\nIdioma: Espa\u00f1ol<\/p>\n","protected":false},"featured_media":10796,"comment_status":"closed","ping_status":"closed","template":"","meta":[],"product_brand":[],"product_cat":[339,243,328],"product_tag":[],"class_list":{"0":"post-10805","1":"product","2":"type-product","3":"status-publish","4":"has-post-thumbnail","6":"product_cat-devir","7":"product_cat-juegos-de-mesa","8":"product_cat-novedades","10":"first","11":"outofstock","12":"shipping-taxable","13":"purchasable","14":"product-type-simple"},"_links":{"self":[{"href":"https:\/\/gracelandjuegos.com.ar\/web\/wp-json\/wp\/v2\/product\/10805","targetHints":{"allow":["GET"]}}],"collection":[{"href":"https:\/\/gracelandjuegos.com.ar\/web\/wp-json\/wp\/v2\/product"}],"about":[{"href":"https:\/\/gracelandjuegos.com.ar\/web\/wp-json\/wp\/v2\/types\/product"}],"replies":[{"embeddable":true,"href":"https:\/\/gracelandjuegos.com.ar\/web\/wp-json\/wp\/v2\/comments?post=10805"}],"wp:featuredmedia":[{"embeddable":true,"href":"https:\/\/gracelandjuegos.com.ar\/web\/wp-json\/wp\/v2\/media\/10796"}],"wp:attachment":[{"href":"https:\/\/gracelandjuegos.com.ar\/web\/wp-json\/wp\/v2\/media?parent=10805"}],"wp:term":[{"taxonomy":"product_brand","embeddable":true,"href":"https:\/\/gracelandjuegos.com.ar\/web\/wp-json\/wp\/v2\/product_brand?post=10805"},{"taxonomy":"product_cat","embeddable":true,"href":"https:\/\/gracelandjuegos.com.ar\/web\/wp-json\/wp\/v2\/product_cat?post=10805"},{"taxonomy":"product_tag","embeddable":true,"href":"https:\/\/gracelandjuegos.com.ar\/web\/wp-json\/wp\/v2\/product_tag?post=10805"}],"curies":[{"name":"wp","href":"https:\/\/api.w.org\/{rel}","templated":true}]}}