{"id":10803,"date":"2025-01-30T16:14:02","date_gmt":"2025-01-30T19:14:02","guid":{"rendered":"https:\/\/gracelandjuegos.com.ar\/web\/?post_type=product&#038;p=10803"},"modified":"2026-02-17T20:31:23","modified_gmt":"2026-02-17T23:31:23","slug":"diplomacy","status":"publish","type":"product","link":"https:\/\/gracelandjuegos.com.ar\/web\/product\/diplomacy\/","title":{"rendered":"Diplomacy"},"content":{"rendered":"<p>Diplomacy es un juego de estrategia militar, con mucha interacci\u00f3n entre los participantes, en donde cada jugador representa una de las siete grandes potencias europeas en los a\u00f1os previos a la Primera Guerra Mundial: el Imperio alem\u00e1n, el Imperio austroh\u00fangaro, el Imperio otomano, el Reino Unido, Francia, Italia y el Imperio ruso.<\/p>\n<p>Los turnos de los jugadores se suceden en fases que representan las estaciones de primavera y oto\u00f1o de un a\u00f1o. El objetivo del juego es lograr una victoria en solitario y para ello es necesario controlar 18 o m\u00e1s de los 34 centros de suministro al final de un turno de oto\u00f1o. Alternativamente, si as\u00ed lo acuerdan todos los jugadores, la partida puede terminar en tablas o tras haberse jugado un n\u00famero predeterminado de turnos o al cumplirse una duraci\u00f3n predeterminada.<\/p>\n<p>Las tropas de cada jugador se mueven por un gran mapa que representa la Europa de principios del siglo XX. Dar\u00e1n \u00f3rdenes a sus tropas de infanter\u00eda y unidades navales para conquistar los valiosos centros de suministro, que permitir\u00e1n crear nuevas unidades para los siguientes turnos.<\/p>\n<p>Aunque su dise\u00f1o pueda recordar a otros juegos cl\u00e1sicos de conquista, Diplomacy no basa sus mec\u00e1nicas en el azar, sino en la capacidad de los jugadores de llegar a acuerdos y de romperlos en el momento adecuado. A medida que los jugadores negocian y se enga\u00f1an los unos a los otros, en un delicado equilibrio de cooperaci\u00f3n y competencia, las alianzas nacen y mueren, se rompe la confianza entre las naciones y al final solo cuenta el dominio del continente. Ac\u00e1 no hay dados que valgan\u2026 Este juego te desaf\u00eda a confiar en tu propia astucia y sagacidad para prevalecer cuando la partida de este juego de conspiraciones y conquistas llegue a su desenlace.<\/p>\n","protected":false},"excerpt":{"rendered":"<p>G\u00e9nero: Estrategia, Wargames.<br \/>\nCategor\u00edas: Bluffing, Negociaci\u00f3n, Pol\u00edtica.<br \/>\nDise\u00f1ado Por: <span class=\"ng-binding\">Allan B. Calhamer<\/span><br \/>\nEditorial: Devir<br \/>\nEdad M\u00ednima Recomendada: 12 A\u00f1os<br \/>\nDificultad: 3.33\/5<br \/>\nN\u00ba de Jugadores: 2 a 7<br \/>\nDuraci\u00f3n Promedio de la Partida: 180 Minutos<br \/>\nIdioma: Espa\u00f1ol<\/p>\n","protected":false},"featured_media":10793,"comment_status":"closed","ping_status":"closed","template":"","meta":[],"product_brand":[],"product_cat":[330,339,243,328,329],"product_tag":[],"class_list":{"0":"post-10803","1":"product","2":"type-product","3":"status-publish","4":"has-post-thumbnail","6":"product_cat-clasicos","7":"product_cat-devir","8":"product_cat-juegos-de-mesa","9":"product_cat-novedades","10":"product_cat-recomendados","12":"first","13":"instock","14":"shipping-taxable","15":"purchasable","16":"product-type-simple"},"_links":{"self":[{"href":"https:\/\/gracelandjuegos.com.ar\/web\/wp-json\/wp\/v2\/product\/10803","targetHints":{"allow":["GET"]}}],"collection":[{"href":"https:\/\/gracelandjuegos.com.ar\/web\/wp-json\/wp\/v2\/product"}],"about":[{"href":"https:\/\/gracelandjuegos.com.ar\/web\/wp-json\/wp\/v2\/types\/product"}],"replies":[{"embeddable":true,"href":"https:\/\/gracelandjuegos.com.ar\/web\/wp-json\/wp\/v2\/comments?post=10803"}],"wp:featuredmedia":[{"embeddable":true,"href":"https:\/\/gracelandjuegos.com.ar\/web\/wp-json\/wp\/v2\/media\/10793"}],"wp:attachment":[{"href":"https:\/\/gracelandjuegos.com.ar\/web\/wp-json\/wp\/v2\/media?parent=10803"}],"wp:term":[{"taxonomy":"product_brand","embeddable":true,"href":"https:\/\/gracelandjuegos.com.ar\/web\/wp-json\/wp\/v2\/product_brand?post=10803"},{"taxonomy":"product_cat","embeddable":true,"href":"https:\/\/gracelandjuegos.com.ar\/web\/wp-json\/wp\/v2\/product_cat?post=10803"},{"taxonomy":"product_tag","embeddable":true,"href":"https:\/\/gracelandjuegos.com.ar\/web\/wp-json\/wp\/v2\/product_tag?post=10803"}],"curies":[{"name":"wp","href":"https:\/\/api.w.org\/{rel}","templated":true}]}}