{"id":10800,"date":"2025-01-30T16:07:43","date_gmt":"2025-01-30T19:07:43","guid":{"rendered":"https:\/\/gracelandjuegos.com.ar\/web\/?post_type=product&#038;p=10800"},"modified":"2026-02-17T20:31:37","modified_gmt":"2026-02-17T23:31:37","slug":"trio","status":"publish","type":"product","link":"https:\/\/gracelandjuegos.com.ar\/web\/product\/trio\/","title":{"rendered":"Trio"},"content":{"rendered":"<p>Un, dos, tres\u2026 \u00a1Tr\u00edo! Busc\u00e1 y record\u00e1 las cartas que tienen el resto de los jugadores y las que hay en el centro de la mesa para formar conjuntos de tres cartas iguales antes que lo haga el resto.<\/p>\n<p>Dentro de la caja de Trio hay 36 cartas, divididas en tres barajas con n\u00fameros del 1 al 12. Cada jugador recibe un n\u00famero determinado de cartas (entre 9 y 5, seg\u00fan el total de participantes) y otras tantas se dejan en el centro de la mesa.<\/p>\n<p>En su turno, cada jugador revela cartas de una en una, ya sean de la mano de otros jugadores o bien del centro de la mesa. Si revela 2 cartas con n\u00fameros distintos, termina el turno. De lo contrario, contin\u00faa hasta revelar 3 n\u00fameros id\u00e9nticos. Si quiere la carta de un jugador, solo puede pedir la m\u00e1s alta o la m\u00e1s baja. Cuando alguien logra revelar tres cartas iguales, se las queda e intenta conseguir 3 tr\u00edos para ganar la partida (o lograr el tr\u00edo especial de sietes, que otorga la victoria autom\u00e1tica).<\/p>\n<p>Trio cuenta con dos modos de juego: sencillo y picante. La variante picante a\u00f1ade un punto de complejidad, ya que hay que conseguir dos tr\u00edos conectados. Todas las cartas tienen en su parte inferior el dibujo de otra carta con un n\u00famero, con el que est\u00e1n conectadas. El objetivo de todos en este modo de juego es conseguir tr\u00edos con estas cartas.<\/p>\n","protected":false},"excerpt":{"rendered":"<p>G\u00e9nero: Familiar.<br \/>\nCategor\u00edas: Cartas, Memoria, Colecciones.<br \/>\nDise\u00f1ado Por: <span class=\"ng-binding\">Kaya Miyano<\/span><br \/>\nEditorial: Devir<br \/>\nEdad M\u00ednima Recomendada: 7 A\u00f1os<br \/>\nDificultad: 1.04\/5<br \/>\nN\u00ba de Jugadores: 3 a 6<br \/>\nDuraci\u00f3n Promedio de la Partida: 15 Minutos<br \/>\nIdioma: Espa\u00f1ol<\/p>\n","protected":false},"featured_media":10802,"comment_status":"closed","ping_status":"closed","template":"","meta":[],"product_brand":[],"product_cat":[339,243,328,329],"product_tag":[],"class_list":{"0":"post-10800","1":"product","2":"type-product","3":"status-publish","4":"has-post-thumbnail","6":"product_cat-devir","7":"product_cat-juegos-de-mesa","8":"product_cat-novedades","9":"product_cat-recomendados","11":"first","12":"outofstock","13":"shipping-taxable","14":"purchasable","15":"product-type-simple"},"_links":{"self":[{"href":"https:\/\/gracelandjuegos.com.ar\/web\/wp-json\/wp\/v2\/product\/10800","targetHints":{"allow":["GET"]}}],"collection":[{"href":"https:\/\/gracelandjuegos.com.ar\/web\/wp-json\/wp\/v2\/product"}],"about":[{"href":"https:\/\/gracelandjuegos.com.ar\/web\/wp-json\/wp\/v2\/types\/product"}],"replies":[{"embeddable":true,"href":"https:\/\/gracelandjuegos.com.ar\/web\/wp-json\/wp\/v2\/comments?post=10800"}],"wp:featuredmedia":[{"embeddable":true,"href":"https:\/\/gracelandjuegos.com.ar\/web\/wp-json\/wp\/v2\/media\/10802"}],"wp:attachment":[{"href":"https:\/\/gracelandjuegos.com.ar\/web\/wp-json\/wp\/v2\/media?parent=10800"}],"wp:term":[{"taxonomy":"product_brand","embeddable":true,"href":"https:\/\/gracelandjuegos.com.ar\/web\/wp-json\/wp\/v2\/product_brand?post=10800"},{"taxonomy":"product_cat","embeddable":true,"href":"https:\/\/gracelandjuegos.com.ar\/web\/wp-json\/wp\/v2\/product_cat?post=10800"},{"taxonomy":"product_tag","embeddable":true,"href":"https:\/\/gracelandjuegos.com.ar\/web\/wp-json\/wp\/v2\/product_tag?post=10800"}],"curies":[{"name":"wp","href":"https:\/\/api.w.org\/{rel}","templated":true}]}}