{"id":10799,"date":"2025-01-30T16:00:17","date_gmt":"2025-01-30T19:00:17","guid":{"rendered":"https:\/\/gracelandjuegos.com.ar\/web\/?post_type=product&#038;p=10799"},"modified":"2026-02-17T20:31:51","modified_gmt":"2026-02-17T23:31:51","slug":"through-the-ages-una-nueva-historia-de-la-civilizacion","status":"publish","type":"product","link":"https:\/\/gracelandjuegos.com.ar\/web\/product\/through-the-ages-una-nueva-historia-de-la-civilizacion\/","title":{"rendered":"Through The Ages: Una Nueva Historia de la Civilizaci\u00f3n"},"content":{"rendered":"<p>Through the Ages es un juego de construcci\u00f3n de civilizaciones. Cada jugador intenta construir la mejor civilizaci\u00f3n mediante una cuidadosa gesti\u00f3n de recursos, descubriendo nuevas tecnolog\u00edas, eligiendo a los l\u00edderes correctos, construyendo maravillas y manteniendo un ej\u00e9rcito fuerte. La debilidad en cualquier \u00e1rea puede ser explotada por tus oponentes.<\/p>\n<p>El juego se desarrolla a lo largo de las edades, comenzando en la era de la antig\u00fcedad y terminando en la era moderna.<\/p>\n<p>Tecnolog\u00edas, maravillas y l\u00edderes entran en juego y se vuelven m\u00e1s f\u00e1ciles de conseguir cuanto m\u00e1s tiempo permanecen en juego. Para usar una tecnolog\u00eda, vas a necesitar suficiente ciencia para descubrirla, suficiente comida para crear una poblaci\u00f3n que la maneje y suficientes recursos (mineral) para construir el edificio para usarla. Mientras equilibr\u00e1s los recursos necesarios para avanzar tu tecnolog\u00eda, tambi\u00e9n necesit\u00e1s construir un ej\u00e9rcito. El ej\u00e9rcito se construye de la misma manera que los edificios civiles. Los jugadores que tienen un ej\u00e9rcito d\u00e9bil ser\u00e1n presa de otros jugadores. No hay un mapa en el juego, por lo que no pod\u00e9s perder territorio, pero los jugadores con mayor ej\u00e9rcito robar\u00e1n recursos, ciencia, matar\u00e1n l\u00edderes, tomar\u00e1n poblaci\u00f3n o cultura. Es muy dif\u00edcil ganar con un ej\u00e9rcito grande, pero es muy f\u00e1cil perder debido a uno d\u00e9bil.<\/p>\n<p>La victoria se la lleva el jugador cuya naci\u00f3n tenga m\u00e1s cultura al final de la era moderna.<\/p>\n","protected":false},"excerpt":{"rendered":"<p>G\u00e9nero: Estrategia.<br \/>\nCategor\u00edas: Civilizaci\u00f3n, Econom\u00eda, Cartas, Puntos de Acci\u00f3n, Subasta, Eventos, Ingresos, Drafting.<br \/>\nDise\u00f1ado Por: <span class=\"ng-binding\">Vlaada Chv\u00e1til<\/span><br \/>\nEditorial: Devir<br \/>\nEdad M\u00ednima Recomendada: 14 A\u00f1os<br \/>\nDificultad: 4.44\/5<br \/>\nN\u00ba de Jugadores: 2 a 4<br \/>\nDuraci\u00f3n Promedio de la Partida: 120 Minutos<br \/>\nIdioma: Espa\u00f1ol<\/p>\n","protected":false},"featured_media":10798,"comment_status":"closed","ping_status":"closed","template":"","meta":[],"product_brand":[],"product_cat":[339,243,329],"product_tag":[],"class_list":{"0":"post-10799","1":"product","2":"type-product","3":"status-publish","4":"has-post-thumbnail","6":"product_cat-devir","7":"product_cat-juegos-de-mesa","8":"product_cat-recomendados","10":"first","11":"instock","12":"shipping-taxable","13":"purchasable","14":"product-type-simple"},"_links":{"self":[{"href":"https:\/\/gracelandjuegos.com.ar\/web\/wp-json\/wp\/v2\/product\/10799","targetHints":{"allow":["GET"]}}],"collection":[{"href":"https:\/\/gracelandjuegos.com.ar\/web\/wp-json\/wp\/v2\/product"}],"about":[{"href":"https:\/\/gracelandjuegos.com.ar\/web\/wp-json\/wp\/v2\/types\/product"}],"replies":[{"embeddable":true,"href":"https:\/\/gracelandjuegos.com.ar\/web\/wp-json\/wp\/v2\/comments?post=10799"}],"wp:featuredmedia":[{"embeddable":true,"href":"https:\/\/gracelandjuegos.com.ar\/web\/wp-json\/wp\/v2\/media\/10798"}],"wp:attachment":[{"href":"https:\/\/gracelandjuegos.com.ar\/web\/wp-json\/wp\/v2\/media?parent=10799"}],"wp:term":[{"taxonomy":"product_brand","embeddable":true,"href":"https:\/\/gracelandjuegos.com.ar\/web\/wp-json\/wp\/v2\/product_brand?post=10799"},{"taxonomy":"product_cat","embeddable":true,"href":"https:\/\/gracelandjuegos.com.ar\/web\/wp-json\/wp\/v2\/product_cat?post=10799"},{"taxonomy":"product_tag","embeddable":true,"href":"https:\/\/gracelandjuegos.com.ar\/web\/wp-json\/wp\/v2\/product_tag?post=10799"}],"curies":[{"name":"wp","href":"https:\/\/api.w.org\/{rel}","templated":true}]}}