{"id":10780,"date":"2024-06-19T16:50:31","date_gmt":"2024-06-19T19:50:31","guid":{"rendered":"https:\/\/gracelandjuegos.com.ar\/web\/?post_type=product&#038;p=10780"},"modified":"2025-09-10T14:57:00","modified_gmt":"2025-09-10T17:57:00","slug":"polis","status":"publish","type":"product","link":"https:\/\/gracelandjuegos.com.ar\/web\/product\/polis\/","title":{"rendered":"Polis"},"content":{"rendered":"<p id=\"tw-target-text\" class=\"tw-data-text tw-text-large tw-ta\" dir=\"ltr\" data-placeholder=\"Traducci\u00f3n\" aria-label=\"Texto traducido\" data-ved=\"2ahUKEwjt8rKVt-iGAxUpqpUCHSl4C80Q3ewLegQIBRAU\"><span class=\"Y2IQFc\" lang=\"es\">Polis es un juego de estrategia civil para dos jugadores ambientado al comienzo del conflicto entre las dos principales Polis del siglo V a. C.: Atenas y la Liga de Delos contra Esparta y la Liga del Peloponeso. <\/span><\/p>\n<p class=\"tw-data-text tw-text-large tw-ta\" dir=\"ltr\" data-placeholder=\"Traducci\u00f3n\" aria-label=\"Texto traducido\" data-ved=\"2ahUKEwjt8rKVt-iGAxUpqpUCHSl4C80Q3ewLegQIBRAU\"><span class=\"Y2IQFc\" lang=\"es\">El ganador ser\u00e1 el Imperio con m\u00e1s poblaci\u00f3n y prestigio al final del juego. <\/span><\/p>\n<p class=\"tw-data-text tw-text-large tw-ta\" dir=\"ltr\" data-placeholder=\"Traducci\u00f3n\" aria-label=\"Texto traducido\" data-ved=\"2ahUKEwjt8rKVt-iGAxUpqpUCHSl4C80Q3ewLegQIBRAU\"><span class=\"Y2IQFc\" lang=\"es\">Ambos jugadores deben asegurar sus suministros y las rutas a cinco mercados para comerciar con ellos. Cada turno obten\u00e9s bienes de un territorio donde tengas poblaci\u00f3n que apoya a tu Imperio, pero debes alimentarlos. <\/span><\/p>\n<p class=\"tw-data-text tw-text-large tw-ta\" dir=\"ltr\" data-placeholder=\"Traducci\u00f3n\" aria-label=\"Texto traducido\" data-ved=\"2ahUKEwjt8rKVt-iGAxUpqpUCHSl4C80Q3ewLegQIBRAU\"><span class=\"Y2IQFc\" lang=\"es\">Pod\u00e9s luchar para controlar los territorios y asediar otras polis, o pod\u00e9s usar tu diplomacia para convencerlas de que se unan a tu liga. Pero las polis est\u00e1n orgullosas de su independencia, por lo que vas a tener que crear algunos proyectos para ganar el prestigio necesario para tus maniobras militares. <\/span><\/p>\n<p class=\"tw-data-text tw-text-large tw-ta\" dir=\"ltr\" data-placeholder=\"Traducci\u00f3n\" aria-label=\"Texto traducido\" data-ved=\"2ahUKEwjt8rKVt-iGAxUpqpUCHSl4C80Q3ewLegQIBRAU\"><span class=\"Y2IQFc\" lang=\"es\">Esta nueva edici\u00f3n de Polis tiene reglas revisadas y nuevo arte para mejorar tu experiencia de juego.<\/span><\/p>\n","protected":false},"excerpt":{"rendered":"<p>G\u00e9nero: Estrategia, Wargame.<br \/>\nCategor\u00edas: Antiguedad, Econom\u00eda, Control de \u00c1rea, Dados, Mercado.<br \/>\nDise\u00f1ado Por: Fran Diaz<br \/>\nEditorial: Devir<br \/>\nEdad M\u00ednima Recomendada: 12 A\u00f1os<br \/>\nDificultad: 3.79\/5<br \/>\nN\u00ba de Jugadores: 2<br \/>\nDuraci\u00f3n Promedio de la Partida: 120 Minutos<br \/>\nIdioma: Espa\u00f1ol<\/p>\n","protected":false},"featured_media":10777,"comment_status":"closed","ping_status":"closed","template":"","meta":[],"product_brand":[],"product_cat":[339,243],"product_tag":[],"class_list":{"0":"post-10780","1":"product","2":"type-product","3":"status-publish","4":"has-post-thumbnail","6":"product_cat-devir","7":"product_cat-juegos-de-mesa","9":"first","10":"instock","11":"shipping-taxable","12":"purchasable","13":"product-type-simple"},"_links":{"self":[{"href":"https:\/\/gracelandjuegos.com.ar\/web\/wp-json\/wp\/v2\/product\/10780","targetHints":{"allow":["GET"]}}],"collection":[{"href":"https:\/\/gracelandjuegos.com.ar\/web\/wp-json\/wp\/v2\/product"}],"about":[{"href":"https:\/\/gracelandjuegos.com.ar\/web\/wp-json\/wp\/v2\/types\/product"}],"replies":[{"embeddable":true,"href":"https:\/\/gracelandjuegos.com.ar\/web\/wp-json\/wp\/v2\/comments?post=10780"}],"wp:featuredmedia":[{"embeddable":true,"href":"https:\/\/gracelandjuegos.com.ar\/web\/wp-json\/wp\/v2\/media\/10777"}],"wp:attachment":[{"href":"https:\/\/gracelandjuegos.com.ar\/web\/wp-json\/wp\/v2\/media?parent=10780"}],"wp:term":[{"taxonomy":"product_brand","embeddable":true,"href":"https:\/\/gracelandjuegos.com.ar\/web\/wp-json\/wp\/v2\/product_brand?post=10780"},{"taxonomy":"product_cat","embeddable":true,"href":"https:\/\/gracelandjuegos.com.ar\/web\/wp-json\/wp\/v2\/product_cat?post=10780"},{"taxonomy":"product_tag","embeddable":true,"href":"https:\/\/gracelandjuegos.com.ar\/web\/wp-json\/wp\/v2\/product_tag?post=10780"}],"curies":[{"name":"wp","href":"https:\/\/api.w.org\/{rel}","templated":true}]}}