{"id":10778,"date":"2024-06-19T16:11:24","date_gmt":"2024-06-19T19:11:24","guid":{"rendered":"https:\/\/gracelandjuegos.com.ar\/web\/?post_type=product&#038;p=10778"},"modified":"2026-02-17T20:32:25","modified_gmt":"2026-02-17T23:32:25","slug":"carcassonne-cazadores-y-recolectores","status":"publish","type":"product","link":"https:\/\/gracelandjuegos.com.ar\/web\/product\/carcassonne-cazadores-y-recolectores\/","title":{"rendered":"Carcassonne Cazadores y Recolectores"},"content":{"rendered":"<p>Carcassonne: Cazadores y Recolectores es un juego basado en las mec\u00e1nicas de Carcassonne, pero ambientado en la Edad de Piedra.<\/p>\n<p>Los jugadores formar\u00e1n un territorio con sus losetas y tratar\u00e1n de conseguir la mayor cantidad de puntos a trav\u00e9s de sus trabajadores. Estos se podr\u00e1n colocar en r\u00edos, lagos, bosques o territorios de caza.<\/p>\n<p>Un juego imprescindible para todos los amantes de la saga Carcassonne.<\/p>\n<p>(Carcassonne: Cazadores y Recolectores es un juego independiente, no es necesario disponer de Carcassonne para poder jugar).<\/p>\n","protected":false},"excerpt":{"rendered":"<p>G\u00e9nero: Familiar.<br \/>\nCategor\u00edas: Prehistoria, Control de \u00c1rea, Colocaci\u00f3n de Losetas, Colocaci\u00f3n de Trabajadores.<br \/>\nDise\u00f1ado Por: Klaus-J\u00fcrgen Wrede, Bernd Brunnhofer<br \/>\nEditorial: Devir<br \/>\nEdad M\u00ednima Recomendada: 8 A\u00f1os<br \/>\nDificultad: 1.92\/5<br \/>\nN\u00ba de Jugadores: 2 a 5<br \/>\nDuraci\u00f3n Promedio de la Partida: 35 Minutos<br \/>\nIdioma: Espa\u00f1ol<\/p>\n","protected":false},"featured_media":10775,"comment_status":"closed","ping_status":"closed","template":"","meta":[],"product_brand":[],"product_cat":[339,243],"product_tag":[],"class_list":{"0":"post-10778","1":"product","2":"type-product","3":"status-publish","4":"has-post-thumbnail","6":"product_cat-devir","7":"product_cat-juegos-de-mesa","9":"first","10":"instock","11":"shipping-taxable","12":"purchasable","13":"product-type-simple"},"_links":{"self":[{"href":"https:\/\/gracelandjuegos.com.ar\/web\/wp-json\/wp\/v2\/product\/10778","targetHints":{"allow":["GET"]}}],"collection":[{"href":"https:\/\/gracelandjuegos.com.ar\/web\/wp-json\/wp\/v2\/product"}],"about":[{"href":"https:\/\/gracelandjuegos.com.ar\/web\/wp-json\/wp\/v2\/types\/product"}],"replies":[{"embeddable":true,"href":"https:\/\/gracelandjuegos.com.ar\/web\/wp-json\/wp\/v2\/comments?post=10778"}],"wp:featuredmedia":[{"embeddable":true,"href":"https:\/\/gracelandjuegos.com.ar\/web\/wp-json\/wp\/v2\/media\/10775"}],"wp:attachment":[{"href":"https:\/\/gracelandjuegos.com.ar\/web\/wp-json\/wp\/v2\/media?parent=10778"}],"wp:term":[{"taxonomy":"product_brand","embeddable":true,"href":"https:\/\/gracelandjuegos.com.ar\/web\/wp-json\/wp\/v2\/product_brand?post=10778"},{"taxonomy":"product_cat","embeddable":true,"href":"https:\/\/gracelandjuegos.com.ar\/web\/wp-json\/wp\/v2\/product_cat?post=10778"},{"taxonomy":"product_tag","embeddable":true,"href":"https:\/\/gracelandjuegos.com.ar\/web\/wp-json\/wp\/v2\/product_tag?post=10778"}],"curies":[{"name":"wp","href":"https:\/\/api.w.org\/{rel}","templated":true}]}}