{"id":10773,"date":"2024-05-29T16:39:27","date_gmt":"2024-05-29T19:39:27","guid":{"rendered":"https:\/\/gracelandjuegos.com.ar\/web\/?post_type=product&#038;p=10773"},"modified":"2026-02-17T20:32:36","modified_gmt":"2026-02-17T23:32:36","slug":"tzolkin","status":"publish","type":"product","link":"https:\/\/gracelandjuegos.com.ar\/web\/product\/tzolkin\/","title":{"rendered":"Tzolk&#8217;in"},"content":{"rendered":"<p>Tolzk\u2019in es uno de los juegos m\u00e1s innovadores y sorprendentes dentro del espectro\u00a0avanzado del mundo de los juegos de mesa.<\/p>\n<p>Creado por los reputados autores\u00a0Daniele Tascini\u00a0y\u00a0Simone Luciani, creadores de\u00a0Los Viajes de Marco Polo, en este t\u00edtulo ofrecen a los jugadores un reto a\u00fan mayor: dominar los entresijos del calendario maya\u00a0para conseguir el mayor n\u00famero de puntos de victoria.<\/p>\n<p>Un magn\u00edfico sistema de engranajes es el art\u00edfice de la nueva mec\u00e1nica bautizada como colocaci\u00f3n din\u00e1mica de trabajadores, ya que estos ir\u00e1n moviendo su posici\u00f3n ronda tras ronda, y, por lo tanto, modificando su acci\u00f3n disponible. La estrategia, la optimizaci\u00f3n y la gesti\u00f3n de recursos ser\u00e1n tus aliados para alzarte con la victoria en Tzolk\u2019in, un juego ineludible para los amantes de las experiencias l\u00fadicas m\u00e1s exigentes.<\/p>\n","protected":false},"excerpt":{"rendered":"<p>G\u00e9nero: Estrategia.<br \/>\nCategor\u00edas: Econoom\u00eda, Mitolog\u00eda, Civilizaci\u00f3n Antigua, Colocaci\u00f3n de Trabajadores, .<br \/>\nDise\u00f1ado Por: <span class=\"ng-scope\"><span class=\"ng-binding\">Simone Luciani<\/span>,\u00a0<\/span><span class=\"ng-scope\"><span class=\"ng-binding\">Daniele <\/span><span class=\"ng-binding\">Tascini<\/span><\/span><br \/>\nEditorial: Devir<br \/>\nEdad M\u00ednima Recomendada: 13 A\u00f1os<br \/>\nDificultad: 3.67\/5<br \/>\nN\u00ba de Jugadores: 2 a 4<br \/>\nDuraci\u00f3n Promedio de la Partida: 90 Minutos<br \/>\nIdioma: Espa\u00f1ol<\/p>\n","protected":false},"featured_media":10774,"comment_status":"closed","ping_status":"closed","template":"","meta":[],"product_brand":[],"product_cat":[339,243,329],"product_tag":[],"class_list":{"0":"post-10773","1":"product","2":"type-product","3":"status-publish","4":"has-post-thumbnail","6":"product_cat-devir","7":"product_cat-juegos-de-mesa","8":"product_cat-recomendados","10":"first","11":"outofstock","12":"shipping-taxable","13":"purchasable","14":"product-type-simple"},"_links":{"self":[{"href":"https:\/\/gracelandjuegos.com.ar\/web\/wp-json\/wp\/v2\/product\/10773","targetHints":{"allow":["GET"]}}],"collection":[{"href":"https:\/\/gracelandjuegos.com.ar\/web\/wp-json\/wp\/v2\/product"}],"about":[{"href":"https:\/\/gracelandjuegos.com.ar\/web\/wp-json\/wp\/v2\/types\/product"}],"replies":[{"embeddable":true,"href":"https:\/\/gracelandjuegos.com.ar\/web\/wp-json\/wp\/v2\/comments?post=10773"}],"wp:featuredmedia":[{"embeddable":true,"href":"https:\/\/gracelandjuegos.com.ar\/web\/wp-json\/wp\/v2\/media\/10774"}],"wp:attachment":[{"href":"https:\/\/gracelandjuegos.com.ar\/web\/wp-json\/wp\/v2\/media?parent=10773"}],"wp:term":[{"taxonomy":"product_brand","embeddable":true,"href":"https:\/\/gracelandjuegos.com.ar\/web\/wp-json\/wp\/v2\/product_brand?post=10773"},{"taxonomy":"product_cat","embeddable":true,"href":"https:\/\/gracelandjuegos.com.ar\/web\/wp-json\/wp\/v2\/product_cat?post=10773"},{"taxonomy":"product_tag","embeddable":true,"href":"https:\/\/gracelandjuegos.com.ar\/web\/wp-json\/wp\/v2\/product_tag?post=10773"}],"curies":[{"name":"wp","href":"https:\/\/api.w.org\/{rel}","templated":true}]}}