{"id":10770,"date":"2024-05-29T16:31:22","date_gmt":"2024-05-29T19:31:22","guid":{"rendered":"https:\/\/gracelandjuegos.com.ar\/web\/?post_type=product&#038;p=10770"},"modified":"2026-02-17T20:32:47","modified_gmt":"2026-02-17T23:32:47","slug":"sand","status":"publish","type":"product","link":"https:\/\/gracelandjuegos.com.ar\/web\/product\/sand\/","title":{"rendered":"Sand"},"content":{"rendered":"<p>La gente se refiere a este vasto lugar s\u00f3lo como el desierto, ya que nadie recuerda lo que hab\u00eda aqu\u00ed antes. La edad de oro de los seres humanos hace tiempo que pas\u00f3. Ahora s\u00f3lo hay arena, y la \u00fanica esperanza est\u00e1 en la humedad.<\/p>\n<p>Los viajeros cruzan el desierto que se extiende desde las laderas de las monta\u00f1as Akaishi hasta los acantilados de Seaclaw. Ciudades antiguas semiderruidas albergan las \u00faltimas comunidades humanas que luchan por sobrevivir forrajeando lo poco verde que queda en pie. Estos viajeros del desierto transportan mercanc\u00edas a lomos de sus orugas. Aunque su \u00fanico objetivo es ganar tanto dinero como puedan, al mismo tiempo y de forma m\u00e1s o menos deliberada, contribuyen a devolver la vida al desierto transportando peque\u00f1as plantas desde los invernaderos artificiales de las ciudades hasta los rincones m\u00e1s remotos de este oc\u00e9ano de arena.<\/p>\n<p>Dise\u00f1ado por Ariel Di Costanzo y Javier Pelizzari e ilustrado por Ernest Sala, Sand es un juego con una mec\u00e1nica principal de recoger y entregar que puede disfrutarse en solitario o en grupos de hasta cuatro jugadores en partidas de unos 120 minutos de duraci\u00f3n. Los jugadores tienen que ganar el m\u00e1ximo oro posible tras seis rondas (cinco en una partida de cuatro jugadores) para alzarse con la victoria.<\/p>\n<p>En Sand, los jugadores se ponen en la piel de estos intr\u00e9pidos viajeros del desierto que recorren los caminos del tablero y visitan las distintas ciudades. Recogen mercanc\u00edas para llevarlas a otros lugares y as\u00ed ganar oro por el servicio de transporte. Atraviesan las dunas a lomos de sus fieles orugas, que, cuidadas, crecer\u00e1n y ayudar\u00e1n a los jugadores a completar sus tareas con mayor eficacia. Por el camino se les unir\u00e1n \u00fatiles compa\u00f1eros y se les encomendar\u00e1n misiones que, de ser completadas, reportar\u00e1n buenos beneficios al final del viaje. Ayuda a las plantas a echar ra\u00edces de nuevo, y quiz\u00e1 a\u00fan quede algo de esperanza para este desolado lugar&#8230;<\/p>\n","protected":false},"excerpt":{"rendered":"<p>G\u00e9nero: Estrategia.<br \/>\nCategor\u00edas: Recoger y Entregar.<br \/>\nDise\u00f1ado Por: <span class=\"ng-scope\"><span class=\"ng-binding\">Ariel Di <\/span><span class=\"ng-binding\">Costanzo<\/span>,\u00a0<\/span><span class=\"ng-scope\"><span class=\"ng-binding\">Javier <\/span><span class=\"ng-binding\">Pelizzari<\/span><\/span><br \/>\nEditorial: Devir<br \/>\nEdad M\u00ednima Recomendada: 14 A\u00f1os<br \/>\nDificultad: 3.19\/5<br \/>\nN\u00ba de Jugadores: 1 a 4<br \/>\nDuraci\u00f3n Promedio de la Partida: 120 Minutos<br \/>\nIdioma: Espa\u00f1ol<\/p>\n","protected":false},"featured_media":10771,"comment_status":"closed","ping_status":"closed","template":"","meta":[],"product_brand":[],"product_cat":[339,243,328,329],"product_tag":[],"class_list":{"0":"post-10770","1":"product","2":"type-product","3":"status-publish","4":"has-post-thumbnail","6":"product_cat-devir","7":"product_cat-juegos-de-mesa","8":"product_cat-novedades","9":"product_cat-recomendados","11":"first","12":"instock","13":"shipping-taxable","14":"purchasable","15":"product-type-simple"},"_links":{"self":[{"href":"https:\/\/gracelandjuegos.com.ar\/web\/wp-json\/wp\/v2\/product\/10770","targetHints":{"allow":["GET"]}}],"collection":[{"href":"https:\/\/gracelandjuegos.com.ar\/web\/wp-json\/wp\/v2\/product"}],"about":[{"href":"https:\/\/gracelandjuegos.com.ar\/web\/wp-json\/wp\/v2\/types\/product"}],"replies":[{"embeddable":true,"href":"https:\/\/gracelandjuegos.com.ar\/web\/wp-json\/wp\/v2\/comments?post=10770"}],"wp:featuredmedia":[{"embeddable":true,"href":"https:\/\/gracelandjuegos.com.ar\/web\/wp-json\/wp\/v2\/media\/10771"}],"wp:attachment":[{"href":"https:\/\/gracelandjuegos.com.ar\/web\/wp-json\/wp\/v2\/media?parent=10770"}],"wp:term":[{"taxonomy":"product_brand","embeddable":true,"href":"https:\/\/gracelandjuegos.com.ar\/web\/wp-json\/wp\/v2\/product_brand?post=10770"},{"taxonomy":"product_cat","embeddable":true,"href":"https:\/\/gracelandjuegos.com.ar\/web\/wp-json\/wp\/v2\/product_cat?post=10770"},{"taxonomy":"product_tag","embeddable":true,"href":"https:\/\/gracelandjuegos.com.ar\/web\/wp-json\/wp\/v2\/product_tag?post=10770"}],"curies":[{"name":"wp","href":"https:\/\/api.w.org\/{rel}","templated":true}]}}