{"id":10767,"date":"2024-05-29T16:25:27","date_gmt":"2024-05-29T19:25:27","guid":{"rendered":"https:\/\/gracelandjuegos.com.ar\/web\/?post_type=product&#038;p=10767"},"modified":"2024-08-26T10:26:43","modified_gmt":"2024-08-26T13:26:43","slug":"las-tabernas-de-valfonda","status":"publish","type":"product","link":"https:\/\/gracelandjuegos.com.ar\/web\/product\/las-tabernas-de-valfonda\/","title":{"rendered":"Las Tabernas de Valfonda"},"content":{"rendered":"<p>En el pueblo de Valfonda se encuentra \u201cLa Taberna del Valle Profundo\u201d. All\u00ed, todos los ciudadanos de la zona se re\u00fanen, pero es importante atraer a nuevos y adinerados invitados porque solo entonces habr\u00e1 suficiente dinero para expandir la taberna, lo que tambi\u00e9n atraer\u00e1 a los nobles a la taberna. Pero, \u00bfQu\u00e9 mejora debe ser tu siguiente paso? \u00bfO deber\u00edas concentrarte en el dinero? \u00bfO m\u00e1s bien asegurarse de que la cerveza siga fluyendo? \u00bfLograr\u00e1s tener la taberna m\u00e1s famosa y reconocida del valle?<\/p>\n<p>En Las Tavernas de Valfonda, el desaf\u00edo es elegir h\u00e1bilmente los dados y desarrollar tu mazo de cartas personal con la combinaci\u00f3n de clientes y personal m\u00e1s rentable posible. A medida que consigamos dinero, podremos contratar m\u00e1s y mejor personal, o realizar reformas en nuestra taberna, lo que posibilitar\u00e1 atender a m\u00e1s y mejores clientes y atraer a la nobleza del pueblo.<\/p>\n<p>El juego est\u00e1 estructurado con cinco m\u00f3dulos para que cada grupo de jugadores pueda agregar niveles adicionales de complejidad a medida que se familiarice con el juego.<\/p>\n<p>&nbsp;<\/p>\n","protected":false},"excerpt":{"rendered":"<p>G\u00e9nero: Familiar, Estrategia.<br \/>\nCategor\u00edas: Medieval, Cartas, Armado de Mazo, Gesti\u00f3n de Dados, Drafting, Colocaci\u00f3n de Trabajadores.<br \/>\nDise\u00f1ado Por: <span class=\"ng-binding\">Wolfgang <\/span><span class=\"ng-binding\">Warsch<\/span><br \/>\nEditorial: Devir<br \/>\nEdad M\u00ednima Recomendada: 12 A\u00f1os<br \/>\nDificultad: 2.68\/5<br \/>\nN\u00ba de Jugadores: 2 a 4<br \/>\nDuraci\u00f3n Promedio de la Partida: 60 Minutos<br \/>\nIdioma: Espa\u00f1ol<\/p>\n","protected":false},"featured_media":10762,"comment_status":"closed","ping_status":"closed","template":"","meta":[],"product_brand":[],"product_cat":[339,243,329],"product_tag":[],"class_list":{"0":"post-10767","1":"product","2":"type-product","3":"status-publish","4":"has-post-thumbnail","6":"product_cat-devir","7":"product_cat-juegos-de-mesa","8":"product_cat-recomendados","10":"first","11":"outofstock","12":"shipping-taxable","13":"purchasable","14":"product-type-simple"},"_links":{"self":[{"href":"https:\/\/gracelandjuegos.com.ar\/web\/wp-json\/wp\/v2\/product\/10767","targetHints":{"allow":["GET"]}}],"collection":[{"href":"https:\/\/gracelandjuegos.com.ar\/web\/wp-json\/wp\/v2\/product"}],"about":[{"href":"https:\/\/gracelandjuegos.com.ar\/web\/wp-json\/wp\/v2\/types\/product"}],"replies":[{"embeddable":true,"href":"https:\/\/gracelandjuegos.com.ar\/web\/wp-json\/wp\/v2\/comments?post=10767"}],"wp:featuredmedia":[{"embeddable":true,"href":"https:\/\/gracelandjuegos.com.ar\/web\/wp-json\/wp\/v2\/media\/10762"}],"wp:attachment":[{"href":"https:\/\/gracelandjuegos.com.ar\/web\/wp-json\/wp\/v2\/media?parent=10767"}],"wp:term":[{"taxonomy":"product_brand","embeddable":true,"href":"https:\/\/gracelandjuegos.com.ar\/web\/wp-json\/wp\/v2\/product_brand?post=10767"},{"taxonomy":"product_cat","embeddable":true,"href":"https:\/\/gracelandjuegos.com.ar\/web\/wp-json\/wp\/v2\/product_cat?post=10767"},{"taxonomy":"product_tag","embeddable":true,"href":"https:\/\/gracelandjuegos.com.ar\/web\/wp-json\/wp\/v2\/product_tag?post=10767"}],"curies":[{"name":"wp","href":"https:\/\/api.w.org\/{rel}","templated":true}]}}