{"id":10764,"date":"2024-05-29T16:14:55","date_gmt":"2024-05-29T19:14:55","guid":{"rendered":"https:\/\/gracelandjuegos.com.ar\/web\/?post_type=product&#038;p=10764"},"modified":"2026-02-17T20:33:18","modified_gmt":"2026-02-17T23:33:18","slug":"sagrada","status":"publish","type":"product","link":"https:\/\/gracelandjuegos.com.ar\/web\/product\/sagrada\/","title":{"rendered":"Sagrada"},"content":{"rendered":"<p>Sos un artista que compite con otros compa\u00f1eros artistas para crear el vitral m\u00e1s hermoso de la Sagrada Familia. Tus l\u00e1minas de vidrio est\u00e1n representadas por dados, que tienen un color y una opacidad, indicada por el valor del dado (cuanto m\u00e1s bajo es su valor, menos es su opacidad).<\/p>\n<p>Cada ronda, los jugadores ir\u00e1n eligiendo dados de una reserva y coloc\u00e1ndolos en sus respectivos vitrales (su tablero de jugador). Estos deben ser colocados teniendo en cuenta las restricciones de color y opacidad indicadas en sus cartas de patr\u00f3n, y evitando dados adyacentes del mismo color o valor.<\/p>\n<p>Despu\u00e9s de 10 rondas, los jugadores recuentan sus puntos en funci\u00f3n de sus objetivos p\u00fablicos y privados.<\/p>\n<p>\u00a1El artesano que consigue la puntuaci\u00f3n m\u00e1s alta es el ganador!<\/p>\n","protected":false},"excerpt":{"rendered":"<p>G\u00e9nero: Familiar, Abstracto.<br \/>\nCategor\u00edas: Puzzle, Gesti\u00f3n de Dados, Drafting, Grilla, Contratos.<br \/>\nDise\u00f1ado Por: <span class=\"ng-scope\"><span class=\"ng-binding\">Adrian <\/span><span class=\"ng-binding\">Adamescu<\/span>,\u00a0<\/span><span class=\"ng-scope\"><span class=\"ng-binding\">Daryl Andrews<\/span><\/span><br \/>\nEditorial: Devir<br \/>\nEdad M\u00ednima Recomendada: 14 A\u00f1os<br \/>\nDificultad: 1,92\/5<br \/>\nN\u00ba de Jugadores: 1 a 4<br \/>\nDuraci\u00f3n Promedio de la Partida: 30 Minutos<br \/>\nIdioma: Espa\u00f1ol<\/p>\n","protected":false},"featured_media":10761,"comment_status":"closed","ping_status":"closed","template":"","meta":[],"product_brand":[],"product_cat":[339,243,329],"product_tag":[],"class_list":{"0":"post-10764","1":"product","2":"type-product","3":"status-publish","4":"has-post-thumbnail","6":"product_cat-devir","7":"product_cat-juegos-de-mesa","8":"product_cat-recomendados","10":"first","11":"outofstock","12":"shipping-taxable","13":"purchasable","14":"product-type-simple"},"_links":{"self":[{"href":"https:\/\/gracelandjuegos.com.ar\/web\/wp-json\/wp\/v2\/product\/10764","targetHints":{"allow":["GET"]}}],"collection":[{"href":"https:\/\/gracelandjuegos.com.ar\/web\/wp-json\/wp\/v2\/product"}],"about":[{"href":"https:\/\/gracelandjuegos.com.ar\/web\/wp-json\/wp\/v2\/types\/product"}],"replies":[{"embeddable":true,"href":"https:\/\/gracelandjuegos.com.ar\/web\/wp-json\/wp\/v2\/comments?post=10764"}],"wp:featuredmedia":[{"embeddable":true,"href":"https:\/\/gracelandjuegos.com.ar\/web\/wp-json\/wp\/v2\/media\/10761"}],"wp:attachment":[{"href":"https:\/\/gracelandjuegos.com.ar\/web\/wp-json\/wp\/v2\/media?parent=10764"}],"wp:term":[{"taxonomy":"product_brand","embeddable":true,"href":"https:\/\/gracelandjuegos.com.ar\/web\/wp-json\/wp\/v2\/product_brand?post=10764"},{"taxonomy":"product_cat","embeddable":true,"href":"https:\/\/gracelandjuegos.com.ar\/web\/wp-json\/wp\/v2\/product_cat?post=10764"},{"taxonomy":"product_tag","embeddable":true,"href":"https:\/\/gracelandjuegos.com.ar\/web\/wp-json\/wp\/v2\/product_tag?post=10764"}],"curies":[{"name":"wp","href":"https:\/\/api.w.org\/{rel}","templated":true}]}}