{"id":10760,"date":"2024-04-24T17:03:45","date_gmt":"2024-04-24T20:03:45","guid":{"rendered":"https:\/\/gracelandjuegos.com.ar\/web\/?post_type=product&#038;p=10760"},"modified":"2026-02-17T20:33:32","modified_gmt":"2026-02-17T23:33:32","slug":"coloretto","status":"publish","type":"product","link":"https:\/\/gracelandjuegos.com.ar\/web\/product\/coloretto\/","title":{"rendered":"Coloretto"},"content":{"rendered":"<p>El juego en Coloretto es simple: sac\u00e1 una carta para agregarla a una fila o agarr\u00e1 una fila de cartas para agregarlas a tu colecci\u00f3n. Una fila puede tener como m\u00e1ximo tres cartas, por lo que en alg\u00fan momento todos se ven obligados a tomar una fila. Una vez que se han reclamado todas las filas, los jugadores comienzan una nueva ronda.<\/p>\n<p>Con las cartas que agarres vas a tratar de armar grandes colecciones, pero solo de tres colores, ya que cada color m\u00e1s all\u00e1 del tercero va a costarte puntos. Los comodines son muy apreciados ya que siempre coinciden con lo que vos quieras, y las cartas +2 proporcionan puntos seguros, d\u00e1ndote un plan de respaldo si todo va mal en t\u00e9rminos de los colores que est\u00e1s recolectando.<\/p>\n<p>Una vez que solo quedan unas pocas cartas en el mazo, el juego finaliza y todos suman su puntuaci\u00f3n, eligiendo tres colores de cartas para puntuar positivamente, mientras que cualquier otro color cuenta en su contra. Cada color se punt\u00faa utilizando un sistema num\u00e9rico triangular: la primera carta de un color es \u00b1 1 punto, la segunda carta es \u00b1 2 puntos, y as\u00ed sucesivamente.<\/p>\n<p>\u00a1El jugador con la puntuaci\u00f3n m\u00e1s alta gana!<\/p>\n","protected":false},"excerpt":{"rendered":"<p>G\u00e9nero: Familiar.<br \/>\nCategor\u00edas: Cartas, Animales, Drafting, Toma de Riesgos, Colecciones.<br \/>\nDise\u00f1ado Por: Michael Schacht<br \/>\nEditorial: Devir<br \/>\nEdad M\u00ednima Recomendada: 8 A\u00f1os<br \/>\nDificultad: 1,27\/5<br \/>\nN\u00ba de Jugadores: 2 a 5<br \/>\nDuraci\u00f3n Promedio de la Partida: 30 Minutos<br \/>\nIdioma: Espa\u00f1ol<\/p>\n","protected":false},"featured_media":10753,"comment_status":"closed","ping_status":"closed","template":"","meta":[],"product_brand":[],"product_cat":[339,243],"product_tag":[],"class_list":{"0":"post-10760","1":"product","2":"type-product","3":"status-publish","4":"has-post-thumbnail","6":"product_cat-devir","7":"product_cat-juegos-de-mesa","9":"first","10":"instock","11":"shipping-taxable","12":"purchasable","13":"product-type-simple"},"_links":{"self":[{"href":"https:\/\/gracelandjuegos.com.ar\/web\/wp-json\/wp\/v2\/product\/10760","targetHints":{"allow":["GET"]}}],"collection":[{"href":"https:\/\/gracelandjuegos.com.ar\/web\/wp-json\/wp\/v2\/product"}],"about":[{"href":"https:\/\/gracelandjuegos.com.ar\/web\/wp-json\/wp\/v2\/types\/product"}],"replies":[{"embeddable":true,"href":"https:\/\/gracelandjuegos.com.ar\/web\/wp-json\/wp\/v2\/comments?post=10760"}],"wp:featuredmedia":[{"embeddable":true,"href":"https:\/\/gracelandjuegos.com.ar\/web\/wp-json\/wp\/v2\/media\/10753"}],"wp:attachment":[{"href":"https:\/\/gracelandjuegos.com.ar\/web\/wp-json\/wp\/v2\/media?parent=10760"}],"wp:term":[{"taxonomy":"product_brand","embeddable":true,"href":"https:\/\/gracelandjuegos.com.ar\/web\/wp-json\/wp\/v2\/product_brand?post=10760"},{"taxonomy":"product_cat","embeddable":true,"href":"https:\/\/gracelandjuegos.com.ar\/web\/wp-json\/wp\/v2\/product_cat?post=10760"},{"taxonomy":"product_tag","embeddable":true,"href":"https:\/\/gracelandjuegos.com.ar\/web\/wp-json\/wp\/v2\/product_tag?post=10760"}],"curies":[{"name":"wp","href":"https:\/\/api.w.org\/{rel}","templated":true}]}}