{"id":10759,"date":"2024-04-24T16:49:44","date_gmt":"2024-04-24T19:49:44","guid":{"rendered":"https:\/\/gracelandjuegos.com.ar\/web\/?post_type=product&#038;p=10759"},"modified":"2026-02-17T20:33:46","modified_gmt":"2026-02-17T23:33:46","slug":"sushi-go","status":"publish","type":"product","link":"https:\/\/gracelandjuegos.com.ar\/web\/product\/sushi-go\/","title":{"rendered":"Sushi Go!"},"content":{"rendered":"<p id=\"tw-target-text\" class=\"tw-data-text tw-text-large tw-ta\" dir=\"ltr\" data-placeholder=\"Traducci\u00f3n\" aria-label=\"Texto traducido\" data-ved=\"2ahUKEwijwKOUzduFAxWMppUCHUgSAKMQ3ewLegQIBRAU\"><span class=\"Y2IQFc\" lang=\"es\">En Sushi Go!, un juego r\u00e1pido y sencillo de drafting, est\u00e1s comiendo en un restaurante de sushi y tratando de elegir la mejor combinaci\u00f3n de piezas a medida que desfilan por tu mesa. Gan\u00e1 puntos por juntar la mayor cantidad de rolls o por hacer un juego completo de sashimi. \u00a1Ponele wasabi a tu nigiri favorito para triplicar su valor! <\/span><span class=\"Y2IQFc\" lang=\"es\">Y una vez que te hayas comido todo, \u00a1termin\u00e1 tu comida con todo el pud\u00edn que puedas comer!. <\/span><span class=\"Y2IQFc\" lang=\"es\">Pero ten\u00e9 cuidado con el sushi que dej\u00e1s pasar para que tomen tus oponentes, \u00a1Podr\u00eda ser justo lo que necesitan para vencerte! <\/span><\/p>\n<p class=\"tw-data-text tw-text-large tw-ta\" dir=\"ltr\" data-placeholder=\"Traducci\u00f3n\" aria-label=\"Texto traducido\" data-ved=\"2ahUKEwijwKOUzduFAxWMppUCHUgSAKMQ3ewLegQIBRAU\"><span class=\"Y2IQFc\" lang=\"es\">Sushi Go! toma el mecanismo drafting de cartas y lo resume en un juego de 15 o 20 minutos al que cualquiera puede jugar. La din\u00e1mica de elegir una carta y pasar el resto est\u00e1 en primer plano, manteniendo las reglas al m\u00ednimo. Cuando veas las primeras manos de cartas, vas a tener que evaluar r\u00e1pidamente la composici\u00f3n de la ronda y decidir qu\u00e9 tipo de sushi vas a preferir. Turno a turno vas a tener que ir evaluando qu\u00e9 cartas agarrar y cu\u00e1les dejar pasar, pensando si es m\u00e1s conveniente juntar m\u00e1s puntos o evitar que alguno de tus oponentes agarre la carta que m\u00e1s necesita. Ronda tras ronda, \u00a1tambi\u00e9n ten\u00e9s que estar atento al objetivo de tener la mayor cantidad de cartas de pud\u00edn al final del juego!<\/span><\/p>\n<p>&nbsp;<\/p>\n","protected":false},"excerpt":{"rendered":"<p>G\u00e9nero: Familiar.<br \/>\nCategor\u00edas: Gastronom\u00eda, Comida, Cartas, Drafting, Colecciones.<br \/>\nDise\u00f1ado Por: Phil Walker-Harding<br \/>\nEditorial: Devir<br \/>\nEdad M\u00ednima Recomendada: 8 A\u00f1os<br \/>\nDificultad: 1,16\/5<br \/>\nN\u00ba de Jugadores: 2 a 5<br \/>\nDuraci\u00f3n Promedio de la Partida: 15 Minutos<br \/>\nIdioma: Espa\u00f1ol<\/p>\n","protected":false},"featured_media":10754,"comment_status":"closed","ping_status":"closed","template":"","meta":[],"product_brand":[],"product_cat":[339,243,329],"product_tag":[],"class_list":{"0":"post-10759","1":"product","2":"type-product","3":"status-publish","4":"has-post-thumbnail","6":"product_cat-devir","7":"product_cat-juegos-de-mesa","8":"product_cat-recomendados","10":"first","11":"outofstock","12":"shipping-taxable","13":"purchasable","14":"product-type-simple"},"_links":{"self":[{"href":"https:\/\/gracelandjuegos.com.ar\/web\/wp-json\/wp\/v2\/product\/10759","targetHints":{"allow":["GET"]}}],"collection":[{"href":"https:\/\/gracelandjuegos.com.ar\/web\/wp-json\/wp\/v2\/product"}],"about":[{"href":"https:\/\/gracelandjuegos.com.ar\/web\/wp-json\/wp\/v2\/types\/product"}],"replies":[{"embeddable":true,"href":"https:\/\/gracelandjuegos.com.ar\/web\/wp-json\/wp\/v2\/comments?post=10759"}],"wp:featuredmedia":[{"embeddable":true,"href":"https:\/\/gracelandjuegos.com.ar\/web\/wp-json\/wp\/v2\/media\/10754"}],"wp:attachment":[{"href":"https:\/\/gracelandjuegos.com.ar\/web\/wp-json\/wp\/v2\/media?parent=10759"}],"wp:term":[{"taxonomy":"product_brand","embeddable":true,"href":"https:\/\/gracelandjuegos.com.ar\/web\/wp-json\/wp\/v2\/product_brand?post=10759"},{"taxonomy":"product_cat","embeddable":true,"href":"https:\/\/gracelandjuegos.com.ar\/web\/wp-json\/wp\/v2\/product_cat?post=10759"},{"taxonomy":"product_tag","embeddable":true,"href":"https:\/\/gracelandjuegos.com.ar\/web\/wp-json\/wp\/v2\/product_tag?post=10759"}],"curies":[{"name":"wp","href":"https:\/\/api.w.org\/{rel}","templated":true}]}}