{"id":10756,"date":"2024-04-24T16:33:02","date_gmt":"2024-04-24T19:33:02","guid":{"rendered":"https:\/\/gracelandjuegos.com.ar\/web\/?post_type=product&#038;p=10756"},"modified":"2026-02-17T20:34:00","modified_gmt":"2026-02-17T23:34:00","slug":"mindbug","status":"publish","type":"product","link":"https:\/\/gracelandjuegos.com.ar\/web\/product\/mindbug\/","title":{"rendered":"Mindbug"},"content":{"rendered":"<p>Convoc\u00e1 criaturas \u00fanicas y usalas para combatir y vencer a tu oponente en un duelo de alta intensidad estrat\u00e9gica. Pero ojo, porque en cualquier momento tu rival puede usar uno de sus Mindbug para tomar el control de tus monstruos. Obra del legendario Richard Garfield, creador entre otros muchos juegos del c\u00e9lebre <i>Magic: The Gathering<\/i>\u00a0o\u00a0<i>King<\/i>\u00a0<i>of Tokyo<\/i>, Mindbug es un juego de cartas para dos jugadores, a partir de 8 a\u00f1os, que permite partidas de entre 15 y 25 minutos.<\/p>\n<p>Para empezar a jugar solo hace falta mezclar y repartir. Cada jugador recibe 5 cartas, listas para jugar en la mano, y 5 m\u00e1s que se reservan boca abajo. Este conjunto de 10 cartas forma el plantel de criaturas que pod\u00e9s usar en la batalla con el objetivo de derrotar a tu rival. A continuaci\u00f3n, cada jugador toma tres cartas m\u00e1s boca abajo que servir\u00e1n como marcadores de puntos de vida. Finalmente, cada jugador toma dos cartas de Mindbug.<\/p>\n<p>En su turno, los jugadores pueden jugar una carta o atacar con una criatura. Si optan por la primera opci\u00f3n, deber\u00e1n bajar una de las cartas de la mano a la zona de juego. A continuaci\u00f3n, el rival deber\u00e1 decidir si usa uno de sus Mindbug. En el caso de que decida hacerlo, tomar\u00e1 el control de la criatura y resolver\u00e1 sus efectos como si la acabase de jugar desde su mano. A cambio, el jugador activo que ha perdido el control de su carta puede volver a jugar un turno. Por otro lado, si el jugador decide atacar, deber\u00e1 elegir una de las cartas de la zona de juego para luchar. El oponente deber\u00e1 seleccionar una de sus criaturas para bloquear el golpe o perder una vida. Si se enfrentan dos monstruos, ganar\u00e1 el que tenga el valor de poder m\u00e1s alto. Y si uno de los jugadores pierde sus 3 puntos de vida\u2026 \u00a1La partida termina!<\/p>\n<p>Las cartas que forman el juego tienen habilidades distintas que se adaptan a infinitas estrategias. El frenes\u00ed permite a un monstruo atacar dos veces, el sigilo hace que solo otras criaturas sigilosas le puedan bloquear, los cazadores pueden atacar a cartas del oponente\u2026 En una sola partida ambos jugadores solo usan 20 cartas (10 cada uno), con lo que siempre quedar\u00e1n criaturas fuera y, por tanto, las combinaciones de monstruos ser\u00e1n \u00fanicas y aleatorias en cada duelo.<\/p>\n<p>Mindbug combina la accesibilidad y el equilibrio de todo juego de cartas con la profundidad de un juego estrat\u00e9gico. El resultado es un duelo de habilidad con un punto bizarro que no se parece a ning\u00fan otro juego de cartas que hayas probado.<\/p>\n<p>Aunque sea muy f\u00e1cil aprender y empezar a jugar, Mindbug har\u00e1 volar tu mente con la cantidad de combos que ofrece. Una de las mec\u00e1nicas m\u00e1s especiales del juego te permite controlar las cartas de tu rival, con lo que incluso los m\u00e1s veteranos deber\u00e1n adaptarse a cada situaci\u00f3n si quieren ganar. No solo juegas con tus 10 cartas, tambi\u00e9n lo haces con las del rival. Y no basta con tener las mejores cartas\u2026 \u00a1Si no saber cu\u00e1ndo hay que jugarlas!<\/p>\n","protected":false},"excerpt":{"rendered":"<p>G\u00e9nero: Familiar, Estrategia.<br \/>\nCategor\u00edas: Cartas, Fantas\u00eda, Gesti\u00f3n de Mano, Bluffing, Poderes Variables.<br \/>\nDise\u00f1ado Por: Skaff Elias, Richard Garfield, Marvin Hegen, Christian Kudahl<br \/>\nEditorial: Devir<br \/>\nEdad M\u00ednima Recomendada: 8 A\u00f1os<br \/>\nDificultad: 1,95\/5<br \/>\nN\u00ba de Jugadores: 2<br \/>\nDuraci\u00f3n Promedio de la Partida: 15 Minutos<br \/>\nIdioma: Espa\u00f1ol<\/p>\n","protected":false},"featured_media":10755,"comment_status":"closed","ping_status":"closed","template":"","meta":[],"product_brand":[],"product_cat":[339,243,328,329],"product_tag":[],"class_list":{"0":"post-10756","1":"product","2":"type-product","3":"status-publish","4":"has-post-thumbnail","6":"product_cat-devir","7":"product_cat-juegos-de-mesa","8":"product_cat-novedades","9":"product_cat-recomendados","11":"first","12":"instock","13":"shipping-taxable","14":"purchasable","15":"product-type-simple"},"_links":{"self":[{"href":"https:\/\/gracelandjuegos.com.ar\/web\/wp-json\/wp\/v2\/product\/10756","targetHints":{"allow":["GET"]}}],"collection":[{"href":"https:\/\/gracelandjuegos.com.ar\/web\/wp-json\/wp\/v2\/product"}],"about":[{"href":"https:\/\/gracelandjuegos.com.ar\/web\/wp-json\/wp\/v2\/types\/product"}],"replies":[{"embeddable":true,"href":"https:\/\/gracelandjuegos.com.ar\/web\/wp-json\/wp\/v2\/comments?post=10756"}],"wp:featuredmedia":[{"embeddable":true,"href":"https:\/\/gracelandjuegos.com.ar\/web\/wp-json\/wp\/v2\/media\/10755"}],"wp:attachment":[{"href":"https:\/\/gracelandjuegos.com.ar\/web\/wp-json\/wp\/v2\/media?parent=10756"}],"wp:term":[{"taxonomy":"product_brand","embeddable":true,"href":"https:\/\/gracelandjuegos.com.ar\/web\/wp-json\/wp\/v2\/product_brand?post=10756"},{"taxonomy":"product_cat","embeddable":true,"href":"https:\/\/gracelandjuegos.com.ar\/web\/wp-json\/wp\/v2\/product_cat?post=10756"},{"taxonomy":"product_tag","embeddable":true,"href":"https:\/\/gracelandjuegos.com.ar\/web\/wp-json\/wp\/v2\/product_tag?post=10756"}],"curies":[{"name":"wp","href":"https:\/\/api.w.org\/{rel}","templated":true}]}}