{"id":10735,"date":"2023-08-05T12:38:55","date_gmt":"2023-08-05T15:38:55","guid":{"rendered":"https:\/\/gracelandjuegos.com.ar\/web\/?post_type=product&#038;p=10735"},"modified":"2025-09-10T15:47:14","modified_gmt":"2025-09-10T18:47:14","slug":"bang","status":"publish","type":"product","link":"https:\/\/gracelandjuegos.com.ar\/web\/product\/bang\/","title":{"rendered":"Bang!"},"content":{"rendered":"<p>Los Forajidos cazan al Sheriff. El Sheriff caza a los Forajidos. El Renegado conspira en secreto, listo para tomar un bando o el otro. Las balas vuelan. \u00bfSer\u00e1s un pistolero dispuesto a sacrificarte por el Sheriff?. Forajido despiadado, \u00bfest\u00e1s dispuesto a matarlo?<\/p>\n<p id=\"tw-target-text\" class=\"tw-data-text tw-text-large tw-ta\" dir=\"ltr\" data-placeholder=\"Traducci\u00f3n\"><span class=\"Y2IQFc\" lang=\"es\">\u00a1BANG!, recrea un tiroteo al viejo estilo spaghetti western, en el que cada jugador recibe aleatoriamente una carta de personaje para determinar sus habilidades especiales y una carta de rol secreta para determinar su objetivo. <\/span><\/p>\n<p class=\"tw-data-text tw-text-large tw-ta\" dir=\"ltr\" data-placeholder=\"Traducci\u00f3n\"><span class=\"Y2IQFc\" lang=\"es\">Hay cuatro roles diferentes disponibles, cada uno con una condici\u00f3n de victoria \u00fanica: <\/span><\/p>\n<ul>\n<li class=\"tw-data-text tw-text-large tw-ta\" dir=\"ltr\" data-placeholder=\"Traducci\u00f3n\"><span class=\"Y2IQFc\" lang=\"es\">Sheriff: mata a todos los forajidos y al renegado.<\/span><\/li>\n<li class=\"tw-data-text tw-text-large tw-ta\" dir=\"ltr\" data-placeholder=\"Traducci\u00f3n\"><span class=\"Y2IQFc\" lang=\"es\">Alguacil: protege al sheriff y mata a los forajidos. <\/span><\/li>\n<li class=\"tw-data-text tw-text-large tw-ta\" dir=\"ltr\" data-placeholder=\"Traducci\u00f3n\"><span class=\"Y2IQFc\" lang=\"es\">Forajido: mata al Sheriff <\/span><\/li>\n<li class=\"tw-data-text tw-text-large tw-ta\" dir=\"ltr\" data-placeholder=\"Traducci\u00f3n\"><span class=\"Y2IQFc\" lang=\"es\">Renegado: s\u00e9 la \u00faltima persona en pie.<\/span><\/li>\n<\/ul>\n<p><span class=\"Y2IQFc\" lang=\"es\">El rol de un jugador se mantiene en secreto, a excepci\u00f3n del Sheriff. Las cartas de personaje se colocan boca arriba en la mesa y tambi\u00e9n registran la fuerza (l\u00edmite de mano) adem\u00e1s de la habilidad especial.<\/span><\/p>\n","protected":false},"excerpt":{"rendered":"<p>G\u00e9nero: Tem\u00e1tico, Party.<br \/>\nCategor\u00edas: Lejano Oeste, Bluffing, Cartas, Deducci\u00f3n, Combate, Manejo de Mano, Roles Ocultos.<br \/>\nDise\u00f1ado Por: Emiliano Sciarra<br \/>\nEditorial: Top Toys<br \/>\nEdad M\u00ednima Recomendada: 8 A\u00f1os<br \/>\nDificultad: 1.63\/5<br \/>\nN\u00ba de Jugadores: 4 a 7<br \/>\nDuraci\u00f3n Promedio de la Partida: 30 Minutos<br \/>\nIdioma: Espa\u00f1ol<\/p>\n","protected":false},"featured_media":10724,"comment_status":"closed","ping_status":"closed","template":"","meta":[],"product_brand":[],"product_cat":[243,328,351],"product_tag":[],"class_list":{"0":"post-10735","1":"product","2":"type-product","3":"status-publish","4":"has-post-thumbnail","6":"product_cat-juegos-de-mesa","7":"product_cat-novedades","8":"product_cat-top-toys","10":"first","11":"instock","12":"shipping-taxable","13":"purchasable","14":"product-type-simple"},"_links":{"self":[{"href":"https:\/\/gracelandjuegos.com.ar\/web\/wp-json\/wp\/v2\/product\/10735","targetHints":{"allow":["GET"]}}],"collection":[{"href":"https:\/\/gracelandjuegos.com.ar\/web\/wp-json\/wp\/v2\/product"}],"about":[{"href":"https:\/\/gracelandjuegos.com.ar\/web\/wp-json\/wp\/v2\/types\/product"}],"replies":[{"embeddable":true,"href":"https:\/\/gracelandjuegos.com.ar\/web\/wp-json\/wp\/v2\/comments?post=10735"}],"wp:featuredmedia":[{"embeddable":true,"href":"https:\/\/gracelandjuegos.com.ar\/web\/wp-json\/wp\/v2\/media\/10724"}],"wp:attachment":[{"href":"https:\/\/gracelandjuegos.com.ar\/web\/wp-json\/wp\/v2\/media?parent=10735"}],"wp:term":[{"taxonomy":"product_brand","embeddable":true,"href":"https:\/\/gracelandjuegos.com.ar\/web\/wp-json\/wp\/v2\/product_brand?post=10735"},{"taxonomy":"product_cat","embeddable":true,"href":"https:\/\/gracelandjuegos.com.ar\/web\/wp-json\/wp\/v2\/product_cat?post=10735"},{"taxonomy":"product_tag","embeddable":true,"href":"https:\/\/gracelandjuegos.com.ar\/web\/wp-json\/wp\/v2\/product_tag?post=10735"}],"curies":[{"name":"wp","href":"https:\/\/api.w.org\/{rel}","templated":true}]}}