{"id":10733,"date":"2023-08-05T12:37:35","date_gmt":"2023-08-05T15:37:35","guid":{"rendered":"https:\/\/gracelandjuegos.com.ar\/web\/?post_type=product&#038;p=10733"},"modified":"2024-09-18T09:19:46","modified_gmt":"2024-09-18T12:19:46","slug":"rabbitz-robots","status":"publish","type":"product","link":"https:\/\/gracelandjuegos.com.ar\/web\/product\/rabbitz-robots\/","title":{"rendered":"Rabbitz &amp; Robots"},"content":{"rendered":"<p>A\u00f1o 30175<\/p>\n<p>Desde hace miles de a\u00f1os, la destrucci\u00f3n de ecosistemas naturales y la contaminaci\u00f3n han convertido el planeta en un lugar desolado y pr\u00e1cticamente inhabitable. Mientras que las especies menos afortunadas se han extinguido, otras nos adaptamos y evolucionamos en uni\u00f3n con la Huerta, el \u00faltimo pulm\u00f3n verde, nuestro hogar. En la Huerta, hortalizas de todos los colores trabajan unidas para proteger la tierra que les da la vida. Pero se acerca la primavera y como cada a\u00f1o, el miedo se apodera de la Huerta&#8230; \u00a1Los RabbitZ!, una temible horda de conejos zombis mutantes, salen de su madriguera con un \u00fanico objetivo&#8230; \u00a1COMER!<\/p>\n<p>\u00a1Pilote\u00e1 tu robot, consegu\u00ed poderosas armas y defend\u00e9 la huerta de la invasi\u00f3n de los RabbitZ!<br \/>\nSi al final de la invasi\u00f3n eres el jugador con menos puntos negativos en su Huerto, ser\u00e1s el ganador.<\/p>\n","protected":false},"excerpt":{"rendered":"<p>G\u00e9nero: Familiar.<br \/>\nCategor\u00edas: Animales, Zombies, Cartas, Manejo de Mano, Solitario.<br \/>\nDise\u00f1ado Por: Lorena Gestido, Javier Mart\u00ednez<br \/>\nEditorial: Top Toys<br \/>\nEdad M\u00ednima Recomendada: 10 A\u00f1os<br \/>\nDificultad: 1.80\/5<br \/>\nN\u00ba de Jugadores: 1 a 5<br \/>\nDuraci\u00f3n Promedio de la Partida: 20 Minutos<br \/>\nIdioma: Espa\u00f1ol<\/p>\n","protected":false},"featured_media":10728,"comment_status":"closed","ping_status":"closed","template":"","meta":[],"product_brand":[],"product_cat":[243,351],"product_tag":[],"class_list":{"0":"post-10733","1":"product","2":"type-product","3":"status-publish","4":"has-post-thumbnail","6":"product_cat-juegos-de-mesa","7":"product_cat-top-toys","9":"first","10":"outofstock","11":"shipping-taxable","12":"purchasable","13":"product-type-simple"},"_links":{"self":[{"href":"https:\/\/gracelandjuegos.com.ar\/web\/wp-json\/wp\/v2\/product\/10733","targetHints":{"allow":["GET"]}}],"collection":[{"href":"https:\/\/gracelandjuegos.com.ar\/web\/wp-json\/wp\/v2\/product"}],"about":[{"href":"https:\/\/gracelandjuegos.com.ar\/web\/wp-json\/wp\/v2\/types\/product"}],"replies":[{"embeddable":true,"href":"https:\/\/gracelandjuegos.com.ar\/web\/wp-json\/wp\/v2\/comments?post=10733"}],"wp:featuredmedia":[{"embeddable":true,"href":"https:\/\/gracelandjuegos.com.ar\/web\/wp-json\/wp\/v2\/media\/10728"}],"wp:attachment":[{"href":"https:\/\/gracelandjuegos.com.ar\/web\/wp-json\/wp\/v2\/media?parent=10733"}],"wp:term":[{"taxonomy":"product_brand","embeddable":true,"href":"https:\/\/gracelandjuegos.com.ar\/web\/wp-json\/wp\/v2\/product_brand?post=10733"},{"taxonomy":"product_cat","embeddable":true,"href":"https:\/\/gracelandjuegos.com.ar\/web\/wp-json\/wp\/v2\/product_cat?post=10733"},{"taxonomy":"product_tag","embeddable":true,"href":"https:\/\/gracelandjuegos.com.ar\/web\/wp-json\/wp\/v2\/product_tag?post=10733"}],"curies":[{"name":"wp","href":"https:\/\/api.w.org\/{rel}","templated":true}]}}